{"id":132836,"date":"2024-01-03T15:52:57","date_gmt":"2024-01-03T14:52:57","guid":{"rendered":"https:\/\/namaki.fr\/produit\/vernis-a-l-eau-rose-pale-110235\/"},"modified":"2026-01-05T10:09:12","modified_gmt":"2026-01-05T09:09:12","slug":"kindernagellack-einzeln-hellrosa","status":"publish","type":"product","link":"https:\/\/namaki.fr\/de\/produit\/vernis-a-leau-a-lunite-rose-pale\/","title":{"rendered":"Kindernagellack einzeln \u2022 Hellrosa"},"content":{"rendered":"<p>Willkommen in der zarten und glitzernden Welt von Namaki mit unserem Kindernagellack in Hellrosa! Verw\u00f6hnen Sie die Fingern\u00e4gel mit dieser zarten Nuance, die einen sanften Perlmuttschimmer besitzt. Das Auftragen des Nagellacks ist eine sanfte Streicheleinheit f\u00fcr die N\u00e4gel der Kinder.<\/p>\n<ul>\n<li>Einfaches Auftragen: Unser kleiner Pinsel ist speziell f\u00fcr Kindern\u00e4gel entwickelt worden.<\/li>\n<li>Schnell trocknend: In nur wenigen Minuten k\u00f6nnen die Kinder ihre Aktivit\u00e4ten wieder aufnehmen.<\/li>\n<li>Wasserfest: Im Gegensatz zu manch anderen wasserbasierten Nagellacken h\u00e4lt unser Kindernagellack auch Handw\u00e4schen stand oder wenn die Finger in den Mund genommen werden.<\/li>\n<li>Abziehbar: Kein \u00c4rger mehr mit Nagellackentferner, unser Nagellack l\u00e4sst sich wie ein Aufkleber abziehen.<\/li>\n<li>Kinderfreundlich: Unsere Formel auf Wasserbasis schlie\u00dft sch\u00e4dliche Inhaltsstoffe wie Parabene, Formaldehyd, Phthalate, Toluol und Campher aus. Au\u00dferdem enth\u00e4lt sie keine L\u00f6sungsmittel und besitzt keinen unangenehmen Geruch.<\/li>\n<\/ul>\n<p>&nbsp;<\/p>","protected":false},"excerpt":{"rendered":"<p>Willkommen in der zarten und glitzernden Welt von Namaki mit unserem Kindernagellack in Hellrosa! Verw\u00f6hnen Sie die Fingern\u00e4gel mit dieser zarten Nuance, die einen sanften Perlmuttschimmer besitzt. Das Auftragen des Nagellacks ist eine sanfte Streicheleinheit f\u00fcr die N\u00e4gel der Kinder.<\/p>","protected":false},"featured_media":132837,"comment_status":"closed","ping_status":"closed","template":"","meta":{"_acf_changed":false},"product_brand":[],"product_cat":[63,35,36],"product_tag":[],"class_list":{"0":"post-132836","1":"product","2":"type-product","3":"status-publish","4":"has-post-thumbnail","6":"product_cat-vernis-eau","7":"product_cat-maquillage-enfant","8":"product_cat-univers-occasions","9":"pa_points-forts-18-teintes-disponibles","10":"pa_points-forts-senleve-comme-un-autocollant","11":"pa_points-forts-vernis-a-base-deau","13":"first","14":"instock","15":"taxable","16":"shipping-taxable","17":"purchasable","18":"product-type-simple"},"gallery_images":[132838,132839,133710,132840],"acf":[],"_links":{"self":[{"href":"https:\/\/namaki.fr\/de\/wp-json\/wp\/v2\/product\/132836","targetHints":{"allow":["GET"]}}],"collection":[{"href":"https:\/\/namaki.fr\/de\/wp-json\/wp\/v2\/product"}],"about":[{"href":"https:\/\/namaki.fr\/de\/wp-json\/wp\/v2\/types\/product"}],"replies":[{"embeddable":true,"href":"https:\/\/namaki.fr\/de\/wp-json\/wp\/v2\/comments?post=132836"}],"wp:featuredmedia":[{"embeddable":true,"href":"https:\/\/namaki.fr\/de\/wp-json\/wp\/v2\/media\/132837"}],"wp:attachment":[{"href":"https:\/\/namaki.fr\/de\/wp-json\/wp\/v2\/media?parent=132836"}],"wp:term":[{"taxonomy":"product_brand","embeddable":true,"href":"https:\/\/namaki.fr\/de\/wp-json\/wp\/v2\/product_brand?post=132836"},{"taxonomy":"product_cat","embeddable":true,"href":"https:\/\/namaki.fr\/de\/wp-json\/wp\/v2\/product_cat?post=132836"},{"taxonomy":"product_tag","embeddable":true,"href":"https:\/\/namaki.fr\/de\/wp-json\/wp\/v2\/product_tag?post=132836"}],"curies":[{"name":"wp","href":"https:\/\/api.w.org\/{rel}","templated":true}]}}