{"id":132856,"date":"2024-01-03T15:53:05","date_gmt":"2024-01-03T14:53:05","guid":{"rendered":"https:\/\/namaki.fr\/produit\/coffret-3-vernis-douceurs-givrees-110924\/"},"modified":"2026-01-05T10:07:29","modified_gmt":"2026-01-05T09:07:29","slug":"kindernagellack-3er-set-eisfarben","status":"publish","type":"product","link":"https:\/\/namaki.fr\/de\/produit\/coffret-3-vernis-douceurs-givrees\/","title":{"rendered":"Kindernagellack 3er Set Eisfarben"},"content":{"rendered":"<p>Machen Sie sich bereit, in eine verschneite Traumwelt voller Magie einzutauchen \u2013 mit dem 3er-Set Kindernagellack in Eisfarben von Namaki! Diese Nagellacke werden Sie vor Freude schmelzen lassen.<\/p>\n<ul>\n<li>Einfaches Auftragen: Unser kleiner Pinsel ist speziell f\u00fcr Kindern\u00e4gel entwickelt worden.<\/li>\n<li>Schnell trocknend: In nur wenigen Minuten k\u00f6nnen die Kinder ihre Aktivit\u00e4ten wieder aufnehmen.<\/li>\n<li>Wasserfest: Im Gegensatz zu manch anderen wasserbasierten Nagellacken h\u00e4lt unser Kindernagellack auch Handw\u00e4schen stand oder wenn die Finger in den Mund genommen werden.<\/li>\n<li>Abziehbar: Kein \u00c4rger mehr mit Nagellackentferner, unser Nagellack l\u00e4sst sich wie ein Aufkleber abziehen.<\/li>\n<li>Kinderfreundlich: Unsere Formel auf Wasserbasis schlie\u00dft sch\u00e4dliche Inhaltsstoffe wie Parabene, Formaldehyd, Phthalate, Toluol und Campher aus. Au\u00dferdem enth\u00e4lt sie keine L\u00f6sungsmittel und besitzt keinen unangenehmen Geruch.<\/li>\n<\/ul>\n<p>&nbsp;<\/p>","protected":false},"excerpt":{"rendered":"<p>Das 3er Set mit Kindernagellack in Eisfarben entf\u00fchrt Sie in ein Winterm\u00e4rchen, in dem die N\u00e4gel Ihrer Liebsten die Hauptrolle spielen.<\/p>","protected":false},"featured_media":132857,"comment_status":"closed","ping_status":"closed","template":"","meta":{"_acf_changed":false},"product_brand":[],"product_cat":[63,35,36,49,62],"product_tag":[],"class_list":{"0":"post-132856","1":"product","2":"type-product","3":"status-publish","4":"has-post-thumbnail","6":"product_cat-vernis-eau","7":"product_cat-maquillage-enfant","8":"product_cat-univers-occasions","9":"product_cat-maquillage-noel-nouvel-an","10":"product_cat-trousses-et-coffrets-maquillage-enfant","11":"pa_points-forts-6-assortiments-disponibles","12":"pa_points-forts-senleve-comme-un-autocollant","13":"pa_points-forts-vernis-a-base-deau","15":"first","16":"instock","17":"featured","18":"taxable","19":"shipping-taxable","20":"purchasable","21":"product-type-simple"},"gallery_images":[132858,132859,132860,132861,132862,132863],"acf":[],"_links":{"self":[{"href":"https:\/\/namaki.fr\/de\/wp-json\/wp\/v2\/product\/132856","targetHints":{"allow":["GET"]}}],"collection":[{"href":"https:\/\/namaki.fr\/de\/wp-json\/wp\/v2\/product"}],"about":[{"href":"https:\/\/namaki.fr\/de\/wp-json\/wp\/v2\/types\/product"}],"replies":[{"embeddable":true,"href":"https:\/\/namaki.fr\/de\/wp-json\/wp\/v2\/comments?post=132856"}],"wp:featuredmedia":[{"embeddable":true,"href":"https:\/\/namaki.fr\/de\/wp-json\/wp\/v2\/media\/132857"}],"wp:attachment":[{"href":"https:\/\/namaki.fr\/de\/wp-json\/wp\/v2\/media?parent=132856"}],"wp:term":[{"taxonomy":"product_brand","embeddable":true,"href":"https:\/\/namaki.fr\/de\/wp-json\/wp\/v2\/product_brand?post=132856"},{"taxonomy":"product_cat","embeddable":true,"href":"https:\/\/namaki.fr\/de\/wp-json\/wp\/v2\/product_cat?post=132856"},{"taxonomy":"product_tag","embeddable":true,"href":"https:\/\/namaki.fr\/de\/wp-json\/wp\/v2\/product_tag?post=132856"}],"curies":[{"name":"wp","href":"https:\/\/api.w.org\/{rel}","templated":true}]}}