{"id":132864,"date":"2024-01-03T15:53:05","date_gmt":"2024-01-03T14:53:05","guid":{"rendered":"https:\/\/namaki.fr\/produit\/coffret-3-vernis-aurore-boreale-110925\/"},"modified":"2026-01-05T10:07:40","modified_gmt":"2026-01-05T09:07:40","slug":"kindernagellack-3er-set-polarlicht","status":"publish","type":"product","link":"https:\/\/namaki.fr\/de\/produit\/coffret-3-vernis-aurore-boreale\/","title":{"rendered":"Kindernagellack 3er Set Polarlicht"},"content":{"rendered":"<p>Machen Sie sich bereit f\u00fcr ein glitzerndes Abenteuer mit dem 3er-Set Kindernagellack Polarlicht von Namaki! Lassen Sie Ihrer Kreativit\u00e4t freien Lauf und lassen Sie sich in ferne Weiten tragen, in denen das Nordlicht geheimnisvoll leuchtet.<\/p>\n<ul>\n<li>Einfaches Auftragen: Unser kleiner Pinsel ist speziell f\u00fcr Kindern\u00e4gel entwickelt worden.<\/li>\n<li>Schnell trocknend: In nur wenigen Minuten k\u00f6nnen die Kinder ihre Aktivit\u00e4ten wieder aufnehmen.<\/li>\n<li>Wasserfest: Im Gegensatz zu manch anderen wasserbasierten Nagellacken h\u00e4lt unser Kindernagellack auch Handw\u00e4schen stand oder wenn die Finger in den Mund genommen werden.<\/li>\n<li>Abziehbar: Kein \u00c4rger mehr mit Nagellackentferner, unser Nagellack l\u00e4sst sich wie ein Aufkleber abziehen.<\/li>\n<li>Kinderfreundlich: Unsere Formel auf Wasserbasis schlie\u00dft sch\u00e4dliche Inhaltsstoffe wie Parabene, Formaldehyd, Phthalate, Toluol und Campher aus. Au\u00dferdem enth\u00e4lt sie keine L\u00f6sungsmittel und besitzt keinen unangenehmen Geruch.<\/li>\n<\/ul>\n<p>&nbsp;<\/p>","protected":false},"excerpt":{"rendered":"<p>Tauchen Sie ein in die schillernde Welt des 3er-Sets Kindernagellack Polarlicht von Namaki. Die Farben Karibik, Electric Blue und Glitzer Violett nehmen Sie mit auf eine Reise zu den Polarlichtern, wo tanzende Lichtstrahlen den Nachthimmel erleuchten.<\/p>","protected":false},"featured_media":132865,"comment_status":"closed","ping_status":"closed","template":"","meta":{"_acf_changed":false},"product_brand":[],"product_cat":[62,35,36,49,63],"product_tag":[],"class_list":{"0":"post-132864","1":"product","2":"type-product","3":"status-publish","4":"has-post-thumbnail","6":"product_cat-trousses-et-coffrets-maquillage-enfant","7":"product_cat-maquillage-enfant","8":"product_cat-univers-occasions","9":"product_cat-maquillage-noel-nouvel-an","10":"product_cat-vernis-eau","11":"pa_certifications-vegan","12":"pa_points-forts-6-assortiments-disponibles","13":"pa_points-forts-senleve-comme-un-autocollant","14":"pa_points-forts-vernis-a-base-deau","16":"first","17":"instock","18":"taxable","19":"shipping-taxable","20":"purchasable","21":"product-type-simple"},"gallery_images":[132866,132867,132868,147449,132869,132870],"acf":[],"_links":{"self":[{"href":"https:\/\/namaki.fr\/de\/wp-json\/wp\/v2\/product\/132864","targetHints":{"allow":["GET"]}}],"collection":[{"href":"https:\/\/namaki.fr\/de\/wp-json\/wp\/v2\/product"}],"about":[{"href":"https:\/\/namaki.fr\/de\/wp-json\/wp\/v2\/types\/product"}],"replies":[{"embeddable":true,"href":"https:\/\/namaki.fr\/de\/wp-json\/wp\/v2\/comments?post=132864"}],"wp:featuredmedia":[{"embeddable":true,"href":"https:\/\/namaki.fr\/de\/wp-json\/wp\/v2\/media\/132865"}],"wp:attachment":[{"href":"https:\/\/namaki.fr\/de\/wp-json\/wp\/v2\/media?parent=132864"}],"wp:term":[{"taxonomy":"product_brand","embeddable":true,"href":"https:\/\/namaki.fr\/de\/wp-json\/wp\/v2\/product_brand?post=132864"},{"taxonomy":"product_cat","embeddable":true,"href":"https:\/\/namaki.fr\/de\/wp-json\/wp\/v2\/product_cat?post=132864"},{"taxonomy":"product_tag","embeddable":true,"href":"https:\/\/namaki.fr\/de\/wp-json\/wp\/v2\/product_tag?post=132864"}],"curies":[{"name":"wp","href":"https:\/\/api.w.org\/{rel}","templated":true}]}}