{"id":132871,"date":"2024-01-03T15:53:05","date_gmt":"2024-01-03T14:53:05","guid":{"rendered":"https:\/\/namaki.fr\/produit\/coffret-3-vernis-rose-eternelles-110926\/"},"modified":"2026-01-05T10:07:50","modified_gmt":"2026-01-05T09:07:50","slug":"kindernagellack-3er-set-ewige-liebe","status":"publish","type":"product","link":"https:\/\/namaki.fr\/de\/produit\/coffret-3-vernis-rose-eternelles\/","title":{"rendered":"Kindernagellack 3er Set Ewige Liebe"},"content":{"rendered":"<p>Treten Sie mit dem 3 Kindernagellacken \"Ewige Liebe\" von Namaki in einen verzauberten Garten ein! Hier entdecken Sie Farbt\u00f6ne, die so sch\u00f6n wie zarte Rosen sind.<\/p>\n<ul>\n<li>Einfaches Auftragen: Unser kleiner Pinsel ist speziell f\u00fcr Kindern\u00e4gel entwickelt worden.<\/li>\n<li>Schnell trocknend: In nur wenigen Minuten k\u00f6nnen die Kinder ihre Aktivit\u00e4ten wieder aufnehmen.<\/li>\n<li>Wasserfest: Im Gegensatz zu manch anderen wasserbasierten Nagellacken h\u00e4lt unser Kindernagellack auch Handw\u00e4schen stand oder wenn die Finger in den Mund genommen werden.<\/li>\n<li>Abziehbar: Kein \u00c4rger mehr mit Nagellackentferner, unser Nagellack l\u00e4sst sich wie ein Aufkleber abziehen.<\/li>\n<li>Kinderfreundlich: Unsere Formel auf Wasserbasis schlie\u00dft sch\u00e4dliche Inhaltsstoffe wie Parabene, Formaldehyd, Phthalate, Toluol und Campher aus. Au\u00dferdem enth\u00e4lt sie keine L\u00f6sungsmittel und besitzt keinen unangenehmen Geruch.<\/li>\n<\/ul>\n<p>&nbsp;<\/p>","protected":false},"excerpt":{"rendered":"<p>Treten Sie ein in die zauberhafte Welt der \"Ewigen Liebe\" von Namaki. Mit den Farbt\u00f6nen Sauerkirsche, Lila und Glitzer Rosa werden sich Ihre Kinder wie ein M\u00e4rchenprinz oder eine Prinzessin in einem geheimen Garten f\u00fchlen, in dem die Rosen nie verwelken<\/p>","protected":false},"featured_media":132872,"comment_status":"closed","ping_status":"closed","template":"","meta":{"_acf_changed":false},"product_brand":[],"product_cat":[62,35,36,49,63,294],"product_tag":[],"class_list":{"0":"post-132871","1":"product","2":"type-product","3":"status-publish","4":"has-post-thumbnail","6":"product_cat-trousses-et-coffrets-maquillage-enfant","7":"product_cat-maquillage-enfant","8":"product_cat-univers-occasions","9":"product_cat-maquillage-noel-nouvel-an","10":"product_cat-vernis-eau","11":"product_cat-meilleures-ventes-maquillage","12":"pa_certifications-vegan","13":"pa_points-forts-6-assortiments-disponibles","14":"pa_points-forts-senleve-comme-un-autocollant","15":"pa_points-forts-vernis-a-base-deau","17":"first","18":"instock","19":"taxable","20":"shipping-taxable","21":"purchasable","22":"product-type-simple"},"gallery_images":[132873,132874,132875,132876,132877,132878],"acf":[],"_links":{"self":[{"href":"https:\/\/namaki.fr\/de\/wp-json\/wp\/v2\/product\/132871","targetHints":{"allow":["GET"]}}],"collection":[{"href":"https:\/\/namaki.fr\/de\/wp-json\/wp\/v2\/product"}],"about":[{"href":"https:\/\/namaki.fr\/de\/wp-json\/wp\/v2\/types\/product"}],"replies":[{"embeddable":true,"href":"https:\/\/namaki.fr\/de\/wp-json\/wp\/v2\/comments?post=132871"}],"wp:featuredmedia":[{"embeddable":true,"href":"https:\/\/namaki.fr\/de\/wp-json\/wp\/v2\/media\/132872"}],"wp:attachment":[{"href":"https:\/\/namaki.fr\/de\/wp-json\/wp\/v2\/media?parent=132871"}],"wp:term":[{"taxonomy":"product_brand","embeddable":true,"href":"https:\/\/namaki.fr\/de\/wp-json\/wp\/v2\/product_brand?post=132871"},{"taxonomy":"product_cat","embeddable":true,"href":"https:\/\/namaki.fr\/de\/wp-json\/wp\/v2\/product_cat?post=132871"},{"taxonomy":"product_tag","embeddable":true,"href":"https:\/\/namaki.fr\/de\/wp-json\/wp\/v2\/product_tag?post=132871"}],"curies":[{"name":"wp","href":"https:\/\/api.w.org\/{rel}","templated":true}]}}