{"id":132887,"date":"2024-01-03T15:53:05","date_gmt":"2024-01-03T14:53:05","guid":{"rendered":"https:\/\/namaki.fr\/produit\/coffret-3-vernis-soleil-couchant-110929\/"},"modified":"2026-01-05T10:08:26","modified_gmt":"2026-01-05T09:08:26","slug":"kindernagellack-3er-set-sonnenuntergang","status":"publish","type":"product","link":"https:\/\/namaki.fr\/de\/produit\/coffret-3-vernis-soleil-couchant\/","title":{"rendered":"Kindernagellack 3er Set Sonnenuntergang"},"content":{"rendered":"<p>Wer liebt sie nicht, diese schillernden Farben, die am Ende des Tages den Himmel entflammen? Mit dem Namaki 3er-Set Kindernagellack \"Sonnenuntergang\" k\u00f6nnen Sie diesen Zauber jetzt in einem kleinen Nagellackfl\u00e4schchen einfangen und nach Belieben auf die Finger Ihrer Liebsten auftragen!<\/p>\n<ul>\n<li>Einfaches Auftragen: Unser kleiner Pinsel ist speziell f\u00fcr Kindern\u00e4gel entwickelt worden.<\/li>\n<li>Schnell trocknend: In nur wenigen Minuten k\u00f6nnen die Kinder ihre Aktivit\u00e4ten wieder aufnehmen.<\/li>\n<li>Wasserfest: Im Gegensatz zu manch anderen wasserbasierten Nagellacken h\u00e4lt unser Kindernagellack auch Handw\u00e4schen stand oder wenn die Finger in den Mund genommen werden.<\/li>\n<li>Abziehbar: Kein \u00c4rger mehr mit Nagellackentferner, unser Nagellack l\u00e4sst sich wie ein Aufkleber abziehen.<\/li>\n<li>Kinderfreundlich: Unsere Formel auf Wasserbasis schlie\u00dft sch\u00e4dliche Inhaltsstoffe wie Parabene, Formaldehyd, Phthalate, Toluol und Campher aus. Au\u00dferdem enth\u00e4lt sie keine L\u00f6sungsmittel und besitzt keinen unangenehmen Geruch.<\/li>\n<\/ul>\n<p>&nbsp;<\/p>","protected":false},"excerpt":{"rendered":"<p>Stellen Sie sich N\u00e4gel in den Farben Koralle, Lavendelblau und Gold vor, mit einem Glitzerfinish, das wie die letzten Sonnenstrahlen des Tages glitzert. Dieser Nagellack f\u00fcr Kinder verleiht den N\u00e4geln einen magischen Glanz, perfekt f\u00fcr einen Ausflug mit der Familie, eine Party mit Freunden oder einfach nur, um sich wie ein kleiner leuchtender Stern zu f\u00fchlen.<\/p>","protected":false},"featured_media":132888,"comment_status":"closed","ping_status":"closed","template":"","meta":{"_acf_changed":false},"product_brand":[],"product_cat":[62,35,36,49,63],"product_tag":[],"class_list":{"0":"post-132887","1":"product","2":"type-product","3":"status-publish","4":"has-post-thumbnail","6":"product_cat-trousses-et-coffrets-maquillage-enfant","7":"product_cat-maquillage-enfant","8":"product_cat-univers-occasions","9":"product_cat-maquillage-noel-nouvel-an","10":"product_cat-vernis-eau","11":"pa_certifications-vegan","12":"pa_points-forts-6-assortiments-disponibles","13":"pa_points-forts-senleve-comme-un-autocollant","14":"pa_points-forts-vernis-a-base-deau","16":"first","17":"instock","18":"taxable","19":"shipping-taxable","20":"purchasable","21":"product-type-simple"},"gallery_images":[132889,132890,132891,132892,132893,132894],"acf":[],"_links":{"self":[{"href":"https:\/\/namaki.fr\/de\/wp-json\/wp\/v2\/product\/132887","targetHints":{"allow":["GET"]}}],"collection":[{"href":"https:\/\/namaki.fr\/de\/wp-json\/wp\/v2\/product"}],"about":[{"href":"https:\/\/namaki.fr\/de\/wp-json\/wp\/v2\/types\/product"}],"replies":[{"embeddable":true,"href":"https:\/\/namaki.fr\/de\/wp-json\/wp\/v2\/comments?post=132887"}],"wp:featuredmedia":[{"embeddable":true,"href":"https:\/\/namaki.fr\/de\/wp-json\/wp\/v2\/media\/132888"}],"wp:attachment":[{"href":"https:\/\/namaki.fr\/de\/wp-json\/wp\/v2\/media?parent=132887"}],"wp:term":[{"taxonomy":"product_brand","embeddable":true,"href":"https:\/\/namaki.fr\/de\/wp-json\/wp\/v2\/product_brand?post=132887"},{"taxonomy":"product_cat","embeddable":true,"href":"https:\/\/namaki.fr\/de\/wp-json\/wp\/v2\/product_cat?post=132887"},{"taxonomy":"product_tag","embeddable":true,"href":"https:\/\/namaki.fr\/de\/wp-json\/wp\/v2\/product_tag?post=132887"}],"curies":[{"name":"wp","href":"https:\/\/api.w.org\/{rel}","templated":true}]}}