{"id":132903,"date":"2024-01-03T15:53:05","date_gmt":"2024-01-03T14:53:05","guid":{"rendered":"https:\/\/namaki.fr\/produit\/trousse-scintillante-renard-rose-110921\/"},"modified":"2024-11-05T09:47:04","modified_gmt":"2024-11-05T08:47:04","slug":"kosmetiktasche-kinder-rosa-fuchs","status":"publish","type":"product","link":"https:\/\/namaki.fr\/de\/produit\/trousse-scintillante-renard-rose\/","title":{"rendered":"Glitzer-Kosmetiktasche Rosa Fuchs"},"content":{"rendered":"<p>Treten Sie ein in die schillernde Welt von Namaki mit unserer glitzernden Kosmetiktasche f\u00fcr Kinder \"Rosa Fuchs\". Sie ist wie eine magische Schatztruhe, die die Tage und Abende Ihrer Liebsten verzaubern wird!<\/p>\n<ul>\n<li>All-in-One: zwei Essentials in einer Kosmetiktasche f\u00fcr einen einzigartigen Schmink-Moment<\/li>\n<li>Gesundheitsfreundlich: Die nat\u00fcrliche und biologische Formulierung und die Cosmos Organic-Zertifizierung garantieren Ihnen eine risikofreie Anwendung.<\/li>\n<li>Umweltfreundlich: wiederverwendbare Kosmetiktasche aus Bio-Baumwolle<\/li>\n<li>Das kleine +: spielerische und nachhaltige Geschenkidee<\/li>\n<\/ul>\n<p>&nbsp;<\/p>","protected":false},"excerpt":{"rendered":"<p>Diese h\u00fcbsche Kosmetiktasche f\u00fcr Kinder aus Bio-Baumwolle enth\u00e4lt alle Produkte, die Sie f\u00fcr die Festtage ben\u00f6tigen. Sie enth\u00e4lt zwei unverzichtbare Produkte aus Sortiment Kosmetik f\u00fcr Kinder: den silbernen Zauberpinsel f\u00fcr strahlenden Glanz und den Lippenbalsam Himbeere, der die Lippen zart und geschmeidig macht.<\/p>","protected":false},"featured_media":132904,"comment_status":"closed","ping_status":"closed","template":"","meta":{"_acf_changed":false},"product_brand":[],"product_cat":[62,35,36,49],"product_tag":[308],"class_list":{"0":"post-132903","1":"product","2":"type-product","3":"status-publish","4":"has-post-thumbnail","6":"product_cat-trousses-et-coffrets-maquillage-enfant","7":"product_cat-maquillage-enfant","8":"product_cat-univers-occasions","9":"product_cat-maquillage-noel-nouvel-an","10":"product_tag-coffrets-palettes-maquillage-enfant","11":"pa_certifications-cosmetique-bio-cosmos","12":"pa_points-forts-les-essentiels-dun-univers","14":"first","15":"instock","16":"taxable","17":"shipping-taxable","18":"purchasable","19":"product-type-simple"},"gallery_images":[132905,132906,132907,132908,132909,132910],"acf":[],"_links":{"self":[{"href":"https:\/\/namaki.fr\/de\/wp-json\/wp\/v2\/product\/132903","targetHints":{"allow":["GET"]}}],"collection":[{"href":"https:\/\/namaki.fr\/de\/wp-json\/wp\/v2\/product"}],"about":[{"href":"https:\/\/namaki.fr\/de\/wp-json\/wp\/v2\/types\/product"}],"replies":[{"embeddable":true,"href":"https:\/\/namaki.fr\/de\/wp-json\/wp\/v2\/comments?post=132903"}],"wp:featuredmedia":[{"embeddable":true,"href":"https:\/\/namaki.fr\/de\/wp-json\/wp\/v2\/media\/132904"}],"wp:attachment":[{"href":"https:\/\/namaki.fr\/de\/wp-json\/wp\/v2\/media?parent=132903"}],"wp:term":[{"taxonomy":"product_brand","embeddable":true,"href":"https:\/\/namaki.fr\/de\/wp-json\/wp\/v2\/product_brand?post=132903"},{"taxonomy":"product_cat","embeddable":true,"href":"https:\/\/namaki.fr\/de\/wp-json\/wp\/v2\/product_cat?post=132903"},{"taxonomy":"product_tag","embeddable":true,"href":"https:\/\/namaki.fr\/de\/wp-json\/wp\/v2\/product_tag?post=132903"}],"curies":[{"name":"wp","href":"https:\/\/api.w.org\/{rel}","templated":true}]}}