{"id":132911,"date":"2024-01-03T15:53:05","date_gmt":"2024-01-03T14:53:05","guid":{"rendered":"https:\/\/namaki.fr\/produit\/trousse-scintillante-renard-or-110922\/"},"modified":"2024-11-05T09:47:23","modified_gmt":"2024-11-05T08:47:23","slug":"kosmetiktasche-kinder-gold-fuchs","status":"publish","type":"product","link":"https:\/\/namaki.fr\/de\/produit\/trousse-scintillante-renard-or\/","title":{"rendered":"Glitzer-Kosmetiktasche Gold Fuchs"},"content":{"rendered":"<p>Tauchen Sie mit unserer glitzernden Schminktasche Gold Fuchs in eine schillernde Welt ein. Sie ist viel mehr als nur ein Schminkzubeh\u00f6r, denn sie ist eine Einladung zu Kreativit\u00e4t und Poesie und wird sie in ein strahlendes Licht tauchen.<\/p>\n<ul>\n<li>All-in-One: zwei Essentials in einer Kosmetiktasche f\u00fcr einen einzigartigen Schmink-Moment<\/li>\n<li>Gesundheitsfreundlich: Die nat\u00fcrliche und biologische Formulierung und die Cosmos Organic-Zertifizierung garantieren Ihnen eine risikofreie Anwendung.<\/li>\n<li>Umweltfreundlich: wiederverwendbare Kosmetiktasche aus Bio-Baumwolle<\/li>\n<li>Das kleine +: spielerische und nachhaltige Geschenkidee<\/li>\n<\/ul>\n<p>&nbsp;<\/p>","protected":false},"excerpt":{"rendered":"<p>Sie enth\u00e4lt zwei Must-haves aus unserem Sortiment Kosmetik f\u00fcr Kinder: einen goldenen Zauberpinsel f\u00fcr strahlende Gesichter und einen Lippenbalsam mit zartem Vanillegeschmack, der die Lippen weich und duftend macht.<\/p>","protected":false},"featured_media":132912,"comment_status":"closed","ping_status":"closed","template":"","meta":{"_acf_changed":false},"product_brand":[],"product_cat":[62,35,36,49],"product_tag":[308],"class_list":{"0":"post-132911","1":"product","2":"type-product","3":"status-publish","4":"has-post-thumbnail","6":"product_cat-trousses-et-coffrets-maquillage-enfant","7":"product_cat-maquillage-enfant","8":"product_cat-univers-occasions","9":"product_cat-maquillage-noel-nouvel-an","10":"product_tag-coffrets-palettes-maquillage-enfant","11":"pa_certifications-cosmetique-bio-cosmos","12":"pa_points-forts-les-essentiels-dun-univers","14":"first","15":"instock","16":"taxable","17":"shipping-taxable","18":"purchasable","19":"product-type-simple"},"gallery_images":[132913,132914,132915,132916,132917,132918],"acf":[],"_links":{"self":[{"href":"https:\/\/namaki.fr\/de\/wp-json\/wp\/v2\/product\/132911","targetHints":{"allow":["GET"]}}],"collection":[{"href":"https:\/\/namaki.fr\/de\/wp-json\/wp\/v2\/product"}],"about":[{"href":"https:\/\/namaki.fr\/de\/wp-json\/wp\/v2\/types\/product"}],"replies":[{"embeddable":true,"href":"https:\/\/namaki.fr\/de\/wp-json\/wp\/v2\/comments?post=132911"}],"wp:featuredmedia":[{"embeddable":true,"href":"https:\/\/namaki.fr\/de\/wp-json\/wp\/v2\/media\/132912"}],"wp:attachment":[{"href":"https:\/\/namaki.fr\/de\/wp-json\/wp\/v2\/media?parent=132911"}],"wp:term":[{"taxonomy":"product_brand","embeddable":true,"href":"https:\/\/namaki.fr\/de\/wp-json\/wp\/v2\/product_brand?post=132911"},{"taxonomy":"product_cat","embeddable":true,"href":"https:\/\/namaki.fr\/de\/wp-json\/wp\/v2\/product_cat?post=132911"},{"taxonomy":"product_tag","embeddable":true,"href":"https:\/\/namaki.fr\/de\/wp-json\/wp\/v2\/product_tag?post=132911"}],"curies":[{"name":"wp","href":"https:\/\/api.w.org\/{rel}","templated":true}]}}