{"id":132919,"date":"2024-01-03T15:53:05","date_gmt":"2024-01-03T14:53:05","guid":{"rendered":"https:\/\/namaki.fr\/produit\/coffret-de-maquillage-festif-royaume-feerique-110927\/"},"modified":"2025-06-19T11:57:01","modified_gmt":"2025-06-19T09:57:01","slug":"schminkkoffer-kinder-feenzauber","status":"publish","type":"product","link":"https:\/\/namaki.fr\/de\/produit\/coffret-de-maquillage-festif-royaume-feerique\/","title":{"rendered":"Schminkkoffer Feenzauber"},"content":{"rendered":"<p>In dieser funkelnden Schachtel befinden sich zwei Nuancen von Kindernagellack, die Sie je nach Stimmung abwechseln oder f\u00fcr einen Wow-Effekt mischen k\u00f6nnen, eine Lidschattenpalette mit 7 Lidschatten, die Ihre Augen mit h\u00fcbschen Perlmuttfarben versch\u00f6nern, und ein Lippenbalsam in einem zarten Rosa mit dem k\u00f6stlichen Duft von Himbeeren, der die Lippen pflegt. Machen Sie Ihren Kindern das sch\u00f6nste aller Geschenke: f\u00f6rdern Sie ihre Fantasie, indem sie sie in ein M\u00e4rchen voller Glitzer und Poesie entf\u00fchren.<\/p>\n<ul>\n<li>All-in-One: Die Bestseller in einem Schminkkoffer vereint<\/li>\n<li>Gesundheitsschonend: nat\u00fcrliche und biologische Formulierungen und die Cosmos Organic-Zertifizierung<em> (<\/em>au\u00dfer Nagellack) garantieren Ihnen eine sichere Verwendung<\/li>\n<li>Engagement f\u00fcr die Umwelt: umweltfreundliche und recycelbare Verpackung.<\/li>\n<li>Das kleine +: spielerische und nachhaltige Geschenkidee<\/li>\n<\/ul>\n<p>&nbsp;<\/p>","protected":false},"excerpt":{"rendered":"<p>Treten Sie ein in unser M\u00e4rchenland und begeben Sie sich auf eine Traumreise zu den Bestsellern unserer Kosmetik f\u00fcr Kinder: eine Lidschattenpalette mit 7 Nuancen, ein Nagellack in Lila, ein Nagellack in Gold und unser Lippenbalsam Himbeere.<\/p>","protected":false},"featured_media":132920,"comment_status":"closed","ping_status":"closed","template":"","meta":{"_acf_changed":false},"product_brand":[],"product_cat":[62,35,36,49,294],"product_tag":[308],"class_list":{"0":"post-132919","1":"product","2":"type-product","3":"status-publish","4":"has-post-thumbnail","6":"product_cat-trousses-et-coffrets-maquillage-enfant","7":"product_cat-maquillage-enfant","8":"product_cat-univers-occasions","9":"product_cat-maquillage-noel-nouvel-an","10":"product_cat-meilleures-ventes-maquillage","11":"product_tag-coffrets-palettes-maquillage-enfant","12":"pa_certifications-vegan","13":"pa_points-forts-les-essentiels-dun-univers","15":"first","16":"instock","17":"taxable","18":"shipping-taxable","19":"purchasable","20":"product-type-simple"},"gallery_images":[132921,160311,132923,160310,132925,160312],"acf":[],"_links":{"self":[{"href":"https:\/\/namaki.fr\/de\/wp-json\/wp\/v2\/product\/132919","targetHints":{"allow":["GET"]}}],"collection":[{"href":"https:\/\/namaki.fr\/de\/wp-json\/wp\/v2\/product"}],"about":[{"href":"https:\/\/namaki.fr\/de\/wp-json\/wp\/v2\/types\/product"}],"replies":[{"embeddable":true,"href":"https:\/\/namaki.fr\/de\/wp-json\/wp\/v2\/comments?post=132919"}],"wp:featuredmedia":[{"embeddable":true,"href":"https:\/\/namaki.fr\/de\/wp-json\/wp\/v2\/media\/132920"}],"wp:attachment":[{"href":"https:\/\/namaki.fr\/de\/wp-json\/wp\/v2\/media?parent=132919"}],"wp:term":[{"taxonomy":"product_brand","embeddable":true,"href":"https:\/\/namaki.fr\/de\/wp-json\/wp\/v2\/product_brand?post=132919"},{"taxonomy":"product_cat","embeddable":true,"href":"https:\/\/namaki.fr\/de\/wp-json\/wp\/v2\/product_cat?post=132919"},{"taxonomy":"product_tag","embeddable":true,"href":"https:\/\/namaki.fr\/de\/wp-json\/wp\/v2\/product_tag?post=132919"}],"curies":[{"name":"wp","href":"https:\/\/api.w.org\/{rel}","templated":true}]}}