{"id":132938,"date":"2024-01-03T15:52:29","date_gmt":"2024-01-03T14:52:29","guid":{"rendered":"https:\/\/namaki.fr\/produit\/poudre-scintillante-argent-110025\/"},"modified":"2025-01-06T11:55:11","modified_gmt":"2025-01-06T10:55:11","slug":"glitzerstaub-silber","status":"publish","type":"product","link":"https:\/\/namaki.fr\/de\/produit\/poudre-scintillante-argent\/","title":{"rendered":"Glitzerstaub Silber"},"content":{"rendered":"<p>Der Glitzerstaub von Namaki veredelt jedes Kinder Make up mit einem sanften Schimmer. Die umweltfreundliche und sparsame Nachf\u00fcllflasche erm\u00f6glicht es, den Zauberpinsel (separat erh\u00e4ltlich) immer wieder nachzuf\u00fcllen.<\/p>\n<ul>\n<li>Gesundheitsschonend: Die 100% nat\u00fcrliche und mineralische Formulierung des Puders und die Cosmos Bio-Zertifizierung garantieren Ihnen eine risikofreie Anwendung.<\/li>\n<li>Engagement f\u00fcr die Umwelt: Pinsel unendlich oft nachf\u00fcllbar.<\/li>\n<li>Das kleine +: Kann auf Haut und Haaren aufgetragen werden.<\/li>\n<\/ul>\n<p>&nbsp;<\/p>","protected":false},"excerpt":{"rendered":"<p>Sind Sie bereit, Ihrem Make-up einen Hauch von Silberglanz zu verleihen? Mit dem Silber-Glitzerpuder k\u00f6nnen Sie dies tun, indem Sie Ihren Zauberpinsel nachf\u00fcllen oder direkt mit einem Pinsel auftragen.<\/p>","protected":false},"featured_media":132939,"comment_status":"closed","ping_status":"closed","template":"","meta":{"_acf_changed":false},"product_brand":[],"product_cat":[61,35,36],"product_tag":[],"class_list":{"0":"post-132938","1":"product","2":"type-product","3":"status-publish","4":"has-post-thumbnail","6":"product_cat-poudre-scintillante","7":"product_cat-maquillage-enfant","8":"product_cat-univers-occasions","9":"pa_certifications-vegan","10":"pa_certifications-cosmetique-bio-cosmos","12":"first","13":"instock","14":"taxable","15":"shipping-taxable","16":"purchasable","17":"product-type-simple"},"gallery_images":[132940,132943,132941,132942],"acf":[],"_links":{"self":[{"href":"https:\/\/namaki.fr\/de\/wp-json\/wp\/v2\/product\/132938","targetHints":{"allow":["GET"]}}],"collection":[{"href":"https:\/\/namaki.fr\/de\/wp-json\/wp\/v2\/product"}],"about":[{"href":"https:\/\/namaki.fr\/de\/wp-json\/wp\/v2\/types\/product"}],"replies":[{"embeddable":true,"href":"https:\/\/namaki.fr\/de\/wp-json\/wp\/v2\/comments?post=132938"}],"wp:featuredmedia":[{"embeddable":true,"href":"https:\/\/namaki.fr\/de\/wp-json\/wp\/v2\/media\/132939"}],"wp:attachment":[{"href":"https:\/\/namaki.fr\/de\/wp-json\/wp\/v2\/media?parent=132938"}],"wp:term":[{"taxonomy":"product_brand","embeddable":true,"href":"https:\/\/namaki.fr\/de\/wp-json\/wp\/v2\/product_brand?post=132938"},{"taxonomy":"product_cat","embeddable":true,"href":"https:\/\/namaki.fr\/de\/wp-json\/wp\/v2\/product_cat?post=132938"},{"taxonomy":"product_tag","embeddable":true,"href":"https:\/\/namaki.fr\/de\/wp-json\/wp\/v2\/product_tag?post=132938"}],"curies":[{"name":"wp","href":"https:\/\/api.w.org\/{rel}","templated":true}]}}