{"id":134187,"date":"2024-01-03T15:52:57","date_gmt":"2024-01-03T14:52:57","guid":{"rendered":"https:\/\/namaki.fr\/produit\/lime-a-ongle-2-faces-lime-polissoir-110031-2\/"},"modified":"2025-04-22T09:33:56","modified_gmt":"2025-04-22T07:33:56","slug":"nagelfeile-2-seiten","status":"publish","type":"product","link":"https:\/\/namaki.fr\/de\/produit\/lime-a-ongle-2-faces-lime-polissoir\/","title":{"rendered":"Nagelfeile 2-seitig"},"content":{"rendered":"<p>Die Namaki 2-in-1-Nagelfeile ist ideal f\u00fcr jede Gelegenheit, sei es f\u00fcr den t\u00e4glichen Gebrauch oder f\u00fcr besondere Momente mit Freunden. Hier sind einige tolle Ideen:<\/p>\n<p>- Pyjama Fun Party: Veranstalten Sie eine Pyjama-Party mit Freunden und verwandeln Sie das Wohnzimmer in ein improvisiertes Nagelstudio. Bringen Sie die N\u00e4gel mit der Feile in Form und polieren Sie sie dann f\u00fcr sofortigen Glanz. Das ist die ultimative Pyjama-Party!<br \/>\n- Kreative Nailart: F\u00fcr Fans von Nailart ist diese Nagelfeile sehr n\u00fctzlich. Denn sie hilft dabei, die N\u00e4gel f\u00fcr die kreativsten Designs vorzubereiten und eine glatte Oberfl\u00e4che f\u00fcr Nagelbilder und -sticker zu erhalten.<br \/>\n- T\u00e4glicher Gebrauch: Nat\u00fcrlich kann sie auch im Alltag verwendet werden, um die N\u00e4gel makellos zu halten. Ob in der Schule, zu Hause oder auf Reisen - diese Feile ist praktisch und kann \u00fcberall hin mitgenommen werden.<\/p>\n<ul>\n<li>Witziges und farbenfrohes Design<\/li>\n<li>2 Seiten f\u00fcr mehr Vielseitigkeit: Feile und Polierer<\/li>\n<li>Kleines, kinderfreundliches Format<\/li>\n<\/ul>\n<p>&nbsp;<\/p>","protected":false},"excerpt":{"rendered":"<p>Diese magische Nagelfeile hat zwei praktische Seiten. Auf der einen Seite befindet sich eine weiche Feile, mit der Ihre Kinder ihre N\u00e4gel sanft formen k\u00f6nnen. Auf der anderen Seite finden sie einen Polierer, mit dem sie ihre N\u00e4gel wie einen Stern gl\u00e4nzen lassen k\u00f6nnen!<\/p>","protected":false},"featured_media":132928,"comment_status":"closed","ping_status":"closed","template":"","meta":{"_acf_changed":false},"product_brand":[],"product_cat":[56,35,36],"product_tag":[],"class_list":{"0":"post-134187","1":"product","2":"type-product","3":"status-publish","4":"has-post-thumbnail","6":"product_cat-accessoires-maquillage","7":"product_cat-maquillage-enfant","8":"product_cat-univers-occasions","10":"first","11":"instock","12":"taxable","13":"shipping-taxable","14":"purchasable","15":"product-type-simple"},"gallery_images":[132927,132930,132931],"acf":[],"_links":{"self":[{"href":"https:\/\/namaki.fr\/de\/wp-json\/wp\/v2\/product\/134187","targetHints":{"allow":["GET"]}}],"collection":[{"href":"https:\/\/namaki.fr\/de\/wp-json\/wp\/v2\/product"}],"about":[{"href":"https:\/\/namaki.fr\/de\/wp-json\/wp\/v2\/types\/product"}],"replies":[{"embeddable":true,"href":"https:\/\/namaki.fr\/de\/wp-json\/wp\/v2\/comments?post=134187"}],"wp:featuredmedia":[{"embeddable":true,"href":"https:\/\/namaki.fr\/de\/wp-json\/wp\/v2\/media\/132928"}],"wp:attachment":[{"href":"https:\/\/namaki.fr\/de\/wp-json\/wp\/v2\/media?parent=134187"}],"wp:term":[{"taxonomy":"product_brand","embeddable":true,"href":"https:\/\/namaki.fr\/de\/wp-json\/wp\/v2\/product_brand?post=134187"},{"taxonomy":"product_cat","embeddable":true,"href":"https:\/\/namaki.fr\/de\/wp-json\/wp\/v2\/product_cat?post=134187"},{"taxonomy":"product_tag","embeddable":true,"href":"https:\/\/namaki.fr\/de\/wp-json\/wp\/v2\/product_tag?post=134187"}],"curies":[{"name":"wp","href":"https:\/\/api.w.org\/{rel}","templated":true}]}}