{"id":135839,"date":"2024-01-03T15:53:14","date_gmt":"2024-01-03T14:53:14","guid":{"rendered":"https:\/\/namaki.fr\/produit\/namaki-box-smallable-x-namaki-3\/"},"modified":"2026-02-04T09:10:41","modified_gmt":"2026-02-04T08:10:41","slug":"schminkset-kinder-smallable-x-namaki","status":"publish","type":"product","link":"https:\/\/namaki.fr\/de\/produit\/namaki-box-smallable-x-namaki\/","title":{"rendered":"Namaki Box Smallable X Namaki"},"content":{"rendered":"<ul>\n<li>All-in-One: Alles, was Sie f\u00fcr eine weihnachtliche Kinderschminke brauchen in einem in einem Schminkset; inklusive 1 Tutorial in 3 Schritten.<\/li>\n<li>Praktisch und einfach zu verwenden: ideal als Geschenkidee<\/li>\n<li>Gesundheitsvertr\u00e4glich: Nat\u00fcrliche Formulierung, Bio Cosmos-Zertifizierung (*au\u00dfer Nagellack)<\/li>\n<li>Engagement f\u00fcr die Umwelt: \u00f6kologische, wiederverwendbare und leicht transportierbare Verpackung<\/li>\n<\/ul>","protected":false},"excerpt":{"rendered":"<p>Im Rahmen des Charity-Projekts von Smallable hat Namaki dieses Schminkset f\u00fcr Kinder entwickelt, das die Essentials f\u00fcr ein weihnachtliches Kinder Make up beinhaltet. Wenn Ihre Liebsten zur Leibgarde des Weihnachtsmannes geh\u00f6ren m\u00f6chten, ist es genau das Richtige.<\/p>","protected":false},"featured_media":136378,"comment_status":"closed","ping_status":"closed","template":"","meta":{"_acf_changed":false},"product_brand":[],"product_cat":[54,34,36,49],"product_tag":[],"class_list":{"0":"post-135839","1":"product","2":"type-product","3":"status-publish","4":"has-post-thumbnail","6":"product_cat-activite-maquillage-enfants-produits-essentiels","7":"product_cat-maquillage-deguisement","8":"product_cat-univers-occasions","9":"product_cat-maquillage-noel-nouvel-an","10":"pa_certifications-vegan","11":"pa_points-forts-boite-reutilisable","13":"first","14":"instock","15":"taxable","16":"shipping-taxable","17":"purchasable","18":"product-type-simple"},"gallery_images":[136165,136167,132814,136379,136166,153181,136163],"acf":[],"_links":{"self":[{"href":"https:\/\/namaki.fr\/de\/wp-json\/wp\/v2\/product\/135839","targetHints":{"allow":["GET"]}}],"collection":[{"href":"https:\/\/namaki.fr\/de\/wp-json\/wp\/v2\/product"}],"about":[{"href":"https:\/\/namaki.fr\/de\/wp-json\/wp\/v2\/types\/product"}],"replies":[{"embeddable":true,"href":"https:\/\/namaki.fr\/de\/wp-json\/wp\/v2\/comments?post=135839"}],"wp:featuredmedia":[{"embeddable":true,"href":"https:\/\/namaki.fr\/de\/wp-json\/wp\/v2\/media\/136378"}],"wp:attachment":[{"href":"https:\/\/namaki.fr\/de\/wp-json\/wp\/v2\/media?parent=135839"}],"wp:term":[{"taxonomy":"product_brand","embeddable":true,"href":"https:\/\/namaki.fr\/de\/wp-json\/wp\/v2\/product_brand?post=135839"},{"taxonomy":"product_cat","embeddable":true,"href":"https:\/\/namaki.fr\/de\/wp-json\/wp\/v2\/product_cat?post=135839"},{"taxonomy":"product_tag","embeddable":true,"href":"https:\/\/namaki.fr\/de\/wp-json\/wp\/v2\/product_tag?post=135839"}],"curies":[{"name":"wp","href":"https:\/\/api.w.org\/{rel}","templated":true}]}}