{"id":145114,"date":"2024-01-18T11:13:22","date_gmt":"2024-01-18T10:13:22","guid":{"rendered":"https:\/\/namaki.fr\/?post_type=product&#038;p=145114"},"modified":"2026-04-22T16:42:53","modified_gmt":"2026-04-22T14:42:53","slug":"schminkpalette-kinder-6-farben-centre-pompidou-x-namaki","status":"publish","type":"product","link":"https:\/\/namaki.fr\/de\/produit\/palette-de-maquillage-centre-pompidou-x-namaki\/","title":{"rendered":"Schminkpalette 6 Farben \u2022 Centre Pompidou x Namaki"},"content":{"rendered":"<p>Stellen Sie sich vor, Sie k\u00f6nnten dank Kinderschminke ber\u00fchmte Kunstwerke entdecken...\u00c4hnlich wie Malpaletten bieten die Produkte von Namaki die M\u00f6glichkeit, frei zu experimentieren und ein Kunstwerk zu interpretieren. Ausgehend von Delaunays Werk werden Kinder (von 3 bis 99 Jahren!) dazu eingeladen, Formen und Farben auf ihrem eigenen K\u00f6rper zu erforschen.<\/p>\n<ul>\n<li>6 Farben: Neben Wei\u00df und Schwarz erkunden Ihre Kinder die schillernden Farbt\u00f6ne von T\u00fcrkis, Rot, Gr\u00fcn und Gelb.<\/li>\n<li>All-in-One: Dieses Set enth\u00e4lt einen Kosmetikpinsel.<\/li>\n<li>Hautfreundlich: Die Schminkpalette wurde mit der Cosmos Bio-Zertifizierung ausgezeichnet und dermatologisch getestet \u2013 sie ist hypoallergen und gesundheitlich unbedenklich.<\/li>\n<li>Traumhafte Textur: Die mit Bio-Reispuder formulierte, zarte und seidige Textur erm\u00f6glicht ein m\u00fcheloses Auftragen.<\/li>\n<li>Vielseitigkeit: Mit dieser Schminkpalette k\u00f6nnen Sie bis zu 30 verschiedene Kinderschminken ausprobieren. Ideal f\u00fcr den t\u00e4glichen Gebrauch oder f\u00fcr besondere Anl\u00e4sse.<\/li>\n<li>Einfaches Abschminken: l\u00e4sst sich einfach mit Wasser und Seife entfernen.<\/li>\n<li>Sicherheit: Entspricht der CE-Norm f\u00fcr Spielzeug f\u00fcr unbeschwerten Spielspa\u00df.<\/li>\n<li>Umweltfreundlich: \u00f6kologisch sinnvoll gestaltete und recycelbare Verpackung.<\/li>\n<\/ul>\n<p>&nbsp;<\/p>","protected":false},"excerpt":{"rendered":"<p>Inspiriert von Robert Delaunays Werk \"Joie de Vivre\" bietet diese Schminkpalette f\u00fcr Kinder eine Vielfalt an Farben, die sich kombinieren und mischen lassen. Ihre Liebsten k\u00f6nnen mit den Farbvibrationen, der Dynamik der Formen und der Komposition direkt auf Ihrem K\u00f6rper experimentieren. Spa\u00df garantiert!<\/p>","protected":false},"featured_media":148259,"comment_status":"closed","ping_status":"closed","template":"","meta":{"_acf_changed":false},"product_brand":[],"product_cat":[50,34,36],"product_tag":[328],"class_list":{"0":"post-145114","1":"product","2":"type-product","3":"status-publish","4":"has-post-thumbnail","6":"product_cat-palettes-maquillage-enfant","7":"product_cat-maquillage-deguisement","8":"product_cat-univers-occasions","9":"product_tag-maquillage-centre-pompidou","10":"pa_points-forts-demaquillage-facile","12":"first","13":"outofstock","14":"taxable","15":"shipping-taxable","16":"purchasable","17":"product-type-simple"},"gallery_images":[148256,145276,145120,145126,145127,145129],"acf":[],"_links":{"self":[{"href":"https:\/\/namaki.fr\/de\/wp-json\/wp\/v2\/product\/145114","targetHints":{"allow":["GET"]}}],"collection":[{"href":"https:\/\/namaki.fr\/de\/wp-json\/wp\/v2\/product"}],"about":[{"href":"https:\/\/namaki.fr\/de\/wp-json\/wp\/v2\/types\/product"}],"replies":[{"embeddable":true,"href":"https:\/\/namaki.fr\/de\/wp-json\/wp\/v2\/comments?post=145114"}],"wp:featuredmedia":[{"embeddable":true,"href":"https:\/\/namaki.fr\/de\/wp-json\/wp\/v2\/media\/148259"}],"wp:attachment":[{"href":"https:\/\/namaki.fr\/de\/wp-json\/wp\/v2\/media?parent=145114"}],"wp:term":[{"taxonomy":"product_brand","embeddable":true,"href":"https:\/\/namaki.fr\/de\/wp-json\/wp\/v2\/product_brand?post=145114"},{"taxonomy":"product_cat","embeddable":true,"href":"https:\/\/namaki.fr\/de\/wp-json\/wp\/v2\/product_cat?post=145114"},{"taxonomy":"product_tag","embeddable":true,"href":"https:\/\/namaki.fr\/de\/wp-json\/wp\/v2\/product_tag?post=145114"}],"curies":[{"name":"wp","href":"https:\/\/api.w.org\/{rel}","templated":true}]}}