{"id":145121,"date":"2024-01-18T11:45:13","date_gmt":"2024-01-18T10:45:13","guid":{"rendered":"https:\/\/namaki.fr\/?post_type=product&#038;p=145121"},"modified":"2025-01-06T12:06:57","modified_gmt":"2025-01-06T11:06:57","slug":"schminkstifte-kinder-3-farben-centre-pompidou-x-namaki","status":"publish","type":"product","link":"https:\/\/namaki.fr\/de\/produit\/crayons-de-maquillage-centre-pompidou-x-namaki\/","title":{"rendered":"Schminkstifte f\u00fcr Kinder 3 Farben \u2022 Centre Pompidou x Namaki"},"content":{"rendered":"<p>Stellen Sie sich vor, Sie k\u00f6nnten dank Kinderschminke ber\u00fchmte Kunstwerke entdecken...\u00c4hnlich wie Malpaletten bieten die Produkte von Namaki die M\u00f6glichkeit, frei zu experimentieren und ein Kunstwerk zu interpretieren. Ausgehend von Mondrians Werk werden Kinder (von 3 bis 99 Jahren!) dazu eingeladen, Formen und Farben auf ihrem eigenen K\u00f6rper zu erforschen.<\/p>\n<ul>\n<li>Einfaches Auftragen: Die weiche Spitze des Stifts, die mit BIO-Kokosnuss\u00f6l formuliert wurde, garantiert Ihnen pr\u00e4zise Linien, ohne zu verschmieren.<\/li>\n<li>Hautfreundlich: Unsere Kinderschminkstifte wurden mit der Cosmos Bio-Zertifizierung ausgezeichnet, enthalten nat\u00fcrliche Inhaltsstoffe h\u00f6chster Qualit\u00e4t und wurden dermatologisch getestet.<\/li>\n<li>Sichere Anwendung: Die Kinderschminkstifte entsprechen der CE-Norm f\u00fcr Spielzeug.<\/li>\n<li>Einfaches Abschminken: die Kinderschminke l\u00e4sst sich mit Wasser und Seife entfernen.<\/li>\n<li>Umweltbewusst: \u00d6kologisch gestaltete und recycelbare Verpackung.<\/li>\n<\/ul>\n<p>&nbsp;<\/p>","protected":false},"excerpt":{"rendered":"<p>Tauchen Sie ein in die Welt der modernen Kunst mit diesem 3er-Set Kinderschminkstifte im Jumbo-Format, inspiriert durch das Werk \"New York\" von Piet Mondrian. Der K\u00f6rper wird zu einer Leinwand, die bemalt werden kann. Viel Spa\u00df beim \u00dcberkreuzen von horizontalen und vertikalen Linien in den Grundfarben, Ihrer Kreativit\u00e4t sind keine Grenzen gesetzt!<\/p>","protected":false},"featured_media":148265,"comment_status":"closed","ping_status":"closed","template":"","meta":{"_acf_changed":false},"product_brand":[],"product_cat":[51,34,36],"product_tag":[328],"class_list":{"0":"post-145121","1":"product","2":"type-product","3":"status-publish","4":"has-post-thumbnail","6":"product_cat-crayons-maquillage-enfant","7":"product_cat-maquillage-deguisement","8":"product_cat-univers-occasions","9":"product_tag-maquillage-centre-pompidou","10":"pa_points-forts-application-simple","11":"pa_points-forts-demaquillage-facile","13":"first","14":"instock","15":"taxable","16":"shipping-taxable","17":"purchasable","18":"product-type-simple"},"gallery_images":[148266,145279,145209,145204,145205,145208],"acf":[],"_links":{"self":[{"href":"https:\/\/namaki.fr\/de\/wp-json\/wp\/v2\/product\/145121","targetHints":{"allow":["GET"]}}],"collection":[{"href":"https:\/\/namaki.fr\/de\/wp-json\/wp\/v2\/product"}],"about":[{"href":"https:\/\/namaki.fr\/de\/wp-json\/wp\/v2\/types\/product"}],"replies":[{"embeddable":true,"href":"https:\/\/namaki.fr\/de\/wp-json\/wp\/v2\/comments?post=145121"}],"wp:featuredmedia":[{"embeddable":true,"href":"https:\/\/namaki.fr\/de\/wp-json\/wp\/v2\/media\/148265"}],"wp:attachment":[{"href":"https:\/\/namaki.fr\/de\/wp-json\/wp\/v2\/media?parent=145121"}],"wp:term":[{"taxonomy":"product_brand","embeddable":true,"href":"https:\/\/namaki.fr\/de\/wp-json\/wp\/v2\/product_brand?post=145121"},{"taxonomy":"product_cat","embeddable":true,"href":"https:\/\/namaki.fr\/de\/wp-json\/wp\/v2\/product_cat?post=145121"},{"taxonomy":"product_tag","embeddable":true,"href":"https:\/\/namaki.fr\/de\/wp-json\/wp\/v2\/product_tag?post=145121"}],"curies":[{"name":"wp","href":"https:\/\/api.w.org\/{rel}","templated":true}]}}