{"id":145122,"date":"2024-01-18T11:51:10","date_gmt":"2024-01-18T10:51:10","guid":{"rendered":"https:\/\/namaki.fr\/?post_type=product&#038;p=145122"},"modified":"2026-03-13T09:06:05","modified_gmt":"2026-03-13T08:06:05","slug":"kindertattoos-butch-vassily-kandinsky","status":"publish","type":"product","link":"https:\/\/namaki.fr\/de\/produit\/tatouage-enfant-centre-pompidou-x-namaki\/","title":{"rendered":"Kindertattoos Centre Pompidou x Namaki"},"content":{"rendered":"<p>Stellen Sie sich vor, Sie k\u00f6nnten dank Kinderschminke ber\u00fchmte Kunstwerke entdecken...\u00c4hnlich wie Malpaletten bieten die Produkte von Namaki die M\u00f6glichkeit, frei zu experimentieren und ein Kunstwerk zu interpretieren. Ausgehend von Kandinskys Werk werden Kinder (von 3 bis 99 Jahren!) dazu eingeladen, Formen und Farben auf ihrem eigenen K\u00f6rper zu erforschen.<\/p>\n<ul>\n<li>Einfach anzuwenden<\/li>\n<li>Gedruckt mit pflanzlichen Tinten<\/li>\n<li>Dermatologisch getestet<\/li>\n<li>Verschiedene Motivgr\u00f6\u00dfen<\/li>\n<li>Exklusive Illustrationen aus \"<strong>Bleu de ciel<\/strong>\" von Wassily Kandinsky<\/li>\n<li>Je nach Modell zwischen 5 und 6 Motiven pro Abziehbogen<\/li>\n<li>Zertifizierung CE-Norm Spielzeug<\/li>\n<\/ul>","protected":false},"excerpt":{"rendered":"<p>Erkunden Sie die Fantasie von Wassily Kandinsky mit unseren Tattoos f\u00fcr Kinder, die von seinem fesselnden Werk \"Bleu du Ciel\" inspiriert sind. Die Kindertattoos auf den zwei Abziehb\u00f6gen stellen jeweils eine der Kreaturen auf dem Gem\u00e4lde dar. Die Tattoos lassen sich leicht auftragen und bieten ein spielerisches Kunsterlebnis, um abstrakte Kunst auf eine neue Art und Weise zu entdecken.<\/p>","protected":false},"featured_media":148236,"comment_status":"closed","ping_status":"closed","template":"","meta":{"_acf_changed":false},"product_brand":[],"product_cat":[53,34,36,57],"product_tag":[328,330],"class_list":{"0":"post-145122","1":"product","2":"type-product","3":"status-publish","4":"has-post-thumbnail","6":"product_cat-tatouage-enfant","7":"product_cat-maquillage-deguisement","8":"product_cat-univers-occasions","9":"product_cat-tatouages-enfant","10":"product_tag-maquillage-centre-pompidou","11":"product_tag-meta-tatouages","12":"pa_points-forts-application-simple","13":"pa_points-forts-encres-vegetales","15":"first","16":"instock","17":"taxable","18":"shipping-taxable","19":"purchasable","20":"product-type-simple"},"gallery_images":[148239,145280,145237,145232,145234,145231],"acf":[],"_links":{"self":[{"href":"https:\/\/namaki.fr\/de\/wp-json\/wp\/v2\/product\/145122","targetHints":{"allow":["GET"]}}],"collection":[{"href":"https:\/\/namaki.fr\/de\/wp-json\/wp\/v2\/product"}],"about":[{"href":"https:\/\/namaki.fr\/de\/wp-json\/wp\/v2\/types\/product"}],"replies":[{"embeddable":true,"href":"https:\/\/namaki.fr\/de\/wp-json\/wp\/v2\/comments?post=145122"}],"wp:featuredmedia":[{"embeddable":true,"href":"https:\/\/namaki.fr\/de\/wp-json\/wp\/v2\/media\/148236"}],"wp:attachment":[{"href":"https:\/\/namaki.fr\/de\/wp-json\/wp\/v2\/media?parent=145122"}],"wp:term":[{"taxonomy":"product_brand","embeddable":true,"href":"https:\/\/namaki.fr\/de\/wp-json\/wp\/v2\/product_brand?post=145122"},{"taxonomy":"product_cat","embeddable":true,"href":"https:\/\/namaki.fr\/de\/wp-json\/wp\/v2\/product_cat?post=145122"},{"taxonomy":"product_tag","embeddable":true,"href":"https:\/\/namaki.fr\/de\/wp-json\/wp\/v2\/product_tag?post=145122"}],"curies":[{"name":"wp","href":"https:\/\/api.w.org\/{rel}","templated":true}]}}