{"id":145238,"date":"2024-01-24T09:47:42","date_gmt":"2024-01-24T08:47:42","guid":{"rendered":"https:\/\/namaki.fr\/?post_type=product&#038;p=145238"},"modified":"2024-06-26T11:45:15","modified_gmt":"2024-06-26T09:45:15","slug":"buch-robert-delaunay-der-eiffelturm","status":"publish","type":"product","link":"https:\/\/namaki.fr\/de\/produit\/livre-robert-delaunay-la-tour-eiffel\/","title":{"rendered":"Buch Robert Delaunay, der Eiffelturm"},"content":{"rendered":"<p>L'art en jeu ist eine Buchreihe, mit der Kinder die Kunst des 20. und 21. Jahrhunderts entdecken k\u00f6nnen. Mithilfe von Bildern, Fragen, Grafiken und Spielen kommen sie Seite f\u00fcr Seite einem Kunstwerk n\u00e4her. Eine Einladung, die Kunst von heute auf spielerische Weise zu entdecken.<\/p>\n<ul>\n<li><strong>Autoren<\/strong> : Sophie Curtil und Milos Cvach<\/li>\n<li><strong>Herausgeber<\/strong> : Editions du Centre Pompidou<\/li>\n<li><strong>Abmessungen<\/strong> : 20 x 20 cm<\/li>\n<li><strong>Jahr der Ver\u00f6ffentlichung<\/strong> : 2023<\/li>\n<li><strong>Anzahl der Seiten<\/strong> : 36<\/li>\n<li><strong>EAN<\/strong> : 9782844269478<\/li>\n<\/ul>","protected":false},"excerpt":{"rendered":"<p>Der Eiffelturm ist eines der Lieblingsmotive des Malers Robert Delaunay. Es ist unm\u00f6glich, ihn mit einem einzigen Blick zu erfassen. Seine Metallarchitektur entfaltet und windet sich, gl\u00fcht und zerberstet in ein gigantisches Kaleidoskop. Aber wie hat der Maler all das mit seinen Pinseln eingefangen?<\/p>","protected":false},"featured_media":148391,"comment_status":"closed","ping_status":"closed","template":"","meta":{"_acf_changed":false},"product_brand":[],"product_cat":[55,34,36],"product_tag":[328],"class_list":{"0":"post-145238","1":"product","2":"type-product","3":"status-publish","4":"has-post-thumbnail","6":"product_cat-accessoires-maquillage-enfants","7":"product_cat-maquillage-deguisement","8":"product_cat-univers-occasions","9":"product_tag-maquillage-centre-pompidou","11":"first","12":"instock","13":"taxable","14":"shipping-taxable","15":"purchasable","16":"product-type-simple"},"gallery_images":[145240,145239,145242,145241],"acf":[],"_links":{"self":[{"href":"https:\/\/namaki.fr\/de\/wp-json\/wp\/v2\/product\/145238","targetHints":{"allow":["GET"]}}],"collection":[{"href":"https:\/\/namaki.fr\/de\/wp-json\/wp\/v2\/product"}],"about":[{"href":"https:\/\/namaki.fr\/de\/wp-json\/wp\/v2\/types\/product"}],"replies":[{"embeddable":true,"href":"https:\/\/namaki.fr\/de\/wp-json\/wp\/v2\/comments?post=145238"}],"wp:featuredmedia":[{"embeddable":true,"href":"https:\/\/namaki.fr\/de\/wp-json\/wp\/v2\/media\/148391"}],"wp:attachment":[{"href":"https:\/\/namaki.fr\/de\/wp-json\/wp\/v2\/media?parent=145238"}],"wp:term":[{"taxonomy":"product_brand","embeddable":true,"href":"https:\/\/namaki.fr\/de\/wp-json\/wp\/v2\/product_brand?post=145238"},{"taxonomy":"product_cat","embeddable":true,"href":"https:\/\/namaki.fr\/de\/wp-json\/wp\/v2\/product_cat?post=145238"},{"taxonomy":"product_tag","embeddable":true,"href":"https:\/\/namaki.fr\/de\/wp-json\/wp\/v2\/product_tag?post=145238"}],"curies":[{"name":"wp","href":"https:\/\/api.w.org\/{rel}","templated":true}]}}