{"id":145246,"date":"2024-01-24T10:52:16","date_gmt":"2024-01-24T09:52:16","guid":{"rendered":"https:\/\/namaki.fr\/?post_type=product&#038;p=145246"},"modified":"2024-06-26T10:45:49","modified_gmt":"2024-06-26T08:45:49","slug":"buch-piet-mondrian-new-york","status":"publish","type":"product","link":"https:\/\/namaki.fr\/de\/produit\/livre-piet-mondrian-new-york\/","title":{"rendered":"Buch Piet Mondrian, New York"},"content":{"rendered":"<p>L'art en jeu ist eine Buchreihe, mit der Kinder die Kunst des 20. und 21. Jahrhunderts entdecken k\u00f6nnen. Mithilfe von Bildern, Fragen, Grafiken und Spielen kommen sie Seite f\u00fcr Seite einem Kunstwerk n\u00e4her. Eine Einladung, die Kunst von heute auf spielerische Weise zu entdecken.<\/p>\n<ul>\n<li><strong>Autoren<\/strong> : Sophie Curtil<\/li>\n<li><strong>Herausgeber<\/strong> : Editions du Centre Pompidou<\/li>\n<li><strong>Abmessungen<\/strong> : 20 x 20 cm<\/li>\n<li><strong>Jahr der Ver\u00f6ffentlichung<\/strong> : 2022<\/li>\n<li><strong>Anzahl der Seiten<\/strong> : 32<\/li>\n<li><strong>EAN<\/strong> : 9782844269171<\/li>\n<\/ul>","protected":false},"excerpt":{"rendered":"<p>New York City: rote, gelbe und blaue Rechtecke. Vertikale und horizontale Linien, die sich kreuzen. Bis ins Unendliche. Spiele mit Verdeckungen und Ausschnitten erkunden diese variablen Geometrien. Der Autor des Buches enth\u00fcllt auf raffinierte Weise, wie Mondrian, durchdrungen und gen\u00e4hrt vom Rausch der Stadt New York, zu dieser schlichten Darstellung gelangte, die wie ein Fenster zur Neuen Welt wirkt.<\/p>","protected":false},"featured_media":148390,"comment_status":"closed","ping_status":"closed","template":"","meta":{"_acf_changed":false},"product_brand":[],"product_cat":[55,34,36],"product_tag":[328],"class_list":{"0":"post-145246","1":"product","2":"type-product","3":"status-publish","4":"has-post-thumbnail","6":"product_cat-accessoires-maquillage-enfants","7":"product_cat-maquillage-deguisement","8":"product_cat-univers-occasions","9":"product_tag-maquillage-centre-pompidou","11":"first","12":"instock","13":"taxable","14":"shipping-taxable","15":"purchasable","16":"product-type-simple"},"gallery_images":[145252,145249,145250,145253],"acf":[],"_links":{"self":[{"href":"https:\/\/namaki.fr\/de\/wp-json\/wp\/v2\/product\/145246","targetHints":{"allow":["GET"]}}],"collection":[{"href":"https:\/\/namaki.fr\/de\/wp-json\/wp\/v2\/product"}],"about":[{"href":"https:\/\/namaki.fr\/de\/wp-json\/wp\/v2\/types\/product"}],"replies":[{"embeddable":true,"href":"https:\/\/namaki.fr\/de\/wp-json\/wp\/v2\/comments?post=145246"}],"wp:featuredmedia":[{"embeddable":true,"href":"https:\/\/namaki.fr\/de\/wp-json\/wp\/v2\/media\/148390"}],"wp:attachment":[{"href":"https:\/\/namaki.fr\/de\/wp-json\/wp\/v2\/media?parent=145246"}],"wp:term":[{"taxonomy":"product_brand","embeddable":true,"href":"https:\/\/namaki.fr\/de\/wp-json\/wp\/v2\/product_brand?post=145246"},{"taxonomy":"product_cat","embeddable":true,"href":"https:\/\/namaki.fr\/de\/wp-json\/wp\/v2\/product_cat?post=145246"},{"taxonomy":"product_tag","embeddable":true,"href":"https:\/\/namaki.fr\/de\/wp-json\/wp\/v2\/product_tag?post=145246"}],"curies":[{"name":"wp","href":"https:\/\/api.w.org\/{rel}","templated":true}]}}