{"id":145254,"date":"2024-01-24T11:18:43","date_gmt":"2024-01-24T10:18:43","guid":{"rendered":"https:\/\/namaki.fr\/?post_type=product&#038;p=145254"},"modified":"2024-06-26T15:00:54","modified_gmt":"2024-06-26T13:00:54","slug":"buch-vassily-kandinsky-bleu-de-ciel","status":"publish","type":"product","link":"https:\/\/namaki.fr\/de\/produit\/livre-vassily-kandinsky-bleu-du-ciel\/","title":{"rendered":"Buch Wassily Kandinsky, Himmelblau"},"content":{"rendered":"<p>L'art en jeu ist eine Buchreihe, mit der Kinder die Kunst des 20. und 21. Jahrhunderts entdecken k\u00f6nnen. Mithilfe von Bildern, Fragen, Grafiken und Spielen kommen sie Seite f\u00fcr Seite einem Kunstwerk n\u00e4her. Eine Einladung, die Kunst von heute auf spielerische Weise zu entdecken.<\/p>\n<ul>\n<li><strong>Autoren<\/strong> : Max-Henri de Larminat<\/li>\n<li><strong>Herausgeber<\/strong> : Editions du Centre Pompidou<\/li>\n<li><strong>Abmessungen<\/strong> : 20 x 20 cm<\/li>\n<li><strong>Jahr der Ver\u00f6ffentlichung<\/strong> : 2022<\/li>\n<li><strong>Anzahl der Seiten<\/strong> : 34<\/li>\n<li><strong>EAN<\/strong> : 9782844269164<\/li>\n<\/ul>","protected":false},"excerpt":{"rendered":"<p>Kandinskys Werk \"Bleu de ciel\" nimmt uns mit auf eine Reise vom unendlich Kleinen zum unendlich Gro\u00dfen und l\u00e4sst sich wie durch die Lupe eines Mikroskops oder das Fernrohr eines Teleskops betrachten. Kandinsky hat es mit seltsamen Kreaturen bev\u00f6lkert...<\/p>","protected":false},"featured_media":148392,"comment_status":"closed","ping_status":"closed","template":"","meta":{"_acf_changed":false},"product_brand":[],"product_cat":[55,34,36],"product_tag":[328],"class_list":{"0":"post-145254","1":"product","2":"type-product","3":"status-publish","4":"has-post-thumbnail","6":"product_cat-accessoires-maquillage-enfants","7":"product_cat-maquillage-deguisement","8":"product_cat-univers-occasions","9":"product_tag-maquillage-centre-pompidou","11":"first","12":"instock","13":"taxable","14":"shipping-taxable","15":"purchasable","16":"product-type-simple"},"gallery_images":[145259,145257,145261,145258],"acf":[],"_links":{"self":[{"href":"https:\/\/namaki.fr\/de\/wp-json\/wp\/v2\/product\/145254","targetHints":{"allow":["GET"]}}],"collection":[{"href":"https:\/\/namaki.fr\/de\/wp-json\/wp\/v2\/product"}],"about":[{"href":"https:\/\/namaki.fr\/de\/wp-json\/wp\/v2\/types\/product"}],"replies":[{"embeddable":true,"href":"https:\/\/namaki.fr\/de\/wp-json\/wp\/v2\/comments?post=145254"}],"wp:featuredmedia":[{"embeddable":true,"href":"https:\/\/namaki.fr\/de\/wp-json\/wp\/v2\/media\/148392"}],"wp:attachment":[{"href":"https:\/\/namaki.fr\/de\/wp-json\/wp\/v2\/media?parent=145254"}],"wp:term":[{"taxonomy":"product_brand","embeddable":true,"href":"https:\/\/namaki.fr\/de\/wp-json\/wp\/v2\/product_brand?post=145254"},{"taxonomy":"product_cat","embeddable":true,"href":"https:\/\/namaki.fr\/de\/wp-json\/wp\/v2\/product_cat?post=145254"},{"taxonomy":"product_tag","embeddable":true,"href":"https:\/\/namaki.fr\/de\/wp-json\/wp\/v2\/product_tag?post=145254"}],"curies":[{"name":"wp","href":"https:\/\/api.w.org\/{rel}","templated":true}]}}