{"id":146377,"date":"2024-03-20T09:16:33","date_gmt":"2024-03-20T08:16:33","guid":{"rendered":"https:\/\/namaki.fr\/?post_type=product&#038;p=146377"},"modified":"2026-01-05T10:00:46","modified_gmt":"2026-01-05T09:00:46","slug":"lidschattenpalette-3-farben-sommer","status":"publish","type":"product","link":"https:\/\/namaki.fr\/de\/produit\/palette-3-fards-a-paupieres-ete\/","title":{"rendered":"Lidschattenpalette 3 Nuancen Sommer"},"content":{"rendered":"<p>Die zarten, warmen Farbt\u00f6ne unserer Lidschattenpalette sind der perfekte Begleiter f\u00fcr Sommertage, die nur darauf warten, mit Abenteuern und Erinnerungen gef\u00fcllt zu werden.<\/p>\n<ul>\n<li>Angenehme Anwendung: Der Doppelspitzen-Applikator sorgt f\u00fcr ein zartes Gef\u00fchl auf den Augenlidern.<\/li>\n<li>Einfaches Abschminken: l\u00e4sst sich mit Wasser und Seife entfernen.<\/li>\n<li>Gesundheitsschonend: Die nat\u00fcrliche Formulierung der Schminke, die unter dermatologischer Aufsicht getestet wurde, und die Cosmos Bio-Zertifizierung garantieren Ihnen eine risikofreie Anwendung.<\/li>\n<li>Spielerisches und praktisches Format: Die Box enth\u00e4lt einen integrierten Spiegel und l\u00e4sst sich leicht \u00fcberall hin mitnehmen.<\/li>\n<li>Engagement f\u00fcr die Umwelt: \u00f6kologisch gestaltete Verpackung, die recycelt werden kann.<\/li>\n<\/ul>\n<p>&nbsp;<\/p>","protected":false},"excerpt":{"rendered":"<p>Die drei Farben der Lidschattenpalette Sommer bringen die Augenlider Ihrer Kinder dezent zum Leuchten und schonen dabei die zarte Haut. Die Lidschatten in diesem Sortiment sind perlmuttfarben wie die Muscheln, die am Strand liegen. F\u00fcr lange, sonnige Tage am Meer.<\/p>","protected":false},"featured_media":148254,"comment_status":"closed","ping_status":"closed","template":"","meta":{"_acf_changed":false},"product_brand":[],"product_cat":[58,35,36,49],"product_tag":[308],"class_list":{"0":"post-146377","1":"product","2":"type-product","3":"status-publish","4":"has-post-thumbnail","6":"product_cat-fards-paupieres","7":"product_cat-maquillage-enfant","8":"product_cat-univers-occasions","9":"product_cat-maquillage-noel-nouvel-an","10":"product_tag-coffrets-palettes-maquillage-enfant","12":"first","13":"instock","14":"taxable","15":"shipping-taxable","16":"purchasable","17":"product-type-simple"},"gallery_images":[148250,146560,146562,148243,146613,146561,146614,146612],"acf":[],"_links":{"self":[{"href":"https:\/\/namaki.fr\/de\/wp-json\/wp\/v2\/product\/146377","targetHints":{"allow":["GET"]}}],"collection":[{"href":"https:\/\/namaki.fr\/de\/wp-json\/wp\/v2\/product"}],"about":[{"href":"https:\/\/namaki.fr\/de\/wp-json\/wp\/v2\/types\/product"}],"replies":[{"embeddable":true,"href":"https:\/\/namaki.fr\/de\/wp-json\/wp\/v2\/comments?post=146377"}],"wp:featuredmedia":[{"embeddable":true,"href":"https:\/\/namaki.fr\/de\/wp-json\/wp\/v2\/media\/148254"}],"wp:attachment":[{"href":"https:\/\/namaki.fr\/de\/wp-json\/wp\/v2\/media?parent=146377"}],"wp:term":[{"taxonomy":"product_brand","embeddable":true,"href":"https:\/\/namaki.fr\/de\/wp-json\/wp\/v2\/product_brand?post=146377"},{"taxonomy":"product_cat","embeddable":true,"href":"https:\/\/namaki.fr\/de\/wp-json\/wp\/v2\/product_cat?post=146377"},{"taxonomy":"product_tag","embeddable":true,"href":"https:\/\/namaki.fr\/de\/wp-json\/wp\/v2\/product_tag?post=146377"}],"curies":[{"name":"wp","href":"https:\/\/api.w.org\/{rel}","templated":true}]}}