{"id":146378,"date":"2024-03-20T09:19:18","date_gmt":"2024-03-20T08:19:18","guid":{"rendered":"https:\/\/namaki.fr\/?post_type=product&#038;p=146378"},"modified":"2026-01-05T10:00:37","modified_gmt":"2026-01-05T09:00:37","slug":"lidschattenpalette-3-farben-fruehling","status":"publish","type":"product","link":"https:\/\/namaki.fr\/de\/produit\/palette-3-fards-a-paupieres-printemps\/","title":{"rendered":"Lidschattenpalette 3 Nuancen Fr\u00fchling"},"content":{"rendered":"<p>Diese Lidschatten in sanften, harmonischen Farben entf\u00fchren Sie und Ihre Kinder in die verborgenen G\u00e4rten der Fantasie. Dank der stabilen Verpackung aus Karton k\u00f6nnen sie in der Handtasche mitgenommen werden.<\/p>\n<ul>\n<li>Angenehme Anwendung: Der Doppelspitzen-Applikator sorgt f\u00fcr ein zartes Gef\u00fchl auf den Augenlidern.<\/li>\n<li>Einfaches Abschminken: l\u00e4sst sich mit Wasser und Seife entfernen.<\/li>\n<li>Gesundheitsschonend: Die nat\u00fcrliche Formulierung der Schminke, die unter dermatologischer Aufsicht getestet wurde, und die Cosmos Bio-Zertifizierung garantieren Ihnen eine risikofreie Anwendung.<\/li>\n<li>Spielerisches und praktisches Format: Die Box enth\u00e4lt einen integrierten Spiegel und l\u00e4sst sich leicht \u00fcberall hin mitnehmen.<\/li>\n<li>Engagement f\u00fcr die Umwelt: \u00f6kologisch gestaltete Verpackung, die recycelt werden kann.<\/li>\n<\/ul>\n<p>&nbsp;<\/p>","protected":false},"excerpt":{"rendered":"<p>Unsere Lidschattenpalette 3 Nuancen Fr\u00fchling k\u00fcndigt die R\u00fcckkehr der sch\u00f6nen Tage an. Mit ihrer kinderfreundlichen Formel bietet sie Ihren Liebsten unendlich viele M\u00f6glichkeiten, sich auszudr\u00fccken. Die Lidschatten in Gr\u00fcn, Pfirsich und Rosa feiern das Erwachen der Natur und ihrer zarten Farben.<\/p>","protected":false},"featured_media":148260,"comment_status":"closed","ping_status":"closed","template":"","meta":{"_acf_changed":false},"product_brand":[],"product_cat":[58,35,36,49,294],"product_tag":[308],"class_list":{"0":"post-146378","1":"product","2":"type-product","3":"status-publish","4":"has-post-thumbnail","6":"product_cat-fards-paupieres","7":"product_cat-maquillage-enfant","8":"product_cat-univers-occasions","9":"product_cat-maquillage-noel-nouvel-an","10":"product_cat-meilleures-ventes-maquillage","11":"product_tag-coffrets-palettes-maquillage-enfant","13":"first","14":"instock","15":"taxable","16":"shipping-taxable","17":"purchasable","18":"product-type-simple"},"gallery_images":[148261,146557,146559,148247,146599,146558,146602,146818],"acf":[],"_links":{"self":[{"href":"https:\/\/namaki.fr\/de\/wp-json\/wp\/v2\/product\/146378","targetHints":{"allow":["GET"]}}],"collection":[{"href":"https:\/\/namaki.fr\/de\/wp-json\/wp\/v2\/product"}],"about":[{"href":"https:\/\/namaki.fr\/de\/wp-json\/wp\/v2\/types\/product"}],"replies":[{"embeddable":true,"href":"https:\/\/namaki.fr\/de\/wp-json\/wp\/v2\/comments?post=146378"}],"wp:featuredmedia":[{"embeddable":true,"href":"https:\/\/namaki.fr\/de\/wp-json\/wp\/v2\/media\/148260"}],"wp:attachment":[{"href":"https:\/\/namaki.fr\/de\/wp-json\/wp\/v2\/media?parent=146378"}],"wp:term":[{"taxonomy":"product_brand","embeddable":true,"href":"https:\/\/namaki.fr\/de\/wp-json\/wp\/v2\/product_brand?post=146378"},{"taxonomy":"product_cat","embeddable":true,"href":"https:\/\/namaki.fr\/de\/wp-json\/wp\/v2\/product_cat?post=146378"},{"taxonomy":"product_tag","embeddable":true,"href":"https:\/\/namaki.fr\/de\/wp-json\/wp\/v2\/product_tag?post=146378"}],"curies":[{"name":"wp","href":"https:\/\/api.w.org\/{rel}","templated":true}]}}