{"id":146380,"date":"2024-03-20T11:41:54","date_gmt":"2024-03-20T10:41:54","guid":{"rendered":"https:\/\/namaki.fr\/?post_type=product&#038;p=146380"},"modified":"2024-11-14T15:56:33","modified_gmt":"2024-11-14T14:56:33","slug":"lipgloss-glitzer-rosa","status":"publish","type":"product","link":"https:\/\/namaki.fr\/de\/produit\/gloss-rose-paillete\/","title":{"rendered":"Lipgloss"},"content":{"rendered":"<p>Dank seiner Anreicherung mit Bio-\u00d6len hinterl\u00e4sst unser Lipgloss die Lippen zart und verleiht ihnen einen leicht rosigen Farbton. Zus\u00e4tzlich sch\u00fctzt er sie vor dem Austrocknen.<\/p>\n<ul>\n<li>Einfach zu verwenden: Der Lippenbalsam l\u00e4sst sich kinderleicht auftragen und pflegt die Lippen.<\/li>\n<li>Gesundheitsfreundlich: Die vegane Formulierung mit Rizinus-, Sesam- und Mandel\u00f6l, die dermatologisch getestet wurde, und die Cosmos Organic-Zertifizierung garantieren Ihnen eine risikofreie Anwendung.<\/li>\n<li>Engagement f\u00fcr die Umwelt: umweltfreundliche und recycelbare Verpackung.<\/li>\n<li>Das kleine Plus: spendet Feuchtigkeit und sch\u00fctzt die oberen Hautschichten<\/li>\n<\/ul>\n<p>&nbsp;<\/p>","protected":false},"excerpt":{"rendered":"<p>Dieser rosafarbene, glitzernde Lipgloss macht die Lippen zart und verleiht ihnen einen dezenten Glanz. Sein k\u00f6stlicher Pfirsichduft verleiht jedem L\u00e4cheln das gewisse Etwas.<\/p>","protected":false},"featured_media":146617,"comment_status":"closed","ping_status":"closed","template":"","meta":{"_acf_changed":false},"product_brand":[],"product_cat":[59,35,36,47,49,294],"product_tag":[],"class_list":{"0":"post-146380","1":"product","2":"type-product","3":"status-publish","4":"has-post-thumbnail","6":"product_cat-baumes-levre","7":"product_cat-maquillage-enfant","8":"product_cat-univers-occasions","9":"product_cat-maquillage-feerique","10":"product_cat-maquillage-noel-nouvel-an","11":"product_cat-meilleures-ventes-maquillage","13":"first","14":"instock","15":"taxable","16":"shipping-taxable","17":"purchasable","18":"product-type-simple"},"gallery_images":[146621,146597,146596,146622,146619,146620],"acf":[],"_links":{"self":[{"href":"https:\/\/namaki.fr\/de\/wp-json\/wp\/v2\/product\/146380","targetHints":{"allow":["GET"]}}],"collection":[{"href":"https:\/\/namaki.fr\/de\/wp-json\/wp\/v2\/product"}],"about":[{"href":"https:\/\/namaki.fr\/de\/wp-json\/wp\/v2\/types\/product"}],"replies":[{"embeddable":true,"href":"https:\/\/namaki.fr\/de\/wp-json\/wp\/v2\/comments?post=146380"}],"wp:featuredmedia":[{"embeddable":true,"href":"https:\/\/namaki.fr\/de\/wp-json\/wp\/v2\/media\/146617"}],"wp:attachment":[{"href":"https:\/\/namaki.fr\/de\/wp-json\/wp\/v2\/media?parent=146380"}],"wp:term":[{"taxonomy":"product_brand","embeddable":true,"href":"https:\/\/namaki.fr\/de\/wp-json\/wp\/v2\/product_brand?post=146380"},{"taxonomy":"product_cat","embeddable":true,"href":"https:\/\/namaki.fr\/de\/wp-json\/wp\/v2\/product_cat?post=146380"},{"taxonomy":"product_tag","embeddable":true,"href":"https:\/\/namaki.fr\/de\/wp-json\/wp\/v2\/product_tag?post=146380"}],"curies":[{"name":"wp","href":"https:\/\/api.w.org\/{rel}","templated":true}]}}