{"id":146932,"date":"2024-04-22T16:43:11","date_gmt":"2024-04-22T14:43:11","guid":{"rendered":"https:\/\/namaki.fr\/?post_type=product&#038;p=146932"},"modified":"2026-01-05T10:05:04","modified_gmt":"2026-01-05T09:05:04","slug":"vanille-lippenbalsam-2","status":"publish","type":"product","link":"https:\/\/namaki.fr\/de\/produit\/baume-a-levres-vanille-2\/","title":{"rendered":"Lippenbalsam Vanille"},"content":{"rendered":"<p>Treten Sie ein in die s\u00fc\u00dfe Welt von Namaki! Unser Kinder-Lippenbalsam Vanille ist wie eine sanfte Liebkosung f\u00fcr die Lippen. Er versorgt sie mit Feuchtigkeit und sch\u00fctzt sie, w\u00e4hrend er ihnen einen k\u00f6stlichen, gl\u00e4nzenden Schimmer verleiht.<\/p>\n<ul>\n<li>Einfach zu verwenden: Der Lippenbalsam l\u00e4sst sich kinderleicht auftragen und pflegt die Lippen.<\/li>\n<li>Gesundheitsschonend: Die vegane Formulierung mit Rizinus\u00f6l und Sheabutter, die dermatologisch getestet wurde, und die Cosmos Organic-Zertifizierung garantieren Ihnen eine risikofreie Anwendung.<\/li>\n<li>Engagement f\u00fcr die Umwelt: umweltfreundliche und recycelbare Verpackung.<\/li>\n<li>Das kleine Plus: spendet Feuchtigkeit und sch\u00fctzt die oberen Hautschichten<\/li>\n<\/ul>\n<p>&nbsp;<\/p>","protected":false},"excerpt":{"rendered":"<p>Der Lippenbalsam f\u00fcr Kinder Vanille gl\u00e4nzt wie Sonnenstrahlen und duftet so paradiesisch wie eine Urlaubsinsel \u2013 und versieht die Lippen mit einem Hauch Magie.<\/p>","protected":false},"featured_media":146951,"comment_status":"closed","ping_status":"closed","template":"","meta":{"_acf_changed":false},"product_brand":[],"product_cat":[59,35,36,49],"product_tag":[],"class_list":{"0":"post-146932","1":"product","2":"type-product","3":"status-publish","4":"has-post-thumbnail","6":"product_cat-baumes-levre","7":"product_cat-maquillage-enfant","8":"product_cat-univers-occasions","9":"product_cat-maquillage-noel-nouvel-an","10":"pa_certifications-vegan","11":"pa_certifications-cosmetique-bio-cosmos","12":"pa_points-forts-baume-hydratant","13":"pa_points-forts-nuances-douces-et-nacrees","15":"first","16":"instock","17":"taxable","18":"shipping-taxable","19":"purchasable","20":"product-type-simple"},"gallery_images":[146954,132719,132718,146955,146956,146953],"acf":[],"_links":{"self":[{"href":"https:\/\/namaki.fr\/de\/wp-json\/wp\/v2\/product\/146932","targetHints":{"allow":["GET"]}}],"collection":[{"href":"https:\/\/namaki.fr\/de\/wp-json\/wp\/v2\/product"}],"about":[{"href":"https:\/\/namaki.fr\/de\/wp-json\/wp\/v2\/types\/product"}],"replies":[{"embeddable":true,"href":"https:\/\/namaki.fr\/de\/wp-json\/wp\/v2\/comments?post=146932"}],"wp:featuredmedia":[{"embeddable":true,"href":"https:\/\/namaki.fr\/de\/wp-json\/wp\/v2\/media\/146951"}],"wp:attachment":[{"href":"https:\/\/namaki.fr\/de\/wp-json\/wp\/v2\/media?parent=146932"}],"wp:term":[{"taxonomy":"product_brand","embeddable":true,"href":"https:\/\/namaki.fr\/de\/wp-json\/wp\/v2\/product_brand?post=146932"},{"taxonomy":"product_cat","embeddable":true,"href":"https:\/\/namaki.fr\/de\/wp-json\/wp\/v2\/product_cat?post=146932"},{"taxonomy":"product_tag","embeddable":true,"href":"https:\/\/namaki.fr\/de\/wp-json\/wp\/v2\/product_tag?post=146932"}],"curies":[{"name":"wp","href":"https:\/\/api.w.org\/{rel}","templated":true}]}}