{"id":146933,"date":"2024-04-22T16:43:13","date_gmt":"2024-04-22T14:43:13","guid":{"rendered":"https:\/\/namaki.fr\/?post_type=product&#038;p=146933"},"modified":"2026-03-02T14:08:05","modified_gmt":"2026-03-02T13:08:05","slug":"lippenbalsam-himbeere","status":"publish","type":"product","link":"https:\/\/namaki.fr\/de\/produit\/baume-a-levres-framboise\/","title":{"rendered":"Lippenbalsam Himbeere"},"content":{"rendered":"<p>Stellen Sie sich vor, Sie befinden sich in einem verwunschenen Garten, umgeben von saftigen, s\u00fc\u00dfen Himbeeren. Unser Lippenbalsam Himbeere ist ein wahrer Leckerbissen f\u00fcr die Lippen Ihres Kindes. Er versorgt sie mit Feuchtigkeit und sch\u00fctzt sie, w\u00e4hrend er ihnen einen herrlich rosigen Glanz verleiht.<\/p>\n<ul>\n<li>Einfach zu verwenden: Der Lippenbalsam l\u00e4sst sich kinderleicht auftragen und pflegt die Lippen.<\/li>\n<li>Gesundheitsschonend: Die vegane Formulierung mit Rizinus\u00f6l und Sheabutter, die dermatologisch getestet wurde, und die Cosmos Organic-Zertifizierung garantieren Ihnen eine risikofreie Anwendung.<\/li>\n<li>Engagement f\u00fcr die Umwelt: umweltfreundliche und recycelbare Verpackung.<\/li>\n<li>Das kleine Plus: spendet Feuchtigkeit und sch\u00fctzt die oberen Hautschichten<\/li>\n<\/ul>\n<p>&nbsp;<\/p>","protected":false},"excerpt":{"rendered":"<p>Mit einem Hauch von Rosa pflegt der Kinder-Lippenbalsam Himbeere die Lippen Ihrer Liebsten und erlaubt es ihnen, \"es den Gro\u00dfen gleich zu tun\".<\/p>","protected":false},"featured_media":146945,"comment_status":"closed","ping_status":"closed","template":"","meta":{"_acf_changed":false},"product_brand":[],"product_cat":[59,35,36,49,294],"product_tag":[],"class_list":{"0":"post-146933","1":"product","2":"type-product","3":"status-publish","4":"has-post-thumbnail","6":"product_cat-baumes-levre","7":"product_cat-maquillage-enfant","8":"product_cat-univers-occasions","9":"product_cat-maquillage-noel-nouvel-an","10":"product_cat-meilleures-ventes-maquillage","11":"pa_certifications-vegan","12":"pa_certifications-cosmetique-bio-cosmos","13":"pa_points-forts-baume-hydratant","14":"pa_points-forts-nuances-douces-et-nacrees","16":"first","17":"instock","18":"taxable","19":"shipping-taxable","20":"purchasable","21":"product-type-simple"},"gallery_images":[146948,134313,134314,146949,146950,146947],"acf":[],"_links":{"self":[{"href":"https:\/\/namaki.fr\/de\/wp-json\/wp\/v2\/product\/146933","targetHints":{"allow":["GET"]}}],"collection":[{"href":"https:\/\/namaki.fr\/de\/wp-json\/wp\/v2\/product"}],"about":[{"href":"https:\/\/namaki.fr\/de\/wp-json\/wp\/v2\/types\/product"}],"replies":[{"embeddable":true,"href":"https:\/\/namaki.fr\/de\/wp-json\/wp\/v2\/comments?post=146933"}],"wp:featuredmedia":[{"embeddable":true,"href":"https:\/\/namaki.fr\/de\/wp-json\/wp\/v2\/media\/146945"}],"wp:attachment":[{"href":"https:\/\/namaki.fr\/de\/wp-json\/wp\/v2\/media?parent=146933"}],"wp:term":[{"taxonomy":"product_brand","embeddable":true,"href":"https:\/\/namaki.fr\/de\/wp-json\/wp\/v2\/product_brand?post=146933"},{"taxonomy":"product_cat","embeddable":true,"href":"https:\/\/namaki.fr\/de\/wp-json\/wp\/v2\/product_cat?post=146933"},{"taxonomy":"product_tag","embeddable":true,"href":"https:\/\/namaki.fr\/de\/wp-json\/wp\/v2\/product_tag?post=146933"}],"curies":[{"name":"wp","href":"https:\/\/api.w.org\/{rel}","templated":true}]}}