{"id":146975,"date":"2024-04-24T11:08:18","date_gmt":"2024-04-24T09:08:18","guid":{"rendered":"https:\/\/namaki.fr\/?post_type=product&#038;p=146975"},"modified":"2026-01-05T09:55:42","modified_gmt":"2026-01-05T08:55:42","slug":"schminkstift-kinder-fein-einzeln-orange","status":"publish","type":"product","link":"https:\/\/namaki.fr\/de\/produit\/crayon-de-maquillage-fin-unite-orange\/","title":{"rendered":"Schminkstift f\u00fcr Kinder fein einzeln \u2022 Orange"},"content":{"rendered":"<p>Unsere feinen Kinderschminkstifte sind das perfekte Werkzeug, um pr\u00e4zise Linien zu ziehen. Mit Ihrer weichen, ultrafeinen Spitze k\u00f6nnen Sie Ihrer Kinderschminke Details hinzuf\u00fcgen, um ihr den letzten Schliff zu verleihen. Die mit dem Bio-Zertifikat ausgezeichneten Stifte sind Ihr treuer Begleiter!<\/p>\n<ul>\n<li>Die Farbe Orange: um Ihre Kinderschminke zu entfachen.<\/li>\n<li>Einfaches Auftragen: Die weiche Textur der Spitze unseres Schminkstifts, die mit BIO-Kokosnuss\u00f6l formuliert wurde, garantiert Ihnen pr\u00e4zise Linien, ohne zu verschmieren.<\/li>\n<li>Hautfreundlich: Unsere Kinderschminkstifte wurden mit der Cosmos Bio-Zertifizierung ausgezeichnet, enthalten nat\u00fcrliche Inhaltsstoffe h\u00f6chster Qualit\u00e4t und wurden dermatologisch getestet.<\/li>\n<li>Sichere Anwendung: Die Kinderschminkstifte entsprechen der CE-Norm f\u00fcr Spielzeug.<\/li>\n<li>Einfaches Abschminken: l\u00e4sst sich mit Wasser und Seife entfernen.<\/li>\n<li>\u00d6kologisches Engagement: Umweltfreundliche und recycelbare Verpackung, die Stiftkappen sind aus recyceltem Kunststoff hergestellt.<\/li>\n<\/ul>","protected":false},"excerpt":{"rendered":"<p>Haben Sie Lust, Ihrer Kinderschminke Details hinzuzuf\u00fcgen? Die Schminkstifte f\u00fcr Kinder in Orange mit einer feinen Spitze sind ideal, um ein paar rote Haare in ein Fell zu zeichnen oder einer M\u00e4rchenfigur Sommersprossen zu schenken.<\/p>","protected":false},"featured_media":146976,"comment_status":"closed","ping_status":"closed","template":"","meta":{"_acf_changed":false},"product_brand":[],"product_cat":[51,34,36,48],"product_tag":[],"class_list":{"0":"post-146975","1":"product","2":"type-product","3":"status-publish","4":"has-post-thumbnail","6":"product_cat-crayons-maquillage-enfant","7":"product_cat-maquillage-deguisement","8":"product_cat-univers-occasions","9":"product_cat-maquillage-animaux","10":"pa_certifications-vegan","11":"pa_certifications-cosmetique-bio-cosmos","12":"pa_points-forts-application-simple","13":"pa_points-forts-demaquillage-facile","15":"first","16":"instock","17":"taxable","18":"shipping-taxable","19":"purchasable","20":"product-type-simple"},"gallery_images":[146977,147220,147290],"acf":[],"_links":{"self":[{"href":"https:\/\/namaki.fr\/de\/wp-json\/wp\/v2\/product\/146975","targetHints":{"allow":["GET"]}}],"collection":[{"href":"https:\/\/namaki.fr\/de\/wp-json\/wp\/v2\/product"}],"about":[{"href":"https:\/\/namaki.fr\/de\/wp-json\/wp\/v2\/types\/product"}],"replies":[{"embeddable":true,"href":"https:\/\/namaki.fr\/de\/wp-json\/wp\/v2\/comments?post=146975"}],"wp:featuredmedia":[{"embeddable":true,"href":"https:\/\/namaki.fr\/de\/wp-json\/wp\/v2\/media\/146976"}],"wp:attachment":[{"href":"https:\/\/namaki.fr\/de\/wp-json\/wp\/v2\/media?parent=146975"}],"wp:term":[{"taxonomy":"product_brand","embeddable":true,"href":"https:\/\/namaki.fr\/de\/wp-json\/wp\/v2\/product_brand?post=146975"},{"taxonomy":"product_cat","embeddable":true,"href":"https:\/\/namaki.fr\/de\/wp-json\/wp\/v2\/product_cat?post=146975"},{"taxonomy":"product_tag","embeddable":true,"href":"https:\/\/namaki.fr\/de\/wp-json\/wp\/v2\/product_tag?post=146975"}],"curies":[{"name":"wp","href":"https:\/\/api.w.org\/{rel}","templated":true}]}}