{"id":146990,"date":"2024-04-24T11:22:24","date_gmt":"2024-04-24T09:22:24","guid":{"rendered":"https:\/\/namaki.fr\/?post_type=product&#038;p=146990"},"modified":"2026-01-05T09:54:43","modified_gmt":"2026-01-05T08:54:43","slug":"schminkstift-kinder-fein-einzeln-gelb","status":"publish","type":"product","link":"https:\/\/namaki.fr\/de\/produit\/crayon-de-maquillage-fin-unite-jaune\/","title":{"rendered":"Schminkstift f\u00fcr Kinder fein einzeln \u2022 Gelb"},"content":{"rendered":"<p>Unsere feinen Kinderschminkstifte sind das perfekte Werkzeug, um pr\u00e4zise Linien zu ziehen. Mit Ihrer weichen, ultrafeinen Spitze k\u00f6nnen Sie Ihrer Kinderschminke Details hinzuf\u00fcgen, um ihr den letzten Schliff zu verleihen. Die mit dem Bio-Zertifikat ausgezeichneten Stifte sind Ihr treuer Begleiter!<\/p>\n<ul>\n<li>Gelbe Farbe: L\u00e4sst Ihre Kinderschminke strahlen.<\/li>\n<li>Einfaches Auftragen: Die weiche Spitze des Stifts, die mit BIO-Kokosnuss\u00f6l formuliert wurde, garantiert Ihnen pr\u00e4zise Linien, ohne zu verschmieren.<\/li>\n<li>Hautfreundlich: Unsere Kinderschminkstifte wurden mit der Cosmos Bio-Zertifizierung ausgezeichnet, enthalten nat\u00fcrliche Inhaltsstoffe h\u00f6chster Qualit\u00e4t und wurden dermatologisch getestet.<\/li>\n<li>Sichere Anwendung: Die Kinderschminkstifte entsprechen der CE-Norm f\u00fcr Spielzeug.<\/li>\n<li>Einfaches Abschminken: die Kinderschminke l\u00e4sst sich mit Wasser und Seife entfernen.<\/li>\n<li>Umweltbewusst: \u00d6kologisch gestaltete und recycelbare Verpackung.<\/li>\n<\/ul>\n<p>&nbsp;<\/p>","protected":false},"excerpt":{"rendered":"<p>Die Schminkstifte f\u00fcr Kinder mit einer feinen Spitze in Gelb sind ideal, um Blumen zu zeichnen oder ein sch\u00f6nes, fr\u00fchlingshaftes Kinder Make up zu kreieren.<\/p>","protected":false},"featured_media":146991,"comment_status":"closed","ping_status":"closed","template":"","meta":{"_acf_changed":false},"product_brand":[],"product_cat":[51,34,36,44,48,336],"product_tag":[],"class_list":{"0":"post-146990","1":"product","2":"type-product","3":"status-publish","4":"has-post-thumbnail","6":"product_cat-crayons-maquillage-enfant","7":"product_cat-maquillage-deguisement","8":"product_cat-univers-occasions","9":"product_cat-maquillage-carnaval","10":"product_cat-maquillage-animaux","11":"product_cat-maquillage-evenements-sportifs","12":"pa_certifications-vegan","13":"pa_certifications-cosmetique-bio-cosmos","14":"pa_points-forts-application-simple","15":"pa_points-forts-demaquillage-facile","17":"first","18":"instock","19":"taxable","20":"shipping-taxable","21":"purchasable","22":"product-type-simple"},"gallery_images":[146992,147215,147290,147237],"acf":[],"_links":{"self":[{"href":"https:\/\/namaki.fr\/de\/wp-json\/wp\/v2\/product\/146990","targetHints":{"allow":["GET"]}}],"collection":[{"href":"https:\/\/namaki.fr\/de\/wp-json\/wp\/v2\/product"}],"about":[{"href":"https:\/\/namaki.fr\/de\/wp-json\/wp\/v2\/types\/product"}],"replies":[{"embeddable":true,"href":"https:\/\/namaki.fr\/de\/wp-json\/wp\/v2\/comments?post=146990"}],"wp:featuredmedia":[{"embeddable":true,"href":"https:\/\/namaki.fr\/de\/wp-json\/wp\/v2\/media\/146991"}],"wp:attachment":[{"href":"https:\/\/namaki.fr\/de\/wp-json\/wp\/v2\/media?parent=146990"}],"wp:term":[{"taxonomy":"product_brand","embeddable":true,"href":"https:\/\/namaki.fr\/de\/wp-json\/wp\/v2\/product_brand?post=146990"},{"taxonomy":"product_cat","embeddable":true,"href":"https:\/\/namaki.fr\/de\/wp-json\/wp\/v2\/product_cat?post=146990"},{"taxonomy":"product_tag","embeddable":true,"href":"https:\/\/namaki.fr\/de\/wp-json\/wp\/v2\/product_tag?post=146990"}],"curies":[{"name":"wp","href":"https:\/\/api.w.org\/{rel}","templated":true}]}}