{"id":146993,"date":"2024-04-24T11:25:13","date_gmt":"2024-04-24T09:25:13","guid":{"rendered":"https:\/\/namaki.fr\/?post_type=product&#038;p=146993"},"modified":"2026-01-05T09:54:33","modified_gmt":"2026-01-05T08:54:33","slug":"schminkstift-kinder-fein-einzeln-gruen","status":"publish","type":"product","link":"https:\/\/namaki.fr\/de\/produit\/crayon-de-maquillage-fin-unite-vert\/","title":{"rendered":"Schminkstift f\u00fcr Kinder fein einzeln \u2022 Gr\u00fcn"},"content":{"rendered":"<p>Unsere feinen Kinderschminkstifte sind das perfekte Werkzeug, um pr\u00e4zise Linien zu ziehen. Mit Ihrer weichen, ultrafeinen Spitze k\u00f6nnen Sie Ihrer Kinderschminke Details hinzuf\u00fcgen, um ihr den letzten Schliff zu verleihen. Die mit dem Bio-Zertifikat ausgezeichneten Stifte sind Ihr treuer Begleiter!<\/p>\n<ul>\n<li>Gr\u00fcne Farbe: Damit Sie der Natur noch n\u00e4her kommen.<\/li>\n<li>Einfaches Auftragen: Die weiche Spitze des Stifts, die mit BIO-Kokosnuss\u00f6l formuliert wurde, garantiert Ihnen pr\u00e4zise Linien, ohne zu verschmieren.<\/li>\n<li>Hautfreundlich: Unsere Kinderschminkstifte wurden mit der Cosmos Bio-Zertifizierung ausgezeichnet, enthalten nat\u00fcrliche Inhaltsstoffe h\u00f6chster Qualit\u00e4t und wurden dermatologisch getestet.<\/li>\n<li>Sichere Anwendung: Die Kinderschminkstifte entsprechen der CE-Norm f\u00fcr Spielzeug.<\/li>\n<li>Einfaches Abschminken: die Kinderschminke l\u00e4sst sich mit Wasser und Seife entfernen.<\/li>\n<li>Umweltbewusst: \u00d6kologisch gestaltete und recycelbare Verpackung.<\/li>\n<\/ul>\n<p>&nbsp;<\/p>","protected":false},"excerpt":{"rendered":"<p>Ein kleines Blatt hier, ein freundlicher Gecko dort \u2013 die Schminkstifte f\u00fcr Kinder mit feiner Spitze in Gr\u00fcn versehen Ihre Kinderschminke mit zarten Verzierungen und nehmen Sie mit auf eine Entdeckungsreise durch die Natur. Bereit f\u00fcr ein Abenteuer?<\/p>","protected":false},"featured_media":146994,"comment_status":"closed","ping_status":"closed","template":"","meta":{"_acf_changed":false},"product_brand":[],"product_cat":[51,34,36,44,46,336],"product_tag":[],"class_list":{"0":"post-146993","1":"product","2":"type-product","3":"status-publish","4":"has-post-thumbnail","6":"product_cat-crayons-maquillage-enfant","7":"product_cat-maquillage-deguisement","8":"product_cat-univers-occasions","9":"product_cat-maquillage-carnaval","10":"product_cat-maquillage-halloween","11":"product_cat-maquillage-evenements-sportifs","12":"pa_certifications-vegan","13":"pa_certifications-cosmetique-bio-cosmos","14":"pa_points-forts-application-simple","15":"pa_points-forts-demaquillage-facile","17":"first","18":"instock","19":"taxable","20":"shipping-taxable","21":"purchasable","22":"product-type-simple"},"gallery_images":[146995,147214,147290,147238],"acf":[],"_links":{"self":[{"href":"https:\/\/namaki.fr\/de\/wp-json\/wp\/v2\/product\/146993","targetHints":{"allow":["GET"]}}],"collection":[{"href":"https:\/\/namaki.fr\/de\/wp-json\/wp\/v2\/product"}],"about":[{"href":"https:\/\/namaki.fr\/de\/wp-json\/wp\/v2\/types\/product"}],"replies":[{"embeddable":true,"href":"https:\/\/namaki.fr\/de\/wp-json\/wp\/v2\/comments?post=146993"}],"wp:featuredmedia":[{"embeddable":true,"href":"https:\/\/namaki.fr\/de\/wp-json\/wp\/v2\/media\/146994"}],"wp:attachment":[{"href":"https:\/\/namaki.fr\/de\/wp-json\/wp\/v2\/media?parent=146993"}],"wp:term":[{"taxonomy":"product_brand","embeddable":true,"href":"https:\/\/namaki.fr\/de\/wp-json\/wp\/v2\/product_brand?post=146993"},{"taxonomy":"product_cat","embeddable":true,"href":"https:\/\/namaki.fr\/de\/wp-json\/wp\/v2\/product_cat?post=146993"},{"taxonomy":"product_tag","embeddable":true,"href":"https:\/\/namaki.fr\/de\/wp-json\/wp\/v2\/product_tag?post=146993"}],"curies":[{"name":"wp","href":"https:\/\/api.w.org\/{rel}","templated":true}]}}