{"id":146999,"date":"2024-04-24T11:30:46","date_gmt":"2024-04-24T09:30:46","guid":{"rendered":"https:\/\/namaki.fr\/?post_type=product&#038;p=146999"},"modified":"2026-01-05T09:54:03","modified_gmt":"2026-01-05T08:54:03","slug":"schminkstift-kinder-fein-einzeln-rot","status":"publish","type":"product","link":"https:\/\/namaki.fr\/de\/produit\/crayon-de-maquillage-fin-unite-rouge\/","title":{"rendered":"Schminkstift f\u00fcr Kinder fein einzeln \u2022 Rot"},"content":{"rendered":"<p>Unsere feinen Kinderschminkstifte sind das perfekte Werkzeug, um pr\u00e4zise Linien zu ziehen. Mit Ihrer weichen, ultrafeinen Spitze k\u00f6nnen Sie Ihrer Kinderschminke Details hinzuf\u00fcgen, um ihr den letzten Schliff zu verleihen. Die mit dem Bio-Zertifikat ausgezeichneten Stifte sind Ihr treuer Begleiter!<\/p>\n<ul>\n<li>Rote Farbe: f\u00fcr eine feurige Kinderschminke.<\/li>\n<li>Einfaches Auftragen: Die weiche Textur der Spitze unseres Schminkstifts, die mit BIO-Kokosnuss\u00f6l formuliert wurde, garantiert Ihnen pr\u00e4zise Linien, ohne zu verschmieren.<\/li>\n<li>Hautfreundlich: Unsere Kinderschminkstifte wurden mit der Cosmos Bio-Zertifizierung ausgezeichnet, enthalten nat\u00fcrliche Inhaltsstoffe h\u00f6chster Qualit\u00e4t und wurden dermatologisch getestet.<\/li>\n<li>Sichere Anwendung: Die Kinderschminkstifte entsprechen der CE-Norm f\u00fcr Spielzeug.<\/li>\n<li>Einfaches Abschminken: l\u00e4sst sich mit Wasser und Seife entfernen.<\/li>\n<li>\u00d6kologisches Engagement: Umweltfreundliche und recycelbare Verpackung, die Stiftkappen sind aus recyceltem Kunststoff hergestellt.<\/li>\n<\/ul>\n<p>&nbsp;<\/p>","protected":false},"excerpt":{"rendered":"<p>Um einen Kuss auf die Wange oder einen kleinen Marienk\u00e4fer auf den Arm zu zeichnen, sind die Schminkstifte f\u00fcr Kinder mit feiner Spitze in Rot ideal.  Mit ihrer kr\u00e4ftigen Farbe und ihren pr\u00e4zisen Linien werden sie Ihre Kinder garantiert begeistern!<\/p>","protected":false},"featured_media":147000,"comment_status":"closed","ping_status":"closed","template":"","meta":{"_acf_changed":false},"product_brand":[],"product_cat":[51,34,36,44,45,336],"product_tag":[],"class_list":{"0":"post-146999","1":"product","2":"type-product","3":"status-publish","4":"has-post-thumbnail","6":"product_cat-crayons-maquillage-enfant","7":"product_cat-maquillage-deguisement","8":"product_cat-univers-occasions","9":"product_cat-maquillage-carnaval","10":"product_cat-maquillage-super-heros","11":"product_cat-maquillage-evenements-sportifs","12":"pa_certifications-cosmetique-bio-cosmos","13":"pa_points-forts-application-simple","14":"pa_points-forts-demaquillage-facile","16":"first","17":"instock","18":"taxable","19":"shipping-taxable","20":"purchasable","21":"product-type-simple"},"gallery_images":[147001,147212,147290],"acf":[],"_links":{"self":[{"href":"https:\/\/namaki.fr\/de\/wp-json\/wp\/v2\/product\/146999","targetHints":{"allow":["GET"]}}],"collection":[{"href":"https:\/\/namaki.fr\/de\/wp-json\/wp\/v2\/product"}],"about":[{"href":"https:\/\/namaki.fr\/de\/wp-json\/wp\/v2\/types\/product"}],"replies":[{"embeddable":true,"href":"https:\/\/namaki.fr\/de\/wp-json\/wp\/v2\/comments?post=146999"}],"wp:featuredmedia":[{"embeddable":true,"href":"https:\/\/namaki.fr\/de\/wp-json\/wp\/v2\/media\/147000"}],"wp:attachment":[{"href":"https:\/\/namaki.fr\/de\/wp-json\/wp\/v2\/media?parent=146999"}],"wp:term":[{"taxonomy":"product_brand","embeddable":true,"href":"https:\/\/namaki.fr\/de\/wp-json\/wp\/v2\/product_brand?post=146999"},{"taxonomy":"product_cat","embeddable":true,"href":"https:\/\/namaki.fr\/de\/wp-json\/wp\/v2\/product_cat?post=146999"},{"taxonomy":"product_tag","embeddable":true,"href":"https:\/\/namaki.fr\/de\/wp-json\/wp\/v2\/product_tag?post=146999"}],"curies":[{"name":"wp","href":"https:\/\/api.w.org\/{rel}","templated":true}]}}