{"id":147019,"date":"2024-04-24T14:43:04","date_gmt":"2024-04-24T12:43:04","guid":{"rendered":"https:\/\/namaki.fr\/?post_type=product&#038;p=147019"},"modified":"2025-04-10T09:59:48","modified_gmt":"2025-04-10T07:59:48","slug":"doppel-anspitzer","status":"publish","type":"product","link":"https:\/\/namaki.fr\/de\/produit\/taille-crayon-double\/","title":{"rendered":"Doppel-Anspitzer"},"content":{"rendered":"","protected":false},"excerpt":{"rendered":"<p>Um seine Schminkstifte richtig zu pflegen, muss man sie regelm\u00e4\u00dfig anspitzen. Genau das macht dieser 2-in-1-Anspitzer m\u00f6glich. Ob fein oder Jumbo, ihm entgeht kein Kinderschminkstift! Au\u00dferdem verf\u00fcgt er \u00fcber ein Reservoir und ist mit einem Reinigungsst\u00e4bchen ausgestattet, um eine praktische und dauerhafte Nutzung zu gew\u00e4hrleisten.<\/p>","protected":false},"featured_media":148386,"comment_status":"closed","ping_status":"closed","template":"","meta":{"_acf_changed":false},"product_brand":[],"product_cat":[55,34,36],"product_tag":[],"class_list":{"0":"post-147019","1":"product","2":"type-product","3":"status-publish","4":"has-post-thumbnail","6":"product_cat-accessoires-maquillage-enfants","7":"product_cat-maquillage-deguisement","8":"product_cat-univers-occasions","10":"first","11":"instock","12":"taxable","13":"shipping-taxable","14":"purchasable","15":"product-type-simple"},"gallery_images":[148387,147312,147311,148388],"acf":[],"_links":{"self":[{"href":"https:\/\/namaki.fr\/de\/wp-json\/wp\/v2\/product\/147019","targetHints":{"allow":["GET"]}}],"collection":[{"href":"https:\/\/namaki.fr\/de\/wp-json\/wp\/v2\/product"}],"about":[{"href":"https:\/\/namaki.fr\/de\/wp-json\/wp\/v2\/types\/product"}],"replies":[{"embeddable":true,"href":"https:\/\/namaki.fr\/de\/wp-json\/wp\/v2\/comments?post=147019"}],"wp:featuredmedia":[{"embeddable":true,"href":"https:\/\/namaki.fr\/de\/wp-json\/wp\/v2\/media\/148386"}],"wp:attachment":[{"href":"https:\/\/namaki.fr\/de\/wp-json\/wp\/v2\/media?parent=147019"}],"wp:term":[{"taxonomy":"product_brand","embeddable":true,"href":"https:\/\/namaki.fr\/de\/wp-json\/wp\/v2\/product_brand?post=147019"},{"taxonomy":"product_cat","embeddable":true,"href":"https:\/\/namaki.fr\/de\/wp-json\/wp\/v2\/product_cat?post=147019"},{"taxonomy":"product_tag","embeddable":true,"href":"https:\/\/namaki.fr\/de\/wp-json\/wp\/v2\/product_tag?post=147019"}],"curies":[{"name":"wp","href":"https:\/\/api.w.org\/{rel}","templated":true}]}}