{"id":147758,"date":"2024-05-24T15:46:58","date_gmt":"2024-05-24T13:46:58","guid":{"rendered":"https:\/\/namaki.fr\/?post_type=product&#038;p=147758"},"modified":"2024-08-20T14:37:20","modified_gmt":"2024-08-20T12:37:20","slug":"schminkstifte-kinder-3-farben-buch-piet-mondrian","status":"publish","type":"product","link":"https:\/\/namaki.fr\/de\/produit\/crayons-de-maquillage-3-couleurs-livre-mondrian\/","title":{"rendered":"Schminkstifte 3 Farben \u2022 Centre Pompidou x Namaki + Buch Piet Mondrian"},"content":{"rendered":"<p>Stellen Sie sich vor, Sie k\u00f6nnten dank Kinderschminke ber\u00fchmte Kunstwerke entdecken...\u00c4hnlich wie Malpaletten bieten die Produkte von Namaki die M\u00f6glichkeit, frei zu experimentieren und ein Kunstwerk zu interpretieren. Ausgehend von Mondrians Werk werden Kinder (von 3 bis 99 Jahren!) dazu eingeladen, Formen und Farben auf ihrem eigenen K\u00f6rper zu erforschen.<\/p>\n<ul>\n<li>Einfaches Auftragen: Die weiche Spitze des Stifts, die mit BIO-Kokosnuss\u00f6l formuliert wurde, garantiert Ihnen pr\u00e4zise Linien, ohne zu verschmieren.<\/li>\n<li>Hautfreundlich: Unsere Kinderschminkstifte wurden mit der Cosmos Bio-Zertifizierung ausgezeichnet, enthalten nat\u00fcrliche Inhaltsstoffe h\u00f6chster Qualit\u00e4t und wurden dermatologisch getestet.<\/li>\n<li>Sichere Anwendung: Die Kinderschminkstifte entsprechen der CE-Norm f\u00fcr Spielzeug.<\/li>\n<li>Einfaches Abschminken: die Kinderschminke l\u00e4sst sich mit Wasser und Seife entfernen.<\/li>\n<li>Umweltbewusst: \u00d6kologisch gestaltete und recycelbare Verpackung.<\/li>\n<\/ul>\n<p>Zus\u00e4tzlich zu der Schminkaktivit\u00e4t k\u00f6nnen Sie mit diesem Set die Buchreihe L'Art en Jeu entdecken, die Kindern die Kunst des 20. und 21. Jahrhunderts n\u00e4herbringt. Seite f\u00fcr Seite lernen Ihre Liebsten ein Kunstwerk \u00fcber Bilder, Fragen, Grafiken, \u00dcberraschungen und Spiele kennen. Eine Einladung, die Kunst von heute auf spielerische Weise zu betrachten.<\/p>\n<ul>\n<li><strong>Autoren<\/strong>\u00a0: Sophie Curtil<\/li>\n<li><strong>Herausgeber<\/strong>\u00a0: Editions du Centre Pompidou<\/li>\n<li><strong>Abmessungen<\/strong>\u00a0: 20 x 20 cm<\/li>\n<li><strong>Jahr der Ver\u00f6ffentlichung<\/strong>\u00a0: 2022<\/li>\n<li><strong>Anzahl der Seiten<\/strong>\u00a0: 32<\/li>\n<li><strong>EAN<\/strong>\u00a0: 9782844269171<\/li>\n<\/ul>","protected":false},"excerpt":{"rendered":"<p>Tauchen Sie mit diesem Komplettset zu dem K\u00fcnstler Piet Mondrian in die Welt der modernen Kunst ein: ein Set mit 3 Jumbo-Schminkstiften f\u00fcr Kinder, inspiriert von dem Werk \"New York\". Sie machen den K\u00f6rper im Nullkommanichts zu einer Leinwand, die es zu bemalen gilt. Au\u00dferdem finden Sie in dem Set ein Buch aus der Kollektion l'Art Jeu, die das Centre Pompidou herausgegeben hat.<\/p>","protected":false},"featured_media":147794,"comment_status":"closed","ping_status":"closed","template":"","meta":{"_acf_changed":false},"product_brand":[],"product_cat":[51,34,36,338],"product_tag":[328],"class_list":{"0":"post-147758","1":"product","2":"type-product","3":"status-publish","4":"has-post-thumbnail","6":"product_cat-crayons-maquillage-enfant","7":"product_cat-maquillage-deguisement","8":"product_cat-univers-occasions","9":"product_cat-promotions","10":"product_tag-maquillage-centre-pompidou","11":"pa_points-forts-application-simple","12":"pa_points-forts-demaquillage-facile","14":"first","15":"instock","16":"sale","17":"taxable","18":"shipping-taxable","19":"purchasable","20":"product-type-simple"},"gallery_images":[147792,145208,145209,145204,147793,145279,148263,145205,145252,145253],"acf":[],"_links":{"self":[{"href":"https:\/\/namaki.fr\/de\/wp-json\/wp\/v2\/product\/147758","targetHints":{"allow":["GET"]}}],"collection":[{"href":"https:\/\/namaki.fr\/de\/wp-json\/wp\/v2\/product"}],"about":[{"href":"https:\/\/namaki.fr\/de\/wp-json\/wp\/v2\/types\/product"}],"replies":[{"embeddable":true,"href":"https:\/\/namaki.fr\/de\/wp-json\/wp\/v2\/comments?post=147758"}],"wp:featuredmedia":[{"embeddable":true,"href":"https:\/\/namaki.fr\/de\/wp-json\/wp\/v2\/media\/147794"}],"wp:attachment":[{"href":"https:\/\/namaki.fr\/de\/wp-json\/wp\/v2\/media?parent=147758"}],"wp:term":[{"taxonomy":"product_brand","embeddable":true,"href":"https:\/\/namaki.fr\/de\/wp-json\/wp\/v2\/product_brand?post=147758"},{"taxonomy":"product_cat","embeddable":true,"href":"https:\/\/namaki.fr\/de\/wp-json\/wp\/v2\/product_cat?post=147758"},{"taxonomy":"product_tag","embeddable":true,"href":"https:\/\/namaki.fr\/de\/wp-json\/wp\/v2\/product_tag?post=147758"}],"curies":[{"name":"wp","href":"https:\/\/api.w.org\/{rel}","templated":true}]}}