{"id":148532,"date":"2024-06-24T09:23:17","date_gmt":"2024-06-24T07:23:17","guid":{"rendered":"https:\/\/namaki.fr\/?post_type=product&#038;p=148532"},"modified":"2026-03-18T13:58:11","modified_gmt":"2026-03-18T12:58:11","slug":"glitzer-schminkstifte-kinder-3-farben-gold-kupfer-rosa","status":"publish","type":"product","link":"https:\/\/namaki.fr\/de\/produit\/crayons-de-maquillage-pailletes-jumbo-or-cuivre-rose\/","title":{"rendered":"Glitzer Kinderschminkstift  - Jumbo | Gold-Kupfer-Rosa"},"content":{"rendered":"<p>Dieses Set kombiniert leuchtende Farben und Glitzer f\u00fcr einen schimmernden Effekt \u2013 zus\u00e4tzlich besitzt es eine angenehme Textur, die Sie dahinschmelzen lassen wird. M\u00fcheloses Auftragen f\u00fcr ein makelloses Finish auf dem Gesicht oder dem ganzen K\u00f6rper. F\u00fcr das perfekte Sommerfeeling.<\/p>\n<ul>\n<li>Einfaches Auftragen: Die weiche Textur der Mine, die auf der Basis von BIO-Jojoba\u00f6l formuliert ist, garantiert Ihnen pr\u00e4zise Linien, ohne zu verschmieren.<\/li>\n<li>Hautfreundlich: Unsere Kinderschminkstifte wurden mit der Cosmos Bio-Zertifizierung ausgezeichnet, enthalten nat\u00fcrliche Inhaltsstoffe h\u00f6chster Qualit\u00e4t und wurden dermatologisch getestet.<\/li>\n<li>Einfaches Abschminken: die Kinderschminke l\u00e4sst sich mit Wasser und Seife entfernen.<\/li>\n<li>Umweltbewusst: \u00d6kologisch gestaltete und recycelbare Verpackung.<\/li>\n<\/ul>\n<p>&nbsp;<\/p>","protected":false},"excerpt":{"rendered":"<p>Mit diesem 3-er Set aus glitzernden Kinderschminkstiften sind Sonne und gute Laune garantiert! Denn mit diesen drei Jumbo-Glitzerstiften in Gold, Kupfer und Pink k\u00f6nnen Sie Ihren Sommerurlaub noch etwas verl\u00e4ngern und von fernen Str\u00e4nden tr\u00e4umen.<\/p>","protected":false},"featured_media":150661,"comment_status":"closed","ping_status":"closed","template":"","meta":{"_acf_changed":false},"product_brand":[],"product_cat":[339,35,36,47,49,51,294],"product_tag":[328],"class_list":{"0":"post-148532","1":"product","2":"type-product","3":"status-publish","4":"has-post-thumbnail","6":"product_cat-crayons-de-maquillage-pailletes","7":"product_cat-maquillage-enfant","8":"product_cat-univers-occasions","9":"product_cat-maquillage-feerique","10":"product_cat-maquillage-noel-nouvel-an","11":"product_cat-crayons-maquillage-enfant","12":"product_cat-meilleures-ventes-maquillage","13":"product_tag-maquillage-centre-pompidou","15":"first","16":"instock","17":"taxable","18":"shipping-taxable","19":"purchasable","20":"product-type-simple"},"gallery_images":[150664,150849,150954,150665,150663,153881],"acf":[],"_links":{"self":[{"href":"https:\/\/namaki.fr\/de\/wp-json\/wp\/v2\/product\/148532","targetHints":{"allow":["GET"]}}],"collection":[{"href":"https:\/\/namaki.fr\/de\/wp-json\/wp\/v2\/product"}],"about":[{"href":"https:\/\/namaki.fr\/de\/wp-json\/wp\/v2\/types\/product"}],"replies":[{"embeddable":true,"href":"https:\/\/namaki.fr\/de\/wp-json\/wp\/v2\/comments?post=148532"}],"wp:featuredmedia":[{"embeddable":true,"href":"https:\/\/namaki.fr\/de\/wp-json\/wp\/v2\/media\/150661"}],"wp:attachment":[{"href":"https:\/\/namaki.fr\/de\/wp-json\/wp\/v2\/media?parent=148532"}],"wp:term":[{"taxonomy":"product_brand","embeddable":true,"href":"https:\/\/namaki.fr\/de\/wp-json\/wp\/v2\/product_brand?post=148532"},{"taxonomy":"product_cat","embeddable":true,"href":"https:\/\/namaki.fr\/de\/wp-json\/wp\/v2\/product_cat?post=148532"},{"taxonomy":"product_tag","embeddable":true,"href":"https:\/\/namaki.fr\/de\/wp-json\/wp\/v2\/product_tag?post=148532"}],"curies":[{"name":"wp","href":"https:\/\/api.w.org\/{rel}","templated":true}]}}