{"id":149388,"date":"2024-07-10T09:34:04","date_gmt":"2024-07-10T07:34:04","guid":{"rendered":"https:\/\/namaki.fr\/?post_type=product&#038;p=149388"},"modified":"2024-07-25T11:37:50","modified_gmt":"2024-07-25T09:37:50","slug":"kindertattoos-und-buch-centre-pompidou-x-namaki","status":"publish","type":"product","link":"https:\/\/namaki.fr\/de\/produit\/tatouages-enfant-et-livre-centre-pompidou-x-namaki\/","title":{"rendered":"Kindertattoos \u2022 Centre Pompidou x Namaki + Buch Vassily Kandinsky"},"content":{"rendered":"<p>Stellen Sie sich vor, Sie k\u00f6nnten dank Kinderschminke ber\u00fchmte Kunstwerke entdecken...\u00c4hnlich wie Malpaletten bieten die Produkte von Namaki die M\u00f6glichkeit, frei zu experimentieren und ein Kunstwerk zu interpretieren. Ausgehend von Kandinskys Werk werden Kinder (von 3 bis 99 Jahren!) dazu eingeladen, Formen und Farben auf ihrem eigenen K\u00f6rper zu erforschen.<\/p>\n<ul>\n<li>Einfach anzuwenden<\/li>\n<li>Gedruckt mit pflanzlichen Tinten<\/li>\n<li>Dermatologisch getestet<\/li>\n<li>Verschiedene Motivgr\u00f6\u00dfen<\/li>\n<li>Exklusive Illustrationen aus \"<strong>Bleu de ciel<\/strong>\" von Wassily Kandinsky<\/li>\n<li>Je nach Modell zwischen 5 und 6 Motiven pro Abziehbogen<\/li>\n<li>Zertifizierung CE-Norm Spielzeug<\/li>\n<\/ul>\n<p>Zus\u00e4tzlich zu der Schminkaktivit\u00e4t k\u00f6nnen Sie mit diesem Set die Buchreihe L'Art en Jeu entdecken, die Kindern die Kunst des 20. und 21. Jahrhunderts n\u00e4herbringt. Seite f\u00fcr Seite lernen Ihre Liebsten ein Kunstwerk \u00fcber Bilder, Fragen, Grafiken, \u00dcberraschungen und Spiele kennen. Eine Einladung, die Kunst von heute auf spielerische Weise zu betrachten.<\/p>\n<ul>\n<li><strong>Autoren<\/strong>\u00a0: Max-Henri de Larminat<\/li>\n<li><strong>Herausgeber<\/strong>\u00a0: Editions du Centre Pompidou<\/li>\n<li><strong>Abmessungen<\/strong>\u00a0: 20 x 20 cm<\/li>\n<li><strong>Jahr der Ver\u00f6ffentlichung<\/strong>\u00a0: 2022<\/li>\n<li><strong>Anzahl der Seiten<\/strong>\u00a0: 34<\/li>\n<li><strong>EAN<\/strong>\u00a0: 9782844269164<\/li>\n<\/ul>","protected":false},"excerpt":{"rendered":"<p>Erkunden Sie die Welt der modernen Kunst mit diesem Komplettset zu dem K\u00fcnstler Wassily Kandinsky: darin finden Sie Kindertattoos, die von dem fesselnden Werk \"Bleu de Ciel\" inspiriert sind und jeweils eine der Kreaturen auf dem Gem\u00e4lde darstellen. Zudem finden Sie in dem Set ein Buch aus der Kollektion l'Art Jeu, herausgegeben vom Centre Pompidou.<\/p>","protected":false},"featured_media":149390,"comment_status":"closed","ping_status":"closed","template":"","meta":{"_acf_changed":false},"product_brand":[],"product_cat":[53,34,36,338],"product_tag":[328,330],"class_list":{"0":"post-149388","1":"product","2":"type-product","3":"status-publish","4":"has-post-thumbnail","6":"product_cat-tatouage-enfant","7":"product_cat-maquillage-deguisement","8":"product_cat-univers-occasions","9":"product_cat-promotions","10":"product_tag-maquillage-centre-pompidou","11":"product_tag-meta-tatouages","12":"pa_points-forts-application-simple","13":"pa_points-forts-encres-vegetales","15":"first","16":"instock","17":"sale","18":"taxable","19":"shipping-taxable","20":"purchasable","21":"product-type-simple"},"gallery_images":[149392,145280,149393,145232,149394,145237,148239,145234,149396,149395],"acf":[],"_links":{"self":[{"href":"https:\/\/namaki.fr\/de\/wp-json\/wp\/v2\/product\/149388","targetHints":{"allow":["GET"]}}],"collection":[{"href":"https:\/\/namaki.fr\/de\/wp-json\/wp\/v2\/product"}],"about":[{"href":"https:\/\/namaki.fr\/de\/wp-json\/wp\/v2\/types\/product"}],"replies":[{"embeddable":true,"href":"https:\/\/namaki.fr\/de\/wp-json\/wp\/v2\/comments?post=149388"}],"wp:featuredmedia":[{"embeddable":true,"href":"https:\/\/namaki.fr\/de\/wp-json\/wp\/v2\/media\/149390"}],"wp:attachment":[{"href":"https:\/\/namaki.fr\/de\/wp-json\/wp\/v2\/media?parent=149388"}],"wp:term":[{"taxonomy":"product_brand","embeddable":true,"href":"https:\/\/namaki.fr\/de\/wp-json\/wp\/v2\/product_brand?post=149388"},{"taxonomy":"product_cat","embeddable":true,"href":"https:\/\/namaki.fr\/de\/wp-json\/wp\/v2\/product_cat?post=149388"},{"taxonomy":"product_tag","embeddable":true,"href":"https:\/\/namaki.fr\/de\/wp-json\/wp\/v2\/product_tag?post=149388"}],"curies":[{"name":"wp","href":"https:\/\/api.w.org\/{rel}","templated":true}]}}