{"id":149398,"date":"2024-07-10T10:27:34","date_gmt":"2024-07-10T08:27:34","guid":{"rendered":"https:\/\/namaki.fr\/?post_type=product&#038;p=149398"},"modified":"2026-04-07T17:04:48","modified_gmt":"2026-04-07T15:04:48","slug":"schminkpalette-kinder-6-farben-buch-robert-delaunay","status":"publish","type":"product","link":"https:\/\/namaki.fr\/de\/produit\/palette-de-maquillage-6-couleurs-et-livre-art-en-jeu\/","title":{"rendered":"Schminkpalette 6 Farben \u2022 Centre Pompidou x Namaki + Buch Robert Delaunay"},"content":{"rendered":"<p>Stellen Sie sich vor, Sie k\u00f6nnten dank Kinderschminke ber\u00fchmte Kunstwerke entdecken...\u00c4hnlich wie Malpaletten bieten die Produkte von Namaki die M\u00f6glichkeit, frei zu experimentieren und ein Kunstwerk zu interpretieren. Ausgehend von Delaunays Werk werden Kinder (von 3 bis 99 Jahren!) dazu eingeladen, Formen und Farben auf ihrem eigenen K\u00f6rper zu erforschen.<\/p>\n<ul>\n<li>6 Farben: Neben Wei\u00df und Schwarz erkunden Ihre Kinder die schillernden Farbt\u00f6ne von T\u00fcrkis, Rot, Gr\u00fcn und Gelb.<\/li>\n<li>All-in-One: Dieses Set enth\u00e4lt einen Kosmetikpinsel.<\/li>\n<li>Hautfreundlich: Die Schminkpalette wurde mit der Cosmos Bio-Zertifizierung ausgezeichnet und dermatologisch getestet \u2013 sie ist hypoallergen und gesundheitlich unbedenklich.<\/li>\n<li>Traumhafte Textur: Die mit Bio-Reispuder formulierte, zarte und seidige Textur erm\u00f6glicht ein m\u00fcheloses Auftragen.<\/li>\n<li>Vielseitigkeit: Mit dieser Schminkpalette k\u00f6nnen Sie bis zu 30 verschiedene Kinderschminken ausprobieren. Ideal f\u00fcr den t\u00e4glichen Gebrauch oder f\u00fcr besondere Anl\u00e4sse.<\/li>\n<li>Einfaches Abschminken: l\u00e4sst sich einfach mit Wasser und Seife entfernen.<\/li>\n<li>Sicherheit: Entspricht der CE-Norm f\u00fcr Spielzeug f\u00fcr unbeschwerten Spielspa\u00df.<\/li>\n<li>Umweltfreundlich: \u00f6kologisch sinnvoll gestaltete und recycelbare Verpackung.<\/li>\n<\/ul>\n<p>Zus\u00e4tzlich zu der Schminkaktivit\u00e4t k\u00f6nnen Sie mit diesem Set die Buchreihe L'Art en Jeu entdecken, die Kindern die Kunst des 20. und 21. Jahrhunderts n\u00e4herbringt. Seite f\u00fcr Seite lernen Ihre Liebsten ein Kunstwerk \u00fcber Bilder, Fragen, Grafiken, \u00dcberraschungen und Spiele kennen. Eine Einladung, die Kunst von heute auf spielerische Weise zu betrachten.<\/p>\n<ul>\n<li><strong>Autoren<\/strong>\u00a0: Sophie Curtil und Milos Cvach<\/li>\n<li><strong>Herausgeber<\/strong>\u00a0: Editions du Centre Pompidou<\/li>\n<li><strong>Abmessungen<\/strong>\u00a0: 20 x 20 cm<\/li>\n<li><strong>Jahr der Ver\u00f6ffentlichung<\/strong>\u00a0: 2023<\/li>\n<li><strong>Anzahl der Seiten<\/strong>\u00a0: 36<\/li>\n<li><strong>EAN<\/strong>\u00a0: 9782844269478<\/li>\n<\/ul>\n<p>&nbsp;<\/p>","protected":false},"excerpt":{"rendered":"<p>Erkunden Sie die Welt der modernen Kunst mit diesem Komplettset zu dem K\u00fcnstler Robert Delaunay: eine Schminkpalette f\u00fcr Kinder, mit einer Vielzahl von Farben, die kombiniert und gemischt werden k\u00f6nnen, sowie ein Buch aus der Kollektion l'Art Jeu, Editions du Centre Pompidou.<\/p>","protected":false},"featured_media":149399,"comment_status":"closed","ping_status":"closed","template":"","meta":{"_acf_changed":false},"product_brand":[],"product_cat":[50,34,36,338],"product_tag":[328],"class_list":{"0":"post-149398","1":"product","2":"type-product","3":"status-publish","4":"has-post-thumbnail","6":"product_cat-palettes-maquillage-enfant","7":"product_cat-maquillage-deguisement","8":"product_cat-univers-occasions","9":"product_cat-promotions","10":"product_tag-maquillage-centre-pompidou","11":"pa_points-forts-demaquillage-facile","13":"first","14":"outofstock","15":"sale","16":"taxable","17":"shipping-taxable","18":"purchasable","19":"product-type-simple"},"gallery_images":[149401,145276,149402,145126,149405,145120,148256,145127,149404,149403],"acf":[],"_links":{"self":[{"href":"https:\/\/namaki.fr\/de\/wp-json\/wp\/v2\/product\/149398","targetHints":{"allow":["GET"]}}],"collection":[{"href":"https:\/\/namaki.fr\/de\/wp-json\/wp\/v2\/product"}],"about":[{"href":"https:\/\/namaki.fr\/de\/wp-json\/wp\/v2\/types\/product"}],"replies":[{"embeddable":true,"href":"https:\/\/namaki.fr\/de\/wp-json\/wp\/v2\/comments?post=149398"}],"wp:featuredmedia":[{"embeddable":true,"href":"https:\/\/namaki.fr\/de\/wp-json\/wp\/v2\/media\/149399"}],"wp:attachment":[{"href":"https:\/\/namaki.fr\/de\/wp-json\/wp\/v2\/media?parent=149398"}],"wp:term":[{"taxonomy":"product_brand","embeddable":true,"href":"https:\/\/namaki.fr\/de\/wp-json\/wp\/v2\/product_brand?post=149398"},{"taxonomy":"product_cat","embeddable":true,"href":"https:\/\/namaki.fr\/de\/wp-json\/wp\/v2\/product_cat?post=149398"},{"taxonomy":"product_tag","embeddable":true,"href":"https:\/\/namaki.fr\/de\/wp-json\/wp\/v2\/product_tag?post=149398"}],"curies":[{"name":"wp","href":"https:\/\/api.w.org\/{rel}","templated":true}]}}