{"id":150222,"date":"2024-07-31T16:42:07","date_gmt":"2024-07-31T14:42:07","guid":{"rendered":"https:\/\/namaki.fr\/?post_type=product&#038;p=150222"},"modified":"2025-05-05T09:50:11","modified_gmt":"2025-05-05T07:50:11","slug":"schminkstift-kinder-einzeln-grun-glitzer","status":"publish","type":"product","link":"https:\/\/namaki.fr\/de\/produit\/crayon-de-maquillage-paillete-unite-vert\/","title":{"rendered":"Glitzer Kinderschminkstift  Einzeln - Gr\u00fcn"},"content":{"rendered":"<p>Von den Lagunen der Tropen bis zum Fluss Amazonas \u2013 begeben Sie sich mit Ihren Liebsten auf eine lange Reise. Dabei werden Sie gr\u00fcnen Tieren und \u00fcppigen Landschaften begegnen. Aber Vorsicht: Mit diesem Kinderschminkstift, der \u00fcber die Haut gleitet (sss), k\u00f6nnen sich noch so harmlose Wesen in Giftschlangen verwandeln...<\/p>\n<ul>\n<li>Gr\u00fcne Farbe: Damit Sie der Natur noch n\u00e4her kommen.<\/li>\n<li>Einfaches Auftragen: Die weiche Textur der Mine, die auf der Basis von BIO-Jojoba\u00f6l formuliert ist, garantiert Ihnen pr\u00e4zise Linien, ohne zu verschmieren.<\/li>\n<li>Hautfreundlich: Unsere Kinderschminkstifte wurden mit der Cosmos Bio-Zertifizierung ausgezeichnet, enthalten nat\u00fcrliche Inhaltsstoffe h\u00f6chster Qualit\u00e4t und wurden dermatologisch getestet.<\/li>\n<li>Einfaches Abschminken: die Kinderschminke l\u00e4sst sich mit Wasser und Seife entfernen.<\/li>\n<li>Umweltbewusst: \u00d6kologisch gestaltete und recycelbare Verpackung.<\/li>\n<\/ul>\n<p>&nbsp;<\/p>","protected":false},"excerpt":{"rendered":"<p>Der gr\u00fcne Glitzerstift kombiniert einen frischen Farbton mit einem Glitzereffekt und erlaubt, zarte und zugleich elektrisierende Kinderschminke zu kreieren. Mit diesem Jumbo-Kinderschminkstift k\u00f6nnen Sie Ihre Reptilien- oder Pflanzen-Kinderschminke aufpeppen.<\/p>","protected":false},"featured_media":150680,"comment_status":"closed","ping_status":"closed","template":"","meta":{"_acf_changed":false},"product_brand":[],"product_cat":[339,35,36,45,46,47,49,51],"product_tag":[],"class_list":{"0":"post-150222","1":"product","2":"type-product","3":"status-publish","4":"has-post-thumbnail","6":"product_cat-crayons-de-maquillage-pailletes","7":"product_cat-maquillage-enfant","8":"product_cat-univers-occasions","9":"product_cat-maquillage-super-heros","10":"product_cat-maquillage-halloween","11":"product_cat-maquillage-feerique","12":"product_cat-maquillage-noel-nouvel-an","13":"product_cat-crayons-maquillage-enfant","15":"first","16":"instock","17":"taxable","18":"shipping-taxable","19":"purchasable","20":"product-type-simple"},"gallery_images":[150681,150853,150953,150952],"acf":[],"_links":{"self":[{"href":"https:\/\/namaki.fr\/de\/wp-json\/wp\/v2\/product\/150222","targetHints":{"allow":["GET"]}}],"collection":[{"href":"https:\/\/namaki.fr\/de\/wp-json\/wp\/v2\/product"}],"about":[{"href":"https:\/\/namaki.fr\/de\/wp-json\/wp\/v2\/types\/product"}],"replies":[{"embeddable":true,"href":"https:\/\/namaki.fr\/de\/wp-json\/wp\/v2\/comments?post=150222"}],"wp:featuredmedia":[{"embeddable":true,"href":"https:\/\/namaki.fr\/de\/wp-json\/wp\/v2\/media\/150680"}],"wp:attachment":[{"href":"https:\/\/namaki.fr\/de\/wp-json\/wp\/v2\/media?parent=150222"}],"wp:term":[{"taxonomy":"product_brand","embeddable":true,"href":"https:\/\/namaki.fr\/de\/wp-json\/wp\/v2\/product_brand?post=150222"},{"taxonomy":"product_cat","embeddable":true,"href":"https:\/\/namaki.fr\/de\/wp-json\/wp\/v2\/product_cat?post=150222"},{"taxonomy":"product_tag","embeddable":true,"href":"https:\/\/namaki.fr\/de\/wp-json\/wp\/v2\/product_tag?post=150222"}],"curies":[{"name":"wp","href":"https:\/\/api.w.org\/{rel}","templated":true}]}}