{"id":150223,"date":"2024-07-31T16:47:29","date_gmt":"2024-07-31T14:47:29","guid":{"rendered":"https:\/\/namaki.fr\/?post_type=product&#038;p=150223"},"modified":"2025-05-05T09:50:01","modified_gmt":"2025-05-05T07:50:01","slug":"glitzer-schminkstift-kinder-einzeln-gold","status":"publish","type":"product","link":"https:\/\/namaki.fr\/de\/produit\/crayon-de-maquillage-paillete-unite-or\/","title":{"rendered":"Glitzer Kinderschminkstift Einzeln - Gold"},"content":{"rendered":"<p>Ob auf den Augenlidern, um den Blick zum Strahlen zu bringen, oder auf den Armen f\u00fcr eine extra Portion Glamour \u2013 mit dem magischen Glitzerstift in Gold ist alles m\u00f6glich. So wird die Haut selbst zu einem Schmuckst\u00fcck, das Sie nie mehr ablegen m\u00fcssen. Wir lieben es!<\/p>\n<ul>\n<li>Goldene Farbe: Bringt Ihr Make-up zum Strahlen.<\/li>\n<li>Einfaches Auftragen: Die weiche Textur der Mine, die auf der Basis von BIO-Jojoba\u00f6l formuliert ist, garantiert Ihnen pr\u00e4zise Linien, ohne zu verschmieren.<\/li>\n<li>Hautfreundlich: Unsere Kinderschminkstifte wurden mit der Cosmos Bio-Zertifizierung ausgezeichnet, enthalten nat\u00fcrliche Inhaltsstoffe h\u00f6chster Qualit\u00e4t und wurden dermatologisch getestet.<\/li>\n<li>Einfaches Abschminken: die Kinderschminke l\u00e4sst sich mit Wasser und Seife entfernen.<\/li>\n<li>Umweltbewusst: \u00d6kologisch gestaltete und recycelbare Verpackung.<\/li>\n<\/ul>\n<p>&nbsp;<\/p>","protected":false},"excerpt":{"rendered":"<p>Dank seiner leichten Handhabung und dem XXL-Perlmutt-Effekt ist der goldene Glitzerstift Ihr treuer Begleiter: er verfeinert Ihr Make-up und bringt Ihre Haut und die Ihrer Liebsten im Licht zum Strahlen.<\/p>","protected":false},"featured_media":150678,"comment_status":"closed","ping_status":"closed","template":"","meta":{"_acf_changed":false},"product_brand":[],"product_cat":[339,35,36,47,48,49,51],"product_tag":[],"class_list":{"0":"post-150223","1":"product","2":"type-product","3":"status-publish","4":"has-post-thumbnail","6":"product_cat-crayons-de-maquillage-pailletes","7":"product_cat-maquillage-enfant","8":"product_cat-univers-occasions","9":"product_cat-maquillage-feerique","10":"product_cat-maquillage-animaux","11":"product_cat-maquillage-noel-nouvel-an","12":"product_cat-crayons-maquillage-enfant","14":"first","15":"instock","16":"taxable","17":"shipping-taxable","18":"purchasable","19":"product-type-simple"},"gallery_images":[150679,150850,150954,153881],"acf":[],"_links":{"self":[{"href":"https:\/\/namaki.fr\/de\/wp-json\/wp\/v2\/product\/150223","targetHints":{"allow":["GET"]}}],"collection":[{"href":"https:\/\/namaki.fr\/de\/wp-json\/wp\/v2\/product"}],"about":[{"href":"https:\/\/namaki.fr\/de\/wp-json\/wp\/v2\/types\/product"}],"replies":[{"embeddable":true,"href":"https:\/\/namaki.fr\/de\/wp-json\/wp\/v2\/comments?post=150223"}],"wp:featuredmedia":[{"embeddable":true,"href":"https:\/\/namaki.fr\/de\/wp-json\/wp\/v2\/media\/150678"}],"wp:attachment":[{"href":"https:\/\/namaki.fr\/de\/wp-json\/wp\/v2\/media?parent=150223"}],"wp:term":[{"taxonomy":"product_brand","embeddable":true,"href":"https:\/\/namaki.fr\/de\/wp-json\/wp\/v2\/product_brand?post=150223"},{"taxonomy":"product_cat","embeddable":true,"href":"https:\/\/namaki.fr\/de\/wp-json\/wp\/v2\/product_cat?post=150223"},{"taxonomy":"product_tag","embeddable":true,"href":"https:\/\/namaki.fr\/de\/wp-json\/wp\/v2\/product_tag?post=150223"}],"curies":[{"name":"wp","href":"https:\/\/api.w.org\/{rel}","templated":true}]}}