{"id":150224,"date":"2024-07-31T16:49:34","date_gmt":"2024-07-31T14:49:34","guid":{"rendered":"https:\/\/namaki.fr\/?post_type=product&#038;p=150224"},"modified":"2025-05-05T09:49:51","modified_gmt":"2025-05-05T07:49:51","slug":"schminkstift-kinder-einzeln-kupfer-glitzer","status":"publish","type":"product","link":"https:\/\/namaki.fr\/de\/produit\/crayon-de-maquillage-paillete-unite-cuivre\/","title":{"rendered":"Glitzer Kinderschminkstift Einzeln - Kupfer"},"content":{"rendered":"<p>Entfachen Sie das Feuer! Energie, Glanz, W\u00e4rme - der Glitzerstift in Kupfer verleiht Ihrem Make-up Charakter. Raubtiere werden wilder, K\u00fcrbisse furchterregender... es sei denn, sie verwandeln sich durch die Magie einer Pyjamaparty in eine fliegende Kutsche bei Sonnenuntergang.<\/p>\n<ul>\n<li>Kupferfarbe: Um Ihr Make-up zum Leuchten zu bringen.<\/li>\n<li>Einfaches Auftragen: Die weiche Textur der Mine, die auf der Basis von BIO-Jojoba\u00f6l formuliert ist, garantiert Ihnen pr\u00e4zise Linien, ohne zu verschmieren.<\/li>\n<li>Hautfreundlich: Unsere Kinderschminkstifte wurden mit der Cosmos Bio-Zertifizierung ausgezeichnet, enthalten nat\u00fcrliche Inhaltsstoffe h\u00f6chster Qualit\u00e4t und wurden dermatologisch getestet.<\/li>\n<li>Einfaches Abschminken: die Kinderschminke l\u00e4sst sich mit Wasser und Seife entfernen.<\/li>\n<li>Umweltbewusst: \u00d6kologisch gestaltete und recycelbare Verpackung.<\/li>\n<\/ul>\n<p>&nbsp;<\/p>","protected":false},"excerpt":{"rendered":"<p>Der kupferfarbene Glitzerstift verbindet gekonnt die Farbe Orange mit dem Metallic-Effekt von Glitter. Mit seiner cremigen Textur, die \u00fcber die Haut gleitet, ist er Ihr Trumpf f\u00fcr zauberhafte K\u00fcrbis-Kinderschminke oder m\u00e4rchenhafte Make-ups.<\/p>","protected":false},"featured_media":150676,"comment_status":"closed","ping_status":"closed","template":"","meta":{"_acf_changed":false},"product_brand":[],"product_cat":[339,35,36,46,47,48,49,51],"product_tag":[],"class_list":{"0":"post-150224","1":"product","2":"type-product","3":"status-publish","4":"has-post-thumbnail","6":"product_cat-crayons-de-maquillage-pailletes","7":"product_cat-maquillage-enfant","8":"product_cat-univers-occasions","9":"product_cat-maquillage-halloween","10":"product_cat-maquillage-feerique","11":"product_cat-maquillage-animaux","12":"product_cat-maquillage-noel-nouvel-an","13":"product_cat-crayons-maquillage-enfant","15":"first","16":"instock","17":"taxable","18":"shipping-taxable","19":"purchasable","20":"product-type-simple"},"gallery_images":[150677,150851,150955,153881],"acf":[],"_links":{"self":[{"href":"https:\/\/namaki.fr\/de\/wp-json\/wp\/v2\/product\/150224","targetHints":{"allow":["GET"]}}],"collection":[{"href":"https:\/\/namaki.fr\/de\/wp-json\/wp\/v2\/product"}],"about":[{"href":"https:\/\/namaki.fr\/de\/wp-json\/wp\/v2\/types\/product"}],"replies":[{"embeddable":true,"href":"https:\/\/namaki.fr\/de\/wp-json\/wp\/v2\/comments?post=150224"}],"wp:featuredmedia":[{"embeddable":true,"href":"https:\/\/namaki.fr\/de\/wp-json\/wp\/v2\/media\/150676"}],"wp:attachment":[{"href":"https:\/\/namaki.fr\/de\/wp-json\/wp\/v2\/media?parent=150224"}],"wp:term":[{"taxonomy":"product_brand","embeddable":true,"href":"https:\/\/namaki.fr\/de\/wp-json\/wp\/v2\/product_brand?post=150224"},{"taxonomy":"product_cat","embeddable":true,"href":"https:\/\/namaki.fr\/de\/wp-json\/wp\/v2\/product_cat?post=150224"},{"taxonomy":"product_tag","embeddable":true,"href":"https:\/\/namaki.fr\/de\/wp-json\/wp\/v2\/product_tag?post=150224"}],"curies":[{"name":"wp","href":"https:\/\/api.w.org\/{rel}","templated":true}]}}