{"id":150225,"date":"2024-07-31T16:50:38","date_gmt":"2024-07-31T14:50:38","guid":{"rendered":"https:\/\/namaki.fr\/?post_type=product&#038;p=150225"},"modified":"2025-05-05T09:49:43","modified_gmt":"2025-05-05T07:49:43","slug":"glitzer-schminkstift-kinder-einzeln-rosa","status":"publish","type":"product","link":"https:\/\/namaki.fr\/de\/produit\/crayon-de-maquillage-paillete-unite-rose\/","title":{"rendered":"Glitzer Kinderschminkstift Einzeln - Pink"},"content":{"rendered":"<p>Ein Lipgloss? Nein, ein Glitzerstift, der Sie auf dem R\u00fccken eines Einhorns zu rosigen Wichteln begleitet, die in H\u00e4usern aus Marshmallows wohnen. Lassen Sie sich von Ihrer Fantasie leiten, und los geht's!<\/p>\n<ul>\n<li>Rosa Farbe: Verleiht Ihrem Make-up Sanftheit.<\/li>\n<li>Einfaches Auftragen: Die weiche Textur der Mine, die auf der Basis von BIO-Jojoba\u00f6l formuliert ist, garantiert Ihnen pr\u00e4zise Linien, ohne zu verschmieren.<\/li>\n<li>Hautfreundlich: Unsere Kinderschminkstifte wurden mit der Cosmos Bio-Zertifizierung ausgezeichnet, enthalten nat\u00fcrliche Inhaltsstoffe h\u00f6chster Qualit\u00e4t und wurden dermatologisch getestet.<\/li>\n<li>Einfaches Abschminken: die Kinderschminke l\u00e4sst sich mit Wasser und Seife entfernen.<\/li>\n<li>Umweltbewusst: \u00d6kologisch gestaltete und recycelbare Verpackung.<\/li>\n<\/ul>\n<p>&nbsp;<\/p>","protected":false},"excerpt":{"rendered":"<p>Der rosafarbene Glitzerstift bringt die Augenlider zum Leuchten, hebt die Wangenknochen hervor und l\u00e4sst Ihre Haut mit einem Glitzereffekt schimmern. Die Zartheit von Rosa und die Magie des Glitzers vereint in einer zartschmelzenden Textur f\u00fcr ein makelloses Finish!<\/p>","protected":false},"featured_media":150674,"comment_status":"closed","ping_status":"closed","template":"","meta":{"_acf_changed":false},"product_brand":[],"product_cat":[339,35,36,47,49,51],"product_tag":[],"class_list":{"0":"post-150225","1":"product","2":"type-product","3":"status-publish","4":"has-post-thumbnail","6":"product_cat-crayons-de-maquillage-pailletes","7":"product_cat-maquillage-enfant","8":"product_cat-univers-occasions","9":"product_cat-maquillage-feerique","10":"product_cat-maquillage-noel-nouvel-an","11":"product_cat-crayons-maquillage-enfant","13":"first","14":"instock","15":"taxable","16":"shipping-taxable","17":"purchasable","18":"product-type-simple"},"gallery_images":[150675,150852,150954,153881],"acf":[],"_links":{"self":[{"href":"https:\/\/namaki.fr\/de\/wp-json\/wp\/v2\/product\/150225","targetHints":{"allow":["GET"]}}],"collection":[{"href":"https:\/\/namaki.fr\/de\/wp-json\/wp\/v2\/product"}],"about":[{"href":"https:\/\/namaki.fr\/de\/wp-json\/wp\/v2\/types\/product"}],"replies":[{"embeddable":true,"href":"https:\/\/namaki.fr\/de\/wp-json\/wp\/v2\/comments?post=150225"}],"wp:featuredmedia":[{"embeddable":true,"href":"https:\/\/namaki.fr\/de\/wp-json\/wp\/v2\/media\/150674"}],"wp:attachment":[{"href":"https:\/\/namaki.fr\/de\/wp-json\/wp\/v2\/media?parent=150225"}],"wp:term":[{"taxonomy":"product_brand","embeddable":true,"href":"https:\/\/namaki.fr\/de\/wp-json\/wp\/v2\/product_brand?post=150225"},{"taxonomy":"product_cat","embeddable":true,"href":"https:\/\/namaki.fr\/de\/wp-json\/wp\/v2\/product_cat?post=150225"},{"taxonomy":"product_tag","embeddable":true,"href":"https:\/\/namaki.fr\/de\/wp-json\/wp\/v2\/product_tag?post=150225"}],"curies":[{"name":"wp","href":"https:\/\/api.w.org\/{rel}","templated":true}]}}