{"id":150226,"date":"2024-07-31T16:51:28","date_gmt":"2024-07-31T14:51:28","guid":{"rendered":"https:\/\/namaki.fr\/?post_type=product&#038;p=150226"},"modified":"2025-08-07T16:20:31","modified_gmt":"2025-08-07T14:20:31","slug":"schminkstift-kinder-einzeln-violett-glitzer","status":"publish","type":"product","link":"https:\/\/namaki.fr\/de\/produit\/crayon-de-maquillage-paillete-unite-violet\/","title":{"rendered":"Glitter Kinderschminkstift Einzeln - Violett"},"content":{"rendered":"<p>Aus Merlins Umhang sind magische Sterne entwichen. Fangen Sie diese schnell ein und bringen Sie Ihre Haut zum Strahlen! Durch einfaches Verwischen mit dem Finger erhalten Sie einen zauberhaften Effekt.<\/p>\n<ul>\n<li>Violette Farbe: Verleiht Ihrem Make-up Magie.<\/li>\n<li>Einfaches Auftragen: Die weiche Textur der Mine, die auf der Basis von BIO-Jojoba\u00f6l formuliert ist, garantiert Ihnen pr\u00e4zise Linien, ohne zu verschmieren.<\/li>\n<li>Hautfreundlich: Unsere Kinderschminkstifte wurden mit der Cosmos Bio-Zertifizierung ausgezeichnet, enthalten nat\u00fcrliche Inhaltsstoffe h\u00f6chster Qualit\u00e4t und wurden dermatologisch getestet.<\/li>\n<li>Einfaches Abschminken: die Kinderschminke l\u00e4sst sich mit Wasser und Seife entfernen.<\/li>\n<li>Umweltbewusst: \u00d6kologisch gestaltete und recycelbare Verpackung.<\/li>\n<\/ul>\n<p>&nbsp;<\/p>","protected":false},"excerpt":{"rendered":"<p>Mit dem violetten Glitzerstift bringen die Augen zum Strahlen. Dank des einfachen Auftragens und der cremigen Textur k\u00f6nnen Sie den Stift von Kopf bis Fu\u00df verwenden, um die Haut wie verzaubert schillern zu lassen.<\/p>","protected":false},"featured_media":150672,"comment_status":"closed","ping_status":"closed","template":"","meta":{"_acf_changed":false},"product_brand":[],"product_cat":[339,35,36,46,47,49,51],"product_tag":[],"class_list":{"0":"post-150226","1":"product","2":"type-product","3":"status-publish","4":"has-post-thumbnail","6":"product_cat-crayons-de-maquillage-pailletes","7":"product_cat-maquillage-enfant","8":"product_cat-univers-occasions","9":"product_cat-maquillage-halloween","10":"product_cat-maquillage-feerique","11":"product_cat-maquillage-noel-nouvel-an","12":"product_cat-crayons-maquillage-enfant","14":"first","15":"instock","16":"taxable","17":"shipping-taxable","18":"purchasable","19":"product-type-simple"},"gallery_images":[150673,150854,150951,150952],"acf":[],"_links":{"self":[{"href":"https:\/\/namaki.fr\/de\/wp-json\/wp\/v2\/product\/150226","targetHints":{"allow":["GET"]}}],"collection":[{"href":"https:\/\/namaki.fr\/de\/wp-json\/wp\/v2\/product"}],"about":[{"href":"https:\/\/namaki.fr\/de\/wp-json\/wp\/v2\/types\/product"}],"replies":[{"embeddable":true,"href":"https:\/\/namaki.fr\/de\/wp-json\/wp\/v2\/comments?post=150226"}],"wp:featuredmedia":[{"embeddable":true,"href":"https:\/\/namaki.fr\/de\/wp-json\/wp\/v2\/media\/150672"}],"wp:attachment":[{"href":"https:\/\/namaki.fr\/de\/wp-json\/wp\/v2\/media?parent=150226"}],"wp:term":[{"taxonomy":"product_brand","embeddable":true,"href":"https:\/\/namaki.fr\/de\/wp-json\/wp\/v2\/product_brand?post=150226"},{"taxonomy":"product_cat","embeddable":true,"href":"https:\/\/namaki.fr\/de\/wp-json\/wp\/v2\/product_cat?post=150226"},{"taxonomy":"product_tag","embeddable":true,"href":"https:\/\/namaki.fr\/de\/wp-json\/wp\/v2\/product_tag?post=150226"}],"curies":[{"name":"wp","href":"https:\/\/api.w.org\/{rel}","templated":true}]}}