{"id":150227,"date":"2024-07-31T16:52:46","date_gmt":"2024-07-31T14:52:46","guid":{"rendered":"https:\/\/namaki.fr\/?post_type=product&#038;p=150227"},"modified":"2026-04-30T14:21:20","modified_gmt":"2026-04-30T12:21:20","slug":"schminkstift-kinder-einzeln-silber-glitzer","status":"publish","type":"product","link":"https:\/\/namaki.fr\/de\/produit\/crayon-de-maquillage-paillete-unite-argent\/","title":{"rendered":"Glitter-Make-up-Stift Einzeln - Silber"},"content":{"rendered":"<p>Ob Sie Ihn als klassischen Schminkstift oder auf dem ganzen K\u00f6rper verwenden \u2013 der funkelnde Glitzerstift macht seinen Tr\u00e4ger zu einem wahren Juwel. So k\u00f6nnen Sie und Ihre Liebsten romantisch im Mondschein leuchten oder aber so mysteri\u00f6s schimmern wie ein Vampir in einer Vollmondnacht. Mit der silbernen Farbe sind Ihrer Fantasie keine Grenzen gesetzt!<\/p>\n<ul>\n<li>Silberfarbe: Bringt das Gesicht zum Gl\u00e4nzen.<\/li>\n<li>Einfaches Auftragen: Die weiche Textur der Mine, die auf der Basis von BIO-Jojoba\u00f6l formuliert ist, garantiert Ihnen pr\u00e4zise Linien, ohne zu verschmieren.<\/li>\n<li>Hautfreundlich: Unsere Kinderschminkstifte wurden mit der Cosmos Bio-Zertifizierung ausgezeichnet, enthalten nat\u00fcrliche Inhaltsstoffe h\u00f6chster Qualit\u00e4t und wurden dermatologisch getestet.<\/li>\n<li>Einfaches Abschminken: die Kinderschminke l\u00e4sst sich mit Wasser und Seife entfernen.<\/li>\n<li>Umweltbewusst: \u00d6kologisch gestaltete und recycelbare Verpackung.<\/li>\n<\/ul>\n<p>&nbsp;<\/p>","protected":false},"excerpt":{"rendered":"<p>Ob Sie eine Ritterr\u00fcstung aus gl\u00e4nzendem Metall, mysteri\u00f6s schimmerndes Mondlicht oder Strassteine auf die Haut Ihrer Liebsten zeichnen m\u00f6chten \u2013 mit dem silbernen Glitzerstift k\u00f6nnen Sie kinderleicht eine m\u00e4rchenhafte Kinderschminke kreieren.<\/p>","protected":false},"featured_media":150670,"comment_status":"closed","ping_status":"closed","template":"","meta":{"_acf_changed":false},"product_brand":[],"product_cat":[339,35,36,45,47,49,51],"product_tag":[],"class_list":{"0":"post-150227","1":"product","2":"type-product","3":"status-publish","4":"has-post-thumbnail","6":"product_cat-crayons-de-maquillage-pailletes","7":"product_cat-maquillage-enfant","8":"product_cat-univers-occasions","9":"product_cat-maquillage-super-heros","10":"product_cat-maquillage-feerique","11":"product_cat-maquillage-noel-nouvel-an","12":"product_cat-crayons-maquillage-enfant","14":"first","15":"instock","16":"taxable","17":"shipping-taxable","18":"purchasable","19":"product-type-simple"},"gallery_images":[150671,150848,150951,150952],"acf":[],"_links":{"self":[{"href":"https:\/\/namaki.fr\/de\/wp-json\/wp\/v2\/product\/150227","targetHints":{"allow":["GET"]}}],"collection":[{"href":"https:\/\/namaki.fr\/de\/wp-json\/wp\/v2\/product"}],"about":[{"href":"https:\/\/namaki.fr\/de\/wp-json\/wp\/v2\/types\/product"}],"replies":[{"embeddable":true,"href":"https:\/\/namaki.fr\/de\/wp-json\/wp\/v2\/comments?post=150227"}],"wp:featuredmedia":[{"embeddable":true,"href":"https:\/\/namaki.fr\/de\/wp-json\/wp\/v2\/media\/150670"}],"wp:attachment":[{"href":"https:\/\/namaki.fr\/de\/wp-json\/wp\/v2\/media?parent=150227"}],"wp:term":[{"taxonomy":"product_brand","embeddable":true,"href":"https:\/\/namaki.fr\/de\/wp-json\/wp\/v2\/product_brand?post=150227"},{"taxonomy":"product_cat","embeddable":true,"href":"https:\/\/namaki.fr\/de\/wp-json\/wp\/v2\/product_cat?post=150227"},{"taxonomy":"product_tag","embeddable":true,"href":"https:\/\/namaki.fr\/de\/wp-json\/wp\/v2\/product_tag?post=150227"}],"curies":[{"name":"wp","href":"https:\/\/api.w.org\/{rel}","templated":true}]}}