{"id":150228,"date":"2024-07-31T16:54:14","date_gmt":"2024-07-31T14:54:14","guid":{"rendered":"https:\/\/namaki.fr\/?post_type=product&#038;p=150228"},"modified":"2026-03-18T13:58:02","modified_gmt":"2026-03-18T12:58:02","slug":"glitzer-schminkstifte-kinder-3-farben-violett-silber-grun","status":"publish","type":"product","link":"https:\/\/namaki.fr\/de\/produit\/crayons-de-maquillage-pailletes-violet-argent-vert\/","title":{"rendered":"Glitzer Kinderschminkstift  - Jumbo | Violett-silber-gr\u00fcn"},"content":{"rendered":"<p>Sie planen eine Pyjamaparty? Oder den gro\u00dfen Auftritt in einem silbernen Partyoutfit? Dieses Trio aus Kinderschminkstiften ist leicht zu handhaben, besitzt eine cremige Textur und bringt Ihre Haut zum Strahlen. Das macht sie zu den perfekten Begleitern f\u00fcr die gro\u00dfe Silvesterparty mit der Familie oder eine Mottoparty mit Freunden.<\/p>\n<ul>\n<li>Einfaches Auftragen: Die weiche Textur der Mine, die auf der Basis von BIO-Jojoba\u00f6l formuliert ist, garantiert Ihnen pr\u00e4zise Linien, ohne zu verschmieren.<\/li>\n<li>Hautfreundlich: Unsere Kinderschminkstifte wurden mit der Cosmos Bio-Zertifizierung ausgezeichnet, enthalten nat\u00fcrliche Inhaltsstoffe h\u00f6chster Qualit\u00e4t und wurden dermatologisch getestet.<\/li>\n<li>Einfaches Abschminken: die Kinderschminke l\u00e4sst sich mit Wasser und Seife entfernen.<\/li>\n<li>Umweltbewusst: \u00d6kologisch gestaltete und recycelbare Verpackung.<\/li>\n<\/ul>\n<p>&nbsp;<\/p>","protected":false},"excerpt":{"rendered":"<p>Das 3-er Set Nacht begleitet Ihre s\u00fc\u00dfesten Tr\u00e4ume. Entdecken Sie mit den Glitzerstiften in Gr\u00fcn, Violett und Silber eine Welt aus Schnee und Eis, in der das Himmelszelt in bunten Farben erstrahlt.<\/p>","protected":false},"featured_media":150656,"comment_status":"closed","ping_status":"closed","template":"","meta":{"_acf_changed":false},"product_brand":[],"product_cat":[339,35,36,47,49,51,294],"product_tag":[328],"class_list":{"0":"post-150228","1":"product","2":"type-product","3":"status-publish","4":"has-post-thumbnail","6":"product_cat-crayons-de-maquillage-pailletes","7":"product_cat-maquillage-enfant","8":"product_cat-univers-occasions","9":"product_cat-maquillage-feerique","10":"product_cat-maquillage-noel-nouvel-an","11":"product_cat-crayons-maquillage-enfant","12":"product_cat-meilleures-ventes-maquillage","13":"product_tag-maquillage-centre-pompidou","15":"first","16":"instock","17":"taxable","18":"shipping-taxable","19":"purchasable","20":"product-type-simple"},"gallery_images":[150659,150847,150951,150660,150658,150952],"acf":[],"_links":{"self":[{"href":"https:\/\/namaki.fr\/de\/wp-json\/wp\/v2\/product\/150228","targetHints":{"allow":["GET"]}}],"collection":[{"href":"https:\/\/namaki.fr\/de\/wp-json\/wp\/v2\/product"}],"about":[{"href":"https:\/\/namaki.fr\/de\/wp-json\/wp\/v2\/types\/product"}],"replies":[{"embeddable":true,"href":"https:\/\/namaki.fr\/de\/wp-json\/wp\/v2\/comments?post=150228"}],"wp:featuredmedia":[{"embeddable":true,"href":"https:\/\/namaki.fr\/de\/wp-json\/wp\/v2\/media\/150656"}],"wp:attachment":[{"href":"https:\/\/namaki.fr\/de\/wp-json\/wp\/v2\/media?parent=150228"}],"wp:term":[{"taxonomy":"product_brand","embeddable":true,"href":"https:\/\/namaki.fr\/de\/wp-json\/wp\/v2\/product_brand?post=150228"},{"taxonomy":"product_cat","embeddable":true,"href":"https:\/\/namaki.fr\/de\/wp-json\/wp\/v2\/product_cat?post=150228"},{"taxonomy":"product_tag","embeddable":true,"href":"https:\/\/namaki.fr\/de\/wp-json\/wp\/v2\/product_tag?post=150228"}],"curies":[{"name":"wp","href":"https:\/\/api.w.org\/{rel}","templated":true}]}}