{"id":152871,"date":"2024-10-11T16:03:38","date_gmt":"2024-10-11T14:03:38","guid":{"rendered":"https:\/\/namaki.fr\/?post_type=product&#038;p=152871"},"modified":"2025-08-07T16:19:45","modified_gmt":"2025-08-07T14:19:45","slug":"schminkkoffer-kinder-feenzauber-mondschein","status":"publish","type":"product","link":"https:\/\/namaki.fr\/de\/produit\/coffret-de-maquillage-royaume-feerique-clair-de-lune\/","title":{"rendered":"Schminkkoffer Kinder \u2013 Feenzauber Mondschein"},"content":{"rendered":"<p>Tauchen Sie ein in diese zarte und poetische Geschenkbox, die sich ideal als originelles und kreatives Geschenk eignet. Ob Sie die Fantasie Ihrer Kinder anregen oder einem Outfit einen festlichen Touch verleihen wollen \u2013 dieses Schminkset ist die perfekte Wahl. Die Lidschattenpalette, der rosafarbene Glitzer-Lipgloss und die Kindernagellacke in Lavendelblau und Koralle erg\u00e4nzen sich perfekt, um harmonische Looks zu kreieren. Ein Geschenk, das die Augen zum Leuchten bringt und f\u00fcr jede Menge Spa\u00df sorgt!<\/p>\n<ul>\n<li>All-in-One: Die Bestseller in einem Schminkkoffer vereint<\/li>\n<li>Gesundheitsschonend: nat\u00fcrliche und biologische Formulierungen und die Cosmos Organic-Zertifizierung<em> (<\/em>au\u00dfer Nagellack) garantieren Ihnen eine sichere Verwendung<\/li>\n<li>Engagement f\u00fcr die Umwelt: umweltfreundliche und recycelbare Verpackung.<\/li>\n<li>Das kleine +: Perfekte Geschenkidee, mit der Sie f\u00fcr kreative und m\u00e4rchenhafte Momente sorgen.<\/li>\n<\/ul>\n<p>&nbsp;<\/p>","protected":false},"excerpt":{"rendered":"<p>Betreten Sie eine bezaubernde Welt mit unserem Schminkset, das von den Farben der Abendd\u00e4mmerung inspiriert ist. Diese Box vereint die Essentials aus unserem Sortiment der Kosmetik f\u00fcr Kinder \u2013 f\u00fcr glitzernde und elegante Looks. Darin finden Sie eine Lidschattenpalette mit 7 harmonischen, perlmuttfarbenen Nuancen, einen rosafarbenen, glitzernden Lipgloss mit zartem Pfirsichduft und zwei wasserbasierte Kindernagellacke in Lavendelblau und Koralle, die Sie nach Lust und Laune abwechseln oder kombinieren k\u00f6nnen.<\/p>","protected":false},"featured_media":152994,"comment_status":"closed","ping_status":"closed","template":"","meta":{"_acf_changed":false},"product_brand":[],"product_cat":[62,35,36,49],"product_tag":[308],"class_list":{"0":"post-152871","1":"product","2":"type-product","3":"status-publish","4":"has-post-thumbnail","6":"product_cat-trousses-et-coffrets-maquillage-enfant","7":"product_cat-maquillage-enfant","8":"product_cat-univers-occasions","9":"product_cat-maquillage-noel-nouvel-an","10":"product_tag-coffrets-palettes-maquillage-enfant","11":"pa_certifications-vegan","12":"pa_points-forts-les-essentiels-dun-univers","14":"first","15":"instock","16":"taxable","17":"shipping-taxable","18":"purchasable","19":"product-type-simple"},"gallery_images":[152998,153740,153742,152996,152997,153741],"acf":[],"_links":{"self":[{"href":"https:\/\/namaki.fr\/de\/wp-json\/wp\/v2\/product\/152871","targetHints":{"allow":["GET"]}}],"collection":[{"href":"https:\/\/namaki.fr\/de\/wp-json\/wp\/v2\/product"}],"about":[{"href":"https:\/\/namaki.fr\/de\/wp-json\/wp\/v2\/types\/product"}],"replies":[{"embeddable":true,"href":"https:\/\/namaki.fr\/de\/wp-json\/wp\/v2\/comments?post=152871"}],"wp:featuredmedia":[{"embeddable":true,"href":"https:\/\/namaki.fr\/de\/wp-json\/wp\/v2\/media\/152994"}],"wp:attachment":[{"href":"https:\/\/namaki.fr\/de\/wp-json\/wp\/v2\/media?parent=152871"}],"wp:term":[{"taxonomy":"product_brand","embeddable":true,"href":"https:\/\/namaki.fr\/de\/wp-json\/wp\/v2\/product_brand?post=152871"},{"taxonomy":"product_cat","embeddable":true,"href":"https:\/\/namaki.fr\/de\/wp-json\/wp\/v2\/product_cat?post=152871"},{"taxonomy":"product_tag","embeddable":true,"href":"https:\/\/namaki.fr\/de\/wp-json\/wp\/v2\/product_tag?post=152871"}],"curies":[{"name":"wp","href":"https:\/\/api.w.org\/{rel}","templated":true}]}}