{"id":159127,"date":"2025-04-22T09:34:16","date_gmt":"2025-04-22T07:34:16","guid":{"rendered":"https:\/\/namaki.fr\/?post_type=product&#038;p=159127"},"modified":"2025-07-03T11:18:17","modified_gmt":"2025-07-03T09:18:17","slug":"spiegel-kinder-eule","status":"publish","type":"product","link":"https:\/\/namaki.fr\/de\/produit\/miroir-enfant-chouette\/","title":{"rendered":"Kinderspiegel Eule"},"content":{"rendered":"<p>Der Namaki Eulen-Spiegel ist ideal f\u00fcr alle Gelegenheiten, sei es f\u00fcr den t\u00e4glichen Gebrauch oder f\u00fcr besondere Momente mit Freunden. Hier einige Ideen:<\/p>\n<p>- Pyjamaparty-Spa\u00df: Veranstalten Sie eine Pyjamaparty mit Ihren Freunden und verwandeln Sie Ihr Wohnzimmer in einen Schminksalon. Tragen Sie mithilfe dieses Taschenspiegels Haarmascara oder Lipgloss auf. Das ist die ultimative Pyjamaparty!<br \/>\n- Kreatives Make-up: Wenn Sie es lieben, neue Looks zu erfinden, wird dieser Spiegel schnell zu Ihrem Lieblingskomplizen. Er ist perfekt, um die Details Ihres Make-ups zu verfeinern und Ihrer Kreativit\u00e4t freien Lauf zu lassen.<\/p>\n<ul>\n<li>Zartes, farbenfrohes Design<\/li>\n<li>Kleines, kinderfreundliches Format<\/li>\n<\/ul>\n<p>&nbsp;<\/p>","protected":false},"excerpt":{"rendered":"<p>Spieglein, Spieglein an der Wand... Sag mir, wer ist die Eule? Dieser magische Spiegel sieht mit seinem Blumendesign nicht nur h\u00fcbsch aus, er ist auch ultrapraktisch. Er ist kompakt und leicht, was ihn zum perfekten Begleiter f\u00fcr jeden Anlass macht.<\/p>","protected":false},"featured_media":159128,"comment_status":"closed","ping_status":"closed","template":"","meta":{"_acf_changed":false},"product_brand":[],"product_cat":[56,35,36,47,55,76],"product_tag":[],"class_list":{"0":"post-159127","1":"product","2":"type-product","3":"status-publish","4":"has-post-thumbnail","6":"product_cat-accessoires-maquillage","7":"product_cat-maquillage-enfant","8":"product_cat-univers-occasions","9":"product_cat-maquillage-feerique","10":"product_cat-accessoires-maquillage-enfants","11":"product_cat-nouveautes-maquillage","13":"first","14":"instock","15":"taxable","16":"shipping-taxable","17":"purchasable","18":"product-type-simple"},"gallery_images":[159131,160398,159322,159130],"acf":[],"_links":{"self":[{"href":"https:\/\/namaki.fr\/de\/wp-json\/wp\/v2\/product\/159127","targetHints":{"allow":["GET"]}}],"collection":[{"href":"https:\/\/namaki.fr\/de\/wp-json\/wp\/v2\/product"}],"about":[{"href":"https:\/\/namaki.fr\/de\/wp-json\/wp\/v2\/types\/product"}],"replies":[{"embeddable":true,"href":"https:\/\/namaki.fr\/de\/wp-json\/wp\/v2\/comments?post=159127"}],"wp:featuredmedia":[{"embeddable":true,"href":"https:\/\/namaki.fr\/de\/wp-json\/wp\/v2\/media\/159128"}],"wp:attachment":[{"href":"https:\/\/namaki.fr\/de\/wp-json\/wp\/v2\/media?parent=159127"}],"wp:term":[{"taxonomy":"product_brand","embeddable":true,"href":"https:\/\/namaki.fr\/de\/wp-json\/wp\/v2\/product_brand?post=159127"},{"taxonomy":"product_cat","embeddable":true,"href":"https:\/\/namaki.fr\/de\/wp-json\/wp\/v2\/product_cat?post=159127"},{"taxonomy":"product_tag","embeddable":true,"href":"https:\/\/namaki.fr\/de\/wp-json\/wp\/v2\/product_tag?post=159127"}],"curies":[{"name":"wp","href":"https:\/\/api.w.org\/{rel}","templated":true}]}}