{"id":159133,"date":"2025-04-22T10:52:43","date_gmt":"2025-04-22T08:52:43","guid":{"rendered":"https:\/\/namaki.fr\/?post_type=product&#038;p=159133"},"modified":"2025-07-03T11:18:06","modified_gmt":"2025-07-03T09:18:06","slug":"spiegel-kinder-rehkitz","status":"publish","type":"product","link":"https:\/\/namaki.fr\/de\/produit\/miroir-enfant-faon\/","title":{"rendered":"Kinderspiegel Rehkitz"},"content":{"rendered":"<p>Der Namaki Rehkitz-Spiegel ist ideal f\u00fcr alle Gelegenheiten, sei es f\u00fcr den t\u00e4glichen Gebrauch oder f\u00fcr besondere Momente mit Freunden. Hier einige Ideen:<\/p>\n<p>- Pyjamaparty-Spa\u00df: Veranstalten Sie eine Pyjamaparty mit Ihren Freunden und verwandeln Sie Ihr Wohnzimmer in einen Schminksalon. Tragen Sie mit diesem Taschenspiegel Haarmascara oder Glitzerpuder auf. Das ist die ultimative Pyjamaparty!<br \/>\n- Kreatives Make-up: Wenn Sie es lieben, neue Looks zu erfinden, wird dieser Spiegel schnell zu Ihrem Lieblingskomplizen. Er ist perfekt, um die Details Ihres Make-ups zu verfeinern und Ihrer Kreativit\u00e4t freien Lauf zu lassen.<\/p>\n<ul>\n<li>Zartes, farbenfrohes Design<\/li>\n<li>Kleines, kinderfreundliches Format<\/li>\n<\/ul>\n<p>&nbsp;<\/p>","protected":false},"excerpt":{"rendered":"<p>Spieglein, Spieglein an der Wand...Sag mir, wer hat die sch\u00f6nsten Rehaugen? Dieser magische Spiegel ist nicht nur h\u00fcbsch mit seinem farbenfrohen Design, er ist auch superpraktisch. Er ist kompakt und leicht, passt in jede Tasche und ist deshalb der perfekte Begleiter f\u00fcr jeden Anlass.<\/p>","protected":false},"featured_media":159134,"comment_status":"closed","ping_status":"closed","template":"","meta":{"_acf_changed":false},"product_brand":[],"product_cat":[56,35,36,47,55,76],"product_tag":[],"class_list":{"0":"post-159133","1":"product","2":"type-product","3":"status-publish","4":"has-post-thumbnail","6":"product_cat-accessoires-maquillage","7":"product_cat-maquillage-enfant","8":"product_cat-univers-occasions","9":"product_cat-maquillage-feerique","10":"product_cat-accessoires-maquillage-enfants","11":"product_cat-nouveautes-maquillage","13":"first","14":"instock","15":"taxable","16":"shipping-taxable","17":"purchasable","18":"product-type-simple"},"gallery_images":[159137,160397,159320,159136],"acf":[],"_links":{"self":[{"href":"https:\/\/namaki.fr\/de\/wp-json\/wp\/v2\/product\/159133","targetHints":{"allow":["GET"]}}],"collection":[{"href":"https:\/\/namaki.fr\/de\/wp-json\/wp\/v2\/product"}],"about":[{"href":"https:\/\/namaki.fr\/de\/wp-json\/wp\/v2\/types\/product"}],"replies":[{"embeddable":true,"href":"https:\/\/namaki.fr\/de\/wp-json\/wp\/v2\/comments?post=159133"}],"wp:featuredmedia":[{"embeddable":true,"href":"https:\/\/namaki.fr\/de\/wp-json\/wp\/v2\/media\/159134"}],"wp:attachment":[{"href":"https:\/\/namaki.fr\/de\/wp-json\/wp\/v2\/media?parent=159133"}],"wp:term":[{"taxonomy":"product_brand","embeddable":true,"href":"https:\/\/namaki.fr\/de\/wp-json\/wp\/v2\/product_brand?post=159133"},{"taxonomy":"product_cat","embeddable":true,"href":"https:\/\/namaki.fr\/de\/wp-json\/wp\/v2\/product_cat?post=159133"},{"taxonomy":"product_tag","embeddable":true,"href":"https:\/\/namaki.fr\/de\/wp-json\/wp\/v2\/product_tag?post=159133"}],"curies":[{"name":"wp","href":"https:\/\/api.w.org\/{rel}","templated":true}]}}