{"id":161378,"date":"2025-08-19T13:59:56","date_gmt":"2025-08-19T11:59:56","guid":{"rendered":"https:\/\/namaki.fr\/?post_type=product&#038;p=161378"},"modified":"2025-09-15T09:38:31","modified_gmt":"2025-09-15T07:38:31","slug":"dreier-geschenkset-meise-gelb","status":"publish","type":"product","link":"https:\/\/namaki.fr\/de\/produit\/coffret-trio-jaune-mesange\/","title":{"rendered":"Dreier-Geschenkset Gelb \u2013 Meise"},"content":{"rendered":"<p>Dieses Geschenkset ist ideal f\u00fcr alle Anl\u00e4sse: Weihnachten, Geburtstage oder einfach nur, um jemandem eine sch\u00f6ne \u00dcberraschung zu machen. Dieses Set kombiniert Spa\u00df und Hautvertr\u00e4glichkeit f\u00fcr Kinder.<\/p>\n<ul>\n<li>All-in-one: drei Essentials in einem einzigen Set f\u00fcr ein einzigartiges Schminkerlebnis<\/li>\n<li>Gesundheitsfreundlich: Die nat\u00fcrliche und biologische Formulierung und die Cosmos Organic-Zertifizierung garantieren Ihnen eine risikofreie Anwendung.<\/li>\n<li>Umweltschonend: \u00f6kologisch gestaltete Verpackungen<\/li>\n<li>Das kleine Plus: eine spielerische und verantwortungsbewusste Geschenkidee<\/li>\n<\/ul>\n<p>&nbsp;<\/p>","protected":false},"excerpt":{"rendered":"<p>Das Geschenkset \"Meise\" ist wie ein Sonnenstrahl. Es vereint drei Produkte, die Ihren Tag erhellen: einen glitzernden rosa Nagellack, einen Lippenbalsam mit Vanilleduft und einen Spiegel, den Sie \u00fcberallhin mitnehmen k\u00f6nnen. Ein einzigartiges Trio, das Ihren Alltag Glanz verleiht.<\/p>","protected":false},"featured_media":161379,"comment_status":"closed","ping_status":"closed","template":"","meta":{"_acf_changed":false},"product_brand":[],"product_cat":[62,35,36,49,76],"product_tag":[],"class_list":{"0":"post-161378","1":"product","2":"type-product","3":"status-publish","4":"has-post-thumbnail","6":"product_cat-trousses-et-coffrets-maquillage-enfant","7":"product_cat-maquillage-enfant","8":"product_cat-univers-occasions","9":"product_cat-maquillage-noel-nouvel-an","10":"product_cat-nouveautes-maquillage","11":"pa_certifications-vegan","13":"first","14":"instock","15":"taxable","16":"shipping-taxable","17":"purchasable","18":"product-type-simple"},"gallery_images":[161384,161658,160397,161383,161381],"acf":[],"_links":{"self":[{"href":"https:\/\/namaki.fr\/de\/wp-json\/wp\/v2\/product\/161378","targetHints":{"allow":["GET"]}}],"collection":[{"href":"https:\/\/namaki.fr\/de\/wp-json\/wp\/v2\/product"}],"about":[{"href":"https:\/\/namaki.fr\/de\/wp-json\/wp\/v2\/types\/product"}],"replies":[{"embeddable":true,"href":"https:\/\/namaki.fr\/de\/wp-json\/wp\/v2\/comments?post=161378"}],"wp:featuredmedia":[{"embeddable":true,"href":"https:\/\/namaki.fr\/de\/wp-json\/wp\/v2\/media\/161379"}],"wp:attachment":[{"href":"https:\/\/namaki.fr\/de\/wp-json\/wp\/v2\/media?parent=161378"}],"wp:term":[{"taxonomy":"product_brand","embeddable":true,"href":"https:\/\/namaki.fr\/de\/wp-json\/wp\/v2\/product_brand?post=161378"},{"taxonomy":"product_cat","embeddable":true,"href":"https:\/\/namaki.fr\/de\/wp-json\/wp\/v2\/product_cat?post=161378"},{"taxonomy":"product_tag","embeddable":true,"href":"https:\/\/namaki.fr\/de\/wp-json\/wp\/v2\/product_tag?post=161378"}],"curies":[{"name":"wp","href":"https:\/\/api.w.org\/{rel}","templated":true}]}}