{"id":168202,"date":"2026-03-06T11:43:49","date_gmt":"2026-03-06T10:43:49","guid":{"rendered":"https:\/\/namaki.fr\/?post_type=product&#038;p=168202"},"modified":"2026-03-18T15:24:17","modified_gmt":"2026-03-18T14:24:17","slug":"kinderschminke-himmelblau","status":"publish","type":"product","link":"https:\/\/namaki.fr\/de\/produit\/fard-maquillage-enfant-bleu-ciel\/","title":{"rendered":"Wasserbasierte Schminke \u2013 Himmelblau"},"content":{"rendered":"<div class=\"wpb-content-wrapper\"><div data-parent=\"true\" class=\"vc_row row-container\" id=\"row-unique-0\"><div class=\"row limit-width row-parent\"><div class=\"wpb_row row-inner\"><div class=\"wpb_column pos-top pos-center align_left column_parent col-lg-12 single-internal-gutter\"><div class=\"uncol style-light\"  ><div class=\"uncoltable\"><div class=\"uncell no-block-padding\" ><div class=\"uncont\" ><div class=\"uncode_text_column\" ><\/p>\n<ul>\n<li>1. himmelblau Schminke<\/li>\n<li>Hautfreundlich: Dieser Schminkfarben ist stets nach Cosmos Organic zertifiziert und dermatologisch getestet und wurde so entwickelt, dass er hypoallergen und gesundheitlich unbedenklich ist.<\/li>\n<li>Neue Textur: neu formuliert, mit einer sanften und cremigeren Textur, die ein einfacheres Auftragen und deckendere Farben garantiert.<\/li>\n<li>Neuer Becher: Jeder Becher enth\u00e4lt 6 g Inhalt (statt wie bisher 2,5 g).<\/li>\n<li>Einfache Anwendung: Befeuchten Sie den Pinsel lediglich ganz leicht, um das Produkt aufzutragen.<\/li>\n<li>Einfaches Abschminken: l\u00e4sst sich einfach mit Wasser und Seife entfernen.<\/li>\n<li>Sicherheit: Entspricht der CE-Norm f\u00fcr Spielzeug f\u00fcr unbeschwerten Spielspa\u00df.<\/li>\n<li>Umweltfreundlich: \u00f6kologisch sinnvoll gestaltete und recycelbare Verpackung.<\/li>\n<\/ul>\n<p>\n<\/div><\/div><\/div><\/div><\/div><\/div><script id=\"script-row-unique-0\" data-row=\"script-row-unique-0\" type=\"text\/javascript\" class=\"vc_controls\">UNCODE.initRow(document.getElementById(\"row-unique-0\"));<\/script><\/div><\/div><\/div>\n<\/div>","protected":false},"excerpt":{"rendered":"<p>Dank seiner cremigen Textur und der einfachen Anwendung l\u00e4sst sich mit diesem bio-zertifizierten himmelblaue Schminkfarben Make-up im Handumdrehen auftragen. Dank seiner nat\u00fcrlichen Zusammensetzung l\u00e4sst es sich leicht mit Wasser und Seife entfernen.<\/p>","protected":false},"featured_media":168203,"comment_status":"closed","ping_status":"closed","template":"","meta":{"_acf_changed":false},"product_brand":[],"product_cat":[34,36,46,47,75,344],"product_tag":[],"class_list":{"0":"post-168202","1":"product","2":"type-product","3":"status-publish","4":"has-post-thumbnail","6":"product_cat-maquillage-deguisement","7":"product_cat-univers-occasions","8":"product_cat-maquillage-halloween","9":"product_cat-maquillage-feerique","10":"product_cat-nouveautes","11":"product_cat-fards-maquillage-enfants","13":"first","14":"instock","15":"taxable","16":"shipping-taxable","17":"purchasable","18":"product-type-simple"},"gallery_images":[168205,168480,168484,168204],"acf":[],"_links":{"self":[{"href":"https:\/\/namaki.fr\/de\/wp-json\/wp\/v2\/product\/168202","targetHints":{"allow":["GET"]}}],"collection":[{"href":"https:\/\/namaki.fr\/de\/wp-json\/wp\/v2\/product"}],"about":[{"href":"https:\/\/namaki.fr\/de\/wp-json\/wp\/v2\/types\/product"}],"replies":[{"embeddable":true,"href":"https:\/\/namaki.fr\/de\/wp-json\/wp\/v2\/comments?post=168202"}],"wp:featuredmedia":[{"embeddable":true,"href":"https:\/\/namaki.fr\/de\/wp-json\/wp\/v2\/media\/168203"}],"wp:attachment":[{"href":"https:\/\/namaki.fr\/de\/wp-json\/wp\/v2\/media?parent=168202"}],"wp:term":[{"taxonomy":"product_brand","embeddable":true,"href":"https:\/\/namaki.fr\/de\/wp-json\/wp\/v2\/product_brand?post=168202"},{"taxonomy":"product_cat","embeddable":true,"href":"https:\/\/namaki.fr\/de\/wp-json\/wp\/v2\/product_cat?post=168202"},{"taxonomy":"product_tag","embeddable":true,"href":"https:\/\/namaki.fr\/de\/wp-json\/wp\/v2\/product_tag?post=168202"}],"curies":[{"name":"wp","href":"https:\/\/api.w.org\/{rel}","templated":true}]}}