{"id":169173,"date":"2026-04-22T13:52:22","date_gmt":"2026-04-22T11:52:22","guid":{"rendered":"https:\/\/namaki.fr\/?post_type=product&#038;p=169173"},"modified":"2026-04-22T14:02:55","modified_gmt":"2026-04-22T12:02:55","slug":"trousse-scintillante-renard-jaune-vide","status":"publish","type":"product","link":"https:\/\/namaki.fr\/de\/produit\/trousse-scintillante-renard-jaune-vide\/","title":{"rendered":"Trousse scintillante Renard Jaune Vide"},"content":{"rendered":"<div class=\"wpb-content-wrapper\"><div data-parent=\"true\" class=\"vc_row row-container\" id=\"row-unique-0\"><div class=\"row limit-width row-parent\"><div class=\"wpb_row row-inner\"><div class=\"wpb_column pos-top pos-center align_left column_parent col-lg-12 single-internal-gutter\"><div class=\"uncol style-light\"  ><div class=\"uncoltable\"><div class=\"uncell no-block-padding\" ><div class=\"uncont\" ><\/div><\/div><\/div><\/div><\/div><script id=\"script-row-unique-0\" data-row=\"script-row-unique-0\" type=\"text\/javascript\" class=\"vc_controls\">UNCODE.initRow(document.getElementById(\"row-unique-0\"));<\/script><\/div><\/div><\/div>\n<\/div>","protected":false},"excerpt":{"rendered":"<p>Cette trousse jaune vide est id\u00e9ale pour composer vous-m\u00eame des assortiments de produits. \u00c0 la fois esth\u00e9tique et pratique, elle vous permet de s\u00e9lectionner les articles de votre choix afin de cr\u00e9er un cadeau sur-mesure, adapt\u00e9 \u00e0 chaque occasion et \u00e0 chaque envie.<\/p>","protected":false},"featured_media":169174,"comment_status":"closed","ping_status":"closed","template":"","meta":{"_acf_changed":false},"product_brand":[],"product_cat":[56,35,36],"product_tag":[308],"class_list":{"0":"post-169173","1":"product","2":"type-product","3":"status-publish","4":"has-post-thumbnail","6":"product_cat-accessoires-maquillage","7":"product_cat-maquillage-enfant","8":"product_cat-univers-occasions","9":"product_tag-coffrets-palettes-maquillage-enfant","11":"first","12":"instock","13":"taxable","14":"shipping-taxable","15":"purchasable","16":"product-type-simple"},"gallery_images":[169175,132914],"acf":[],"_links":{"self":[{"href":"https:\/\/namaki.fr\/de\/wp-json\/wp\/v2\/product\/169173","targetHints":{"allow":["GET"]}}],"collection":[{"href":"https:\/\/namaki.fr\/de\/wp-json\/wp\/v2\/product"}],"about":[{"href":"https:\/\/namaki.fr\/de\/wp-json\/wp\/v2\/types\/product"}],"replies":[{"embeddable":true,"href":"https:\/\/namaki.fr\/de\/wp-json\/wp\/v2\/comments?post=169173"}],"wp:featuredmedia":[{"embeddable":true,"href":"https:\/\/namaki.fr\/de\/wp-json\/wp\/v2\/media\/169174"}],"wp:attachment":[{"href":"https:\/\/namaki.fr\/de\/wp-json\/wp\/v2\/media?parent=169173"}],"wp:term":[{"taxonomy":"product_brand","embeddable":true,"href":"https:\/\/namaki.fr\/de\/wp-json\/wp\/v2\/product_brand?post=169173"},{"taxonomy":"product_cat","embeddable":true,"href":"https:\/\/namaki.fr\/de\/wp-json\/wp\/v2\/product_cat?post=169173"},{"taxonomy":"product_tag","embeddable":true,"href":"https:\/\/namaki.fr\/de\/wp-json\/wp\/v2\/product_tag?post=169173"}],"curies":[{"name":"wp","href":"https:\/\/api.w.org\/{rel}","templated":true}]}}