{"id":169307,"date":"2026-04-30T15:36:51","date_gmt":"2026-04-30T13:36:51","guid":{"rendered":"https:\/\/namaki.fr\/?post_type=product&#038;p=169307"},"modified":"2026-04-30T16:49:56","modified_gmt":"2026-04-30T14:49:56","slug":"pack-18-vernis-ongles-enfants","status":"publish","type":"product","link":"https:\/\/namaki.fr\/de\/produit\/pack-18-vernis-ongles-enfants\/","title":{"rendered":"Vernis \u00e0 l&rsquo;eau &#8211; 18 couleurs + 1 lime \u00e0 ongles"},"content":{"rendered":"<div class=\"wpb-content-wrapper\"><div data-parent=\"true\" class=\"vc_row row-container\" id=\"row-unique-0\"><div class=\"row limit-width row-parent\"><div class=\"wpb_row row-inner\"><div class=\"wpb_column pos-top pos-center align_left column_parent col-lg-12 single-internal-gutter\"><div class=\"uncol style-light\"  ><div class=\"uncoltable\"><div class=\"uncell no-block-padding\" ><div class=\"uncont\" ><div class=\"uncode_text_column\" ><\/p>\n<ul>\n<li>Einfaches Auftragen: Unser kleiner Pinsel ist speziell f\u00fcr Kindern\u00e4gel entwickelt worden.<\/li>\n<li>Schnell trocknend: In nur wenigen Minuten k\u00f6nnen die Kinder ihre Aktivit\u00e4ten wieder aufnehmen.<\/li>\n<li>R\u00e9sistant \u00e0 l\u2019eau : contrairement \u00e0 certains vernis \u00e0 l\u2019eau, notre vernis r\u00e9siste aux lavages de mains ou si les doigts sont mis \u00e0 la bouche.<\/li>\n<li>Pelable : fini les tracas du dissolvant, notre vernis s\u2019enl\u00e8ve comme un autocollant.<\/li>\n<li>Respectueux de la sant\u00e9 des enfants : notre formule \u00e0 base d\u2019eau exclut les ingr\u00e9dients nocifs tels que parab\u00e8ne, formald\u00e9hyde, phtalate, tolu\u00e8ne et camphre. De plus, il ne contient ni solvant ni odeur d\u00e9sagr\u00e9able.<\/li>\n<\/ul>\n<p>\n<\/div><\/div><\/div><\/div><\/div><\/div><script id=\"script-row-unique-0\" data-row=\"script-row-unique-0\" type=\"text\/javascript\" class=\"vc_controls\">UNCODE.initRow(document.getElementById(\"row-unique-0\"));<\/script><\/div><\/div><\/div>\n<\/div>","protected":false},"excerpt":{"rendered":"<p>Il y en a pour tous les doigts ! Avec ses dix-huit r\u00e9f\u00e9rences, nos vernis \u00e0 ongles vont vous en faire voir de toutes les couleurs. Les enfants jouent avec leur couleur pr\u00e9f\u00e9r\u00e9e ou leur humeur du moment et exp\u00e9rimentent les rendus nacr\u00e9s, paillet\u00e9s et iris\u00e9s.<\/p>","protected":false},"featured_media":169309,"comment_status":"closed","ping_status":"closed","template":"","meta":{"_acf_changed":false},"product_brand":[],"product_cat":[63,35,76],"product_tag":[],"class_list":{"0":"post-169307","1":"product","2":"type-product","3":"status-publish","4":"has-post-thumbnail","6":"product_cat-vernis-eau","7":"product_cat-maquillage-enfant","8":"product_cat-nouveautes-maquillage","10":"first","11":"instock","12":"sale","13":"taxable","14":"shipping-taxable","15":"purchasable","16":"product-type-simple"},"gallery_images":[169308,132868,132891,132931],"acf":[],"_links":{"self":[{"href":"https:\/\/namaki.fr\/de\/wp-json\/wp\/v2\/product\/169307","targetHints":{"allow":["GET"]}}],"collection":[{"href":"https:\/\/namaki.fr\/de\/wp-json\/wp\/v2\/product"}],"about":[{"href":"https:\/\/namaki.fr\/de\/wp-json\/wp\/v2\/types\/product"}],"replies":[{"embeddable":true,"href":"https:\/\/namaki.fr\/de\/wp-json\/wp\/v2\/comments?post=169307"}],"wp:featuredmedia":[{"embeddable":true,"href":"https:\/\/namaki.fr\/de\/wp-json\/wp\/v2\/media\/169309"}],"wp:attachment":[{"href":"https:\/\/namaki.fr\/de\/wp-json\/wp\/v2\/media?parent=169307"}],"wp:term":[{"taxonomy":"product_brand","embeddable":true,"href":"https:\/\/namaki.fr\/de\/wp-json\/wp\/v2\/product_brand?post=169307"},{"taxonomy":"product_cat","embeddable":true,"href":"https:\/\/namaki.fr\/de\/wp-json\/wp\/v2\/product_cat?post=169307"},{"taxonomy":"product_tag","embeddable":true,"href":"https:\/\/namaki.fr\/de\/wp-json\/wp\/v2\/product_tag?post=169307"}],"curies":[{"name":"wp","href":"https:\/\/api.w.org\/{rel}","templated":true}]}}