{"id":3,"date":"2023-06-07T08:46:25","date_gmt":"2023-06-07T06:46:25","guid":{"rendered":"https:\/\/namaki.fr\/?page_id=3"},"modified":"2024-01-08T14:08:58","modified_gmt":"2024-01-08T13:08:58","slug":"privacy-policy","status":"publish","type":"page","link":"https:\/\/namaki.fr\/en\/politique-de-confidentialite\/","title":{"rendered":"Privacy Policy"},"content":{"rendered":"<div class=\"wpb-content-wrapper\"><div data-parent=\"true\" class=\"vc_row row-container\" id=\"row-unique-0\"><div class=\"row limit-width row-parent\"><div class=\"wpb_row row-inner\"><div class=\"wpb_column pos-top pos-center align_left column_parent col-lg-12 single-internal-gutter\"><div class=\"uncol style-light\"  ><div class=\"uncoltable\"><div class=\"uncell no-block-padding\" ><div class=\"uncont\" ><div class=\"vc_custom_heading_wrap\"><div class=\"heading-text el-text\" ><h1 class=\"h2\" ><span>Privacy policy<\/span><\/h1><\/div><div class=\"clear\"><\/div><\/div><div class=\"vc_custom_heading_wrap\"><div class=\"heading-text el-text\" ><h2 class=\"h4\" ><span>My personal information<\/span><\/h2><\/div><div class=\"clear\"><\/div><\/div><div class=\"uncode_text_column\" ><p>The General Data Protection Regulation (GDPR) is a new digital privacy regulation introduced on May 25, 2018. It unifies a wide range of different privacy legislation in the EU into a central set of regulations that protect users in all member states.<\/p>\n<\/div><div class=\"vc_custom_heading_wrap\"><div class=\"heading-text el-text\" ><h3 class=\"h6\" ><span>Data portability rights<\/span><\/h3><\/div><div class=\"clear\"><\/div><\/div><div class=\"uncode_text_column\" ><p>Individuals have the right to transfer their data from one service provider to another. You have the right to request an RGPD report with all your personal information stored on this store.<\/p>\n<\/div><div class=\"vc_custom_heading_wrap\"><div class=\"heading-text el-text\" ><h3 class=\"h6\" ><span>Data portability rights<\/span><\/h3><\/div><div class=\"clear\"><\/div><\/div><div class=\"uncode_text_column\" ><p>Delete your store account and all your personal data. All your addresses, orders and other information will be lost.<\/p>\n<\/div><div class=\"vc_custom_heading_wrap\"><div class=\"heading-text el-text\" ><h3 class=\"h6\" ><span>The right to remain anonymous<\/span><\/h3><\/div><div class=\"clear\"><\/div><\/div><div class=\"uncode_text_column\" ><p>To exercise this right, you must delete your account.<\/p>\n<\/div><div class=\"vc_custom_heading_wrap\"><div class=\"heading-text el-text\" ><h3 class=\"h6\" ><span>Right to information<\/span><\/h3><\/div><div class=\"clear\"><\/div><\/div><div class=\"uncode_text_column\" ><p>This covers all data collection by companies. Individuals must be informed before data is collected.<\/p>\n<\/div><div class=\"vc_custom_heading_wrap\"><div class=\"heading-text el-text\" ><h3 class=\"h6\" ><span>Right to rectification<\/span><\/h3><\/div><div class=\"clear\"><\/div><\/div><div class=\"uncode_text_column\" ><p>You may request the rectification of inaccurate or incomplete information concerning you.<\/p>\n<\/div><div class=\"vc_custom_heading_wrap\"><div class=\"heading-text el-text\" ><h3 class=\"h6\" ><span>Right to restrict processing<\/span><\/h3><\/div><div class=\"clear\"><\/div><\/div><div class=\"uncode_text_column\" ><p>Individuals can request that their data not be used for processing.<\/p>\n<\/div><div class=\"vc_custom_heading_wrap\"><div class=\"heading-text el-text\" ><h3 class=\"h6\" ><span>Right to object<\/span><\/h3><\/div><div class=\"clear\"><\/div><\/div><div class=\"uncode_text_column\" ><p>You may object at any time to an organization using your data. To exercise this right, please contact us.<\/p>\n<\/div><div class=\"vc_custom_heading_wrap\"><div class=\"heading-text el-text\" ><h3 class=\"h6\" ><span>Right to be notified in the event of a data breach<\/span><\/h3><\/div><div class=\"clear\"><\/div><\/div><div class=\"uncode_text_column\" ><p>If there has been a data breach that compromises one of our customers' personal data, you have the right to be informed within 72 hours of the discovery of the breach.<\/p>\n<\/div><div class=\"vc_custom_heading_wrap\"><div class=\"heading-text el-text\" ><h3 class=\"h6\" ><span>Cookie law<\/span><\/h3><\/div><div class=\"clear\"><\/div><\/div><div class=\"uncode_text_column\" ><p>We are obliged to provide you with information on the precise purposes of the cookies used, to give you the possibility of objecting to these cookies and to enable you to change the settings by clicking on a link in the banner.<\/p>\n<\/div><div class=\"vc_custom_heading_wrap\"><div class=\"heading-text el-text\" ><h2 class=\"h4\" ><span>Cookies list<\/span><\/h2><\/div><div class=\"clear\"><\/div><\/div><div class=\"vc_custom_heading_wrap\"><div class=\"heading-text el-text\" ><h3 class=\"h6\" ><span>Functional cookies<\/span><\/h3><\/div><div class=\"clear\"><\/div><\/div><div class=\"uncode_text_column\" ><p>These cookies are necessary for the operation of the site and cannot be deactivated in our systems.<\/p>\n<p><strong>WordPress session cookie<\/strong><br \/>\nEssential for store navigation<\/p>\n<p><strong>RGPD - General Data Protection Regulation<\/strong><br \/>\nTracking choice cookie<\/p>\n<\/div><div class=\"vc_custom_heading_wrap\"><div class=\"heading-text el-text\" ><h3 class=\"h6\" ><span>Performance and statistics cookies<\/span><\/h3><\/div><div class=\"clear\"><\/div><\/div><div class=\"uncode_text_column\" ><p>They enable us to determine the number of visits and sources of traffic to our website, in order to measure and improve performance and assess the relevance of our content. These cookies do not collect any personally identifiable information - all information collected is anonymous.<br \/>\nNone of these cookies are used for advertising purposes.<\/p>\n<p><strong>Google Analytics<\/strong><br \/>\nGoogle tracking cookie<\/p>\n<p><strong>Kyxar Google Tag Manager<\/strong><br \/>\nGoogle tracking cookie<\/p>\n<p><strong>Premium Google Tag Manager<\/strong><br \/>\nGoogle tracking cookie<\/p>\n<\/div><\/div><\/div><\/div><\/div><\/div><script id=\"script-row-unique-0\" data-row=\"script-row-unique-0\" type=\"text\/javascript\" class=\"vc_controls\">UNCODE.initRow(document.getElementById(\"row-unique-0\"));<\/script><\/div><\/div><\/div>\n<\/div>","protected":false},"excerpt":{"rendered":"Politique de confidentialit\u00e9Mes informations personnellesLe R\u00e8glement g\u00e9n\u00e9ral sur la protection des donn\u00e9es (RGPD) est un nouveau r\u00e8glement de confidentialit\u00e9 num\u00e9rique [...]","protected":false},"author":1,"featured_media":0,"parent":0,"menu_order":0,"comment_status":"closed","ping_status":"closed","template":"","meta":{"_acf_changed":false,"footnotes":""},"class_list":["post-3","page","type-page","status-publish","hentry"],"acf":[],"_links":{"self":[{"href":"https:\/\/namaki.fr\/en\/wp-json\/wp\/v2\/pages\/3","targetHints":{"allow":["GET"]}}],"collection":[{"href":"https:\/\/namaki.fr\/en\/wp-json\/wp\/v2\/pages"}],"about":[{"href":"https:\/\/namaki.fr\/en\/wp-json\/wp\/v2\/types\/page"}],"author":[{"embeddable":true,"href":"https:\/\/namaki.fr\/en\/wp-json\/wp\/v2\/users\/1"}],"replies":[{"embeddable":true,"href":"https:\/\/namaki.fr\/en\/wp-json\/wp\/v2\/comments?post=3"}],"version-history":[{"count":0,"href":"https:\/\/namaki.fr\/en\/wp-json\/wp\/v2\/pages\/3\/revisions"}],"wp:attachment":[{"href":"https:\/\/namaki.fr\/en\/wp-json\/wp\/v2\/media?parent=3"}],"curies":[{"name":"wp","href":"https:\/\/api.w.org\/{rel}","templated":true}]}}