{"id":860,"date":"2023-08-26T22:37:35","date_gmt":"2023-08-26T20:37:35","guid":{"rendered":"https:\/\/namaki.fr\/?page_id=860"},"modified":"2025-03-20T14:20:57","modified_gmt":"2025-03-20T13:20:57","slug":"terms-and-conditions-of-sale","status":"publish","type":"page","link":"https:\/\/namaki.fr\/en\/conditions-generales-de-vente\/","title":{"rendered":"Terms &amp; Conditions"},"content":{"rendered":"<div class=\"wpb-content-wrapper\"><div data-parent=\"true\" class=\"vc_row row-container\" id=\"row-unique-0\"><div class=\"row limit-width row-parent\"><div class=\"wpb_row row-inner\"><div class=\"wpb_column pos-top pos-center align_left column_parent col-lg-2 single-internal-gutter\"><div class=\"uncol style-light\"  ><div class=\"uncoltable\"><div class=\"uncell no-block-padding\" ><div class=\"uncont\" ><\/div><\/div><\/div><\/div><\/div><div class=\"wpb_column pos-top pos-center align_left column_parent col-lg-8 single-internal-gutter\"><div class=\"uncol style-light\"  ><div class=\"uncoltable\"><div class=\"uncell no-block-padding\" ><div class=\"uncont\" ><div class=\"vc_custom_heading_wrap\"><div class=\"heading-text el-text\" ><h1 class=\"h2\" ><span>General Sales Conditions (GSC)<\/span><\/h1><\/div><div class=\"clear\"><\/div><\/div><div class=\"vc_custom_heading_wrap\"><div class=\"heading-text el-text\" ><h2 class=\"h4\" ><span>1. Purpose<\/span><\/h2><\/div><div class=\"clear\"><\/div><\/div><div class=\"uncode_text_column\" ><p>These General Terms and Conditions of Sale define the rights and obligations of the parties in connection with the online sale of products offered by NAMAKI COSMETICS.<\/p>\n<\/div><div class=\"vc_custom_heading_wrap\"><div class=\"heading-text el-text\" ><h2 class=\"h4\" ><span>2. Controls<\/span><\/h2><\/div><div class=\"clear\"><\/div><\/div><div class=\"uncode_text_column\" ><\/p>\n<ul>\n<li><strong>Ordering process<\/strong> The order is validated once the customer has confirmed his\/her basket and accepted these GTC. An order confirmation email is then sent to the customer.<\/li>\n<li><strong>Product availability<\/strong> Our product offers are valid as long as they are visible on the site, while stocks last.<\/li>\n<\/ul>\n<p>\n<\/div><div class=\"vc_custom_heading_wrap\"><div class=\"heading-text el-text\" ><h2 class=\"h4\" ><span>3. Awards<\/span><\/h2><\/div><div class=\"clear\"><\/div><\/div><div class=\"uncode_text_column\" ><\/p>\n<ul>\n<li><strong>Price display<\/strong> Our product prices are quoted in euros and include VAT, but exclude shipping costs.<\/li>\n<li><strong>Price changes<\/strong> NAMAKI COSMETICS reserves the right to modify its prices at any time, but the products will be invoiced on the basis of the prices in force at the time the order is registered.<\/li>\n<\/ul>\n<p>\n<\/div><div class=\"vc_custom_heading_wrap\"><div class=\"heading-text el-text\" ><h2 class=\"h4\" ><span>4. Payment<\/span><\/h2><\/div><div class=\"clear\"><\/div><\/div><div class=\"uncode_text_column\" ><\/p>\n<ul>\n<li><strong>Payment methods<\/strong> Payment is due immediately upon ordering, by credit card or other means specified on the site.<\/li>\n<li><strong>Payment security<\/strong> The site uses a secure payment system.<\/li>\n<\/ul>\n<p>\n<\/div><div class=\"vc_custom_heading_wrap\"><div class=\"heading-text el-text\" ><h2 class=\"h4\" ><span>5. Delivery<\/span><\/h2><\/div><div class=\"clear\"><\/div><\/div><div class=\"uncode_text_column\" ><\/p>\n<ul>\n<li><strong>Place of delivery<\/strong> The products are delivered to the delivery address indicated when the order was placed.<\/li>\n<li><strong>Delivery times<\/strong> The times indicated are normal average times and correspond to processing and delivery times.<\/li>\n<li><strong>Delivery charges<\/strong> Delivery charges: Delivery charges are payable by the customer and are indicated before the final validation of the order.<\/li>\n<\/ul>\n<p>\n<\/div><div class=\"vc_custom_heading_wrap\"><div class=\"heading-text el-text\" ><h2 class=\"h4\" ><span>6. Right of withdrawal<\/span><\/h2><\/div><div class=\"clear\"><\/div><\/div><div class=\"uncode_text_column\" ><\/p>\n<ul>\n<li><strong>Withdrawal period<\/strong> The customer has 14 days to exercise his right of withdrawal without having to justify his decision or pay any penalties.<\/li>\n<li><strong>Return policy<\/strong> : Products must be returned at the buyer's expense, and in their original, complete condition, enabling them to be remarketed as new.<\/li>\n<li><strong>Refund<\/strong> From receipt of the returned products and after checking that they are in new condition, reimbursement will be made within 8 working days.<\/li>\n<\/ul>\n<p>\n<\/div><div class=\"vc_custom_heading_wrap\"><div class=\"heading-text el-text\" ><h2 class=\"h4\" ><span>7. Warranties and liability<\/span><\/h2><\/div><div class=\"clear\"><\/div><\/div><div class=\"uncode_text_column\" ><\/p>\n<ul>\n<li><strong>Legal Warranty of Conformity<\/strong> The customer benefits from the legal guarantee of conformity and the guarantee against hidden defects.<\/li>\n<li><strong>Limitation of liability<\/strong> NAMAKI COSMETICS shall not be held liable for non-performance of the contract in the event of stock shortage or unavailability of the product, force majeure, disruption or total or partial strike, in particular of postal services and means of transport and\/or communications.<\/li>\n<\/ul>\n<p>\n<\/div><div class=\"vc_custom_heading_wrap\"><div class=\"heading-text el-text\" ><h2 class=\"h4\" ><span>8. Intellectual Property<\/span><\/h2><\/div><div class=\"clear\"><\/div><\/div><div class=\"uncode_text_column\" ><p>All elements of the NAMAKI COSMETICS site are and remain the exclusive intellectual property of NAMAKI COSMETICS. No one is authorized to reproduce, exploit, rebroadcast, or use for any purpose whatsoever, even partially, elements of the site whether software, visual or audio.<\/p>\n<\/div><div class=\"vc_custom_heading_wrap\"><div class=\"heading-text el-text\" ><h2 class=\"h4\" ><span>9. Personal data<\/span><\/h2><\/div><div class=\"clear\"><\/div><\/div><div class=\"uncode_text_column\" ><p>NAMAKI COSMETICS undertakes to respect the confidentiality of personal data communicated by customers when using the e-commerce site.<\/p>\n<\/div><div class=\"vc_custom_heading_wrap\"><div class=\"heading-text el-text\" ><h2 class=\"h4\" ><span>10. Dispute Resolution<\/span><\/h2><\/div><div class=\"clear\"><\/div><\/div><div class=\"uncode_text_column\" ><p>These conditions of online sale are governed by French law. In the event of a dispute, an amicable solution will be sought before any legal action is taken.<\/p>\n<\/div><\/div><\/div><\/div><\/div><\/div><div class=\"wpb_column pos-top pos-center align_left column_parent col-lg-2 single-internal-gutter\"><div class=\"uncol style-light\"  ><div class=\"uncoltable\"><div class=\"uncell no-block-padding\" ><div class=\"uncont\" ><\/div><\/div><\/div><\/div><\/div><script id=\"script-row-unique-0\" data-row=\"script-row-unique-0\" type=\"text\/javascript\" class=\"vc_controls\">UNCODE.initRow(document.getElementById(\"row-unique-0\"));<\/script><\/div><\/div><\/div>\n<\/div>","protected":false},"excerpt":{"rendered":"Conditions G\u00e9n\u00e9rales de Ventes (CGV)1. ObjetLes pr\u00e9sentes Conditions G\u00e9n\u00e9rales de Vente d\u00e9finissent les droits et obligations des parties dans le [...]","protected":false},"author":1,"featured_media":0,"parent":0,"menu_order":0,"comment_status":"closed","ping_status":"closed","template":"","meta":{"_acf_changed":false,"footnotes":""},"class_list":["post-860","page","type-page","status-publish","hentry"],"acf":[],"_links":{"self":[{"href":"https:\/\/namaki.fr\/en\/wp-json\/wp\/v2\/pages\/860","targetHints":{"allow":["GET"]}}],"collection":[{"href":"https:\/\/namaki.fr\/en\/wp-json\/wp\/v2\/pages"}],"about":[{"href":"https:\/\/namaki.fr\/en\/wp-json\/wp\/v2\/types\/page"}],"author":[{"embeddable":true,"href":"https:\/\/namaki.fr\/en\/wp-json\/wp\/v2\/users\/1"}],"replies":[{"embeddable":true,"href":"https:\/\/namaki.fr\/en\/wp-json\/wp\/v2\/comments?post=860"}],"version-history":[{"count":0,"href":"https:\/\/namaki.fr\/en\/wp-json\/wp\/v2\/pages\/860\/revisions"}],"wp:attachment":[{"href":"https:\/\/namaki.fr\/en\/wp-json\/wp\/v2\/media?parent=860"}],"curies":[{"name":"wp","href":"https:\/\/api.w.org\/{rel}","templated":true}]}}